{"id":57898,"date":"2024-01-12T00:00:00","date_gmt":"2024-01-11T23:00:00","guid":{"rendered":"https:\/\/2025.teleskopshop.ch\/shop\/senza-categoria\/nikon-fernglas-monarch-m5-8x42\/"},"modified":"2025-01-25T13:36:03","modified_gmt":"2025-01-25T12:36:03","slug":"nikon-fernglas-monarch-m5-8x42","status":"publish","type":"product","link":"https:\/\/www.teleskopshop.ch\/it\/shop\/ottica\/binocoli-e-occhiali-da-opera\/binocoli\/binocoli-nikon\/nikon-fernglas-monarch-m5-8x42\/","title":{"rendered":"Binocolo Nikon Monarch M5 8&#215;42"},"content":{"rendered":"<p>Il MONARCH M5 \u00e8 dotato di vetro ED (Extra-low Dispersion), che<br \/>\nAberrazione cromatica corretta. Ci\u00f2 significa che puoi beneficiare di a<br \/>\nvisione chiara ad alta risoluzione. La custodia elegante e maneggevole<br \/>\n\u00e8 leggero, robusto e impermeabile. Grazie al rivestimento multistrato<br \/>\ndi tutte le lenti e prismi, l&#8217;immagine \u00e8 pi\u00f9 luminosa ei colori sono efficaci<br \/>\npi\u00f9 naturale. La compensazione corretta di fase consente a<br \/>\ndisplay ad alto contrasto.<\/p>\n","protected":false},"excerpt":{"rendered":"<p>Il MONARCH M5 \u00e8 dotato di vetro ED (Extra-low Dispersion), che Aberrazione cromatica corretta. Ci\u00f2 significa che puoi beneficiare di a visione chiara ad alta risoluzione. La custodia elegante e maneggevole \u00e8 leggero, robusto e impermeabile. Grazie al rivestimento multistrato di tutte le lenti e prismi, l&#8217;immagine \u00e8 pi\u00f9 luminosa ei colori sono efficaci pi\u00f9 [&hellip;]<\/p>\n","protected":false},"featured_media":11143,"comment_status":"closed","ping_status":"open","template":"","meta":{"_acf_changed":false},"product_brand":[686],"product_cat":[1346,1343,1361,1340],"product_tag":[],"class_list":{"0":"post-57898","1":"product","2":"type-product","3":"status-publish","4":"has-post-thumbnail","6":"product_brand-nikon","7":"product_cat-binocoli","8":"product_cat-binocoli-e-occhiali-da-opera","9":"product_cat-binocoli-nikon","10":"product_cat-ottica","12":"first","13":"instock","14":"taxable","15":"shipping-taxable","16":"purchasable","17":"product-type-simple"},"acf":[],"_links":{"self":[{"href":"https:\/\/www.teleskopshop.ch\/it\/wp-json\/wp\/v2\/product\/57898","targetHints":{"allow":["GET"]}}],"collection":[{"href":"https:\/\/www.teleskopshop.ch\/it\/wp-json\/wp\/v2\/product"}],"about":[{"href":"https:\/\/www.teleskopshop.ch\/it\/wp-json\/wp\/v2\/types\/product"}],"replies":[{"embeddable":true,"href":"https:\/\/www.teleskopshop.ch\/it\/wp-json\/wp\/v2\/comments?post=57898"}],"wp:featuredmedia":[{"embeddable":true,"href":"https:\/\/www.teleskopshop.ch\/it\/wp-json\/wp\/v2\/media\/11143"}],"wp:attachment":[{"href":"https:\/\/www.teleskopshop.ch\/it\/wp-json\/wp\/v2\/media?parent=57898"}],"wp:term":[{"taxonomy":"product_brand","embeddable":true,"href":"https:\/\/www.teleskopshop.ch\/it\/wp-json\/wp\/v2\/product_brand?post=57898"},{"taxonomy":"product_cat","embeddable":true,"href":"https:\/\/www.teleskopshop.ch\/it\/wp-json\/wp\/v2\/product_cat?post=57898"},{"taxonomy":"product_tag","embeddable":true,"href":"https:\/\/www.teleskopshop.ch\/it\/wp-json\/wp\/v2\/product_tag?post=57898"}],"curies":[{"name":"wp","href":"https:\/\/api.w.org\/{rel}","templated":true}]}}