{"id":57762,"date":"2024-01-12T00:00:00","date_gmt":"2024-01-11T23:00:00","guid":{"rendered":"https:\/\/2025.teleskopshop.ch\/shop\/senza-categoria\/canon-fernglas-15-x-50-is-aw\/"},"modified":"2025-01-25T13:40:16","modified_gmt":"2025-01-25T12:40:16","slug":"canon-fernglas-15-x-50-is-aw","status":"publish","type":"product","link":"https:\/\/www.teleskopshop.ch\/it\/shop\/ottica\/binocoli-e-occhiali-da-opera\/binocoli\/binocoli-canon\/canon-fernglas-15-x-50-is-aw\/","title":{"rendered":"Binocolo Canon 15&#215;50 IS AW"},"content":{"rendered":"<p>Binocolo per tutte le stagioni di alta qualit\u00e0 con ingrandimento 15x e Canon<br \/>\nOttica di precisione con stabilizzazione ottica dell&#8217;immagine per immagini nitidissime<br \/>\ne immagini stabili nelle condizioni ambientali pi\u00f9 difficili o durante l&#8217;uso<br \/>\nsul mare.<br \/>\n&#8211; 15 volte pi\u00f9 vicino al soggetto con qualit\u00e0 Canon di prima classe<br \/>\n&#8211; Appositamente progettato per l&#8217;uso in condizioni ambientali difficili<br \/>\n progettato<br \/>\n&#8211; Immagine estremamente stabile con ingrandimento elevato<br \/>\n&#8211; Facile individuazione del soggetto grazie all&#8217;ampio angolo di visione<br \/>\n&#8211; Qualit\u00e0 robusta che si adatta comodamente alla mano<\/p>\n","protected":false},"excerpt":{"rendered":"<p>Binocolo per tutte le stagioni di alta qualit\u00e0 con ingrandimento 15x e Canon Ottica di precisione con stabilizzazione ottica dell&#8217;immagine per immagini nitidissime e immagini stabili nelle condizioni ambientali pi\u00f9 difficili o durante l&#8217;uso sul mare. &#8211; 15 volte pi\u00f9 vicino al soggetto con qualit\u00e0 Canon di prima classe &#8211; Appositamente progettato per l&#8217;uso in [&hellip;]<\/p>\n","protected":false},"featured_media":10623,"comment_status":"closed","ping_status":"open","template":"","meta":{"_acf_changed":false},"product_brand":[685],"product_cat":[1346,1352,1343,1340],"product_tag":[],"class_list":{"0":"post-57762","1":"product","2":"type-product","3":"status-publish","4":"has-post-thumbnail","6":"product_brand-canon","7":"product_cat-binocoli","8":"product_cat-binocoli-canon","9":"product_cat-binocoli-e-occhiali-da-opera","10":"product_cat-ottica","12":"first","13":"instock","14":"taxable","15":"shipping-taxable","16":"purchasable","17":"product-type-simple"},"acf":[],"_links":{"self":[{"href":"https:\/\/www.teleskopshop.ch\/it\/wp-json\/wp\/v2\/product\/57762","targetHints":{"allow":["GET"]}}],"collection":[{"href":"https:\/\/www.teleskopshop.ch\/it\/wp-json\/wp\/v2\/product"}],"about":[{"href":"https:\/\/www.teleskopshop.ch\/it\/wp-json\/wp\/v2\/types\/product"}],"replies":[{"embeddable":true,"href":"https:\/\/www.teleskopshop.ch\/it\/wp-json\/wp\/v2\/comments?post=57762"}],"wp:featuredmedia":[{"embeddable":true,"href":"https:\/\/www.teleskopshop.ch\/it\/wp-json\/wp\/v2\/media\/10623"}],"wp:attachment":[{"href":"https:\/\/www.teleskopshop.ch\/it\/wp-json\/wp\/v2\/media?parent=57762"}],"wp:term":[{"taxonomy":"product_brand","embeddable":true,"href":"https:\/\/www.teleskopshop.ch\/it\/wp-json\/wp\/v2\/product_brand?post=57762"},{"taxonomy":"product_cat","embeddable":true,"href":"https:\/\/www.teleskopshop.ch\/it\/wp-json\/wp\/v2\/product_cat?post=57762"},{"taxonomy":"product_tag","embeddable":true,"href":"https:\/\/www.teleskopshop.ch\/it\/wp-json\/wp\/v2\/product_tag?post=57762"}],"curies":[{"name":"wp","href":"https:\/\/api.w.org\/{rel}","templated":true}]}}