{"id":57705,"date":"2024-01-23T00:00:00","date_gmt":"2024-01-22T23:00:00","guid":{"rendered":"https:\/\/2025.teleskopshop.ch\/shop\/senza-categoria\/celestron-upclose-g2-10x25\/"},"modified":"2025-01-25T13:40:34","modified_gmt":"2025-01-25T12:40:34","slug":"celestron-upclose-g2-10x25","status":"publish","type":"product","link":"https:\/\/www.teleskopshop.ch\/it\/shop\/ottica\/binocoli-e-occhiali-da-opera\/binocoli\/binocoli-celestron\/celestron-upclose-g2-10x25\/","title":{"rendered":"Celestron UpClose G2 10&#215;25"},"content":{"rendered":"<p>binocolo<br \/>\nAbbastanza piccolo per una tasca della giacca, uno zaino o un vano portaoggetti &#8211; e se \u00e8 cos\u00ec<br \/>\n\u00e8 importante, sempre a portata di mano<\/p>\n","protected":false},"excerpt":{"rendered":"<p>binocolo Abbastanza piccolo per una tasca della giacca, uno zaino o un vano portaoggetti &#8211; e se \u00e8 cos\u00ec \u00e8 importante, sempre a portata di mano<\/p>\n","protected":false},"featured_media":11287,"comment_status":"closed","ping_status":"open","template":"","meta":{"_acf_changed":false},"product_brand":[674],"product_cat":[1346,1355,1343,1340],"product_tag":[],"class_list":{"0":"post-57705","1":"product","2":"type-product","3":"status-publish","4":"has-post-thumbnail","6":"product_brand-celestron","7":"product_cat-binocoli","8":"product_cat-binocoli-celestron","9":"product_cat-binocoli-e-occhiali-da-opera","10":"product_cat-ottica","12":"first","13":"instock","14":"taxable","15":"shipping-taxable","16":"purchasable","17":"product-type-simple"},"acf":[],"_links":{"self":[{"href":"https:\/\/www.teleskopshop.ch\/it\/wp-json\/wp\/v2\/product\/57705","targetHints":{"allow":["GET"]}}],"collection":[{"href":"https:\/\/www.teleskopshop.ch\/it\/wp-json\/wp\/v2\/product"}],"about":[{"href":"https:\/\/www.teleskopshop.ch\/it\/wp-json\/wp\/v2\/types\/product"}],"replies":[{"embeddable":true,"href":"https:\/\/www.teleskopshop.ch\/it\/wp-json\/wp\/v2\/comments?post=57705"}],"wp:featuredmedia":[{"embeddable":true,"href":"https:\/\/www.teleskopshop.ch\/it\/wp-json\/wp\/v2\/media\/11287"}],"wp:attachment":[{"href":"https:\/\/www.teleskopshop.ch\/it\/wp-json\/wp\/v2\/media?parent=57705"}],"wp:term":[{"taxonomy":"product_brand","embeddable":true,"href":"https:\/\/www.teleskopshop.ch\/it\/wp-json\/wp\/v2\/product_brand?post=57705"},{"taxonomy":"product_cat","embeddable":true,"href":"https:\/\/www.teleskopshop.ch\/it\/wp-json\/wp\/v2\/product_cat?post=57705"},{"taxonomy":"product_tag","embeddable":true,"href":"https:\/\/www.teleskopshop.ch\/it\/wp-json\/wp\/v2\/product_tag?post=57705"}],"curies":[{"name":"wp","href":"https:\/\/api.w.org\/{rel}","templated":true}]}}