{"id":57665,"date":"2024-01-23T00:00:00","date_gmt":"2024-01-22T23:00:00","guid":{"rendered":"https:\/\/2025.teleskopshop.ch\/shop\/senza-categoria\/celestron-outland-x-8x42\/"},"modified":"2025-01-25T13:40:30","modified_gmt":"2025-01-25T12:40:30","slug":"celestron-outland-x-8x42","status":"publish","type":"product","link":"https:\/\/www.teleskopshop.ch\/it\/shop\/ottica\/binocoli-e-occhiali-da-opera\/binocoli\/binocoli-celestron\/celestron-outland-x-8x42\/","title":{"rendered":"Celestron Outland X 8&#215;42"},"content":{"rendered":"<p>Outland X offre un campo visivo ancora pi\u00f9 ampio, perfetto per<br \/>\nAmanti della natura, birdwatcher e cacciatori di campeggiatori e<br \/>\natleti. I prismi BAK-4 consentono una migliore fedelt\u00e0 dei colori;<br \/>\nle lenti multistrato forniscono un contrasto eccellente e<br \/>\nLuminosit\u00e0.<br \/>\nIl robusto binocolo Outland-X resiste anche ai pi\u00f9 duri<br \/>\ncondizioni al riparo da acqua e nebbia; il riempimento di azoto<br \/>\npreviene l&#8217;appannamento dell&#8217;ottica all&#8217;interno del binocolo. Il binocolo<br \/>\nhanno un alloggiamento corazzato in gomma, un ampio e scorrevole<br \/>\nRullo di messa a fuoco e conchiglie oculari regolabili. Tutto questo \u00e8 per<br \/>\nMassimo comfort racchiuso in un corpo leggero ed ergonomico.<br \/>\nLa fornitura comprende una tracolla e una borsa morbida. il<br \/>\nbinocoli versatili offrono un eccellente rapporto qualit\u00e0-prezzo<br \/>\nrapporto e sono la scelta perfetta per uso esterno.<br \/>\ninformazioni dettagliate<br \/>\nOttica multistrato<br \/>\nImpermeabile e antiappannamento<br \/>\nArmatura protettiva in gomma<br \/>\nConchiglie oculari regolabili<br \/>\nCustodia in neoprene resistente all&#8217;umidit\u00e0<br \/>\nSpecifiche tecniche<br \/>\nDESIGN OTTICO: bordo del tetto<br \/>\nAPERTURA: 42mm<br \/>\nINGRANDIMENTO: 8x<br \/>\nCAMPO VISIVO: 6,8\u00b0<br \/>\nCAMPO VISIVO A 1000 M: 118,7 m<br \/>\nPUNTA DI USCITA: 5,3 mm<br \/>\nRILIEVO OCCHI: 18mm<br \/>\nDISTANZA MINIMA DELLA PULOLA: 56 mm<br \/>\nDISTANZA MASSIMA DELLA PULOLA: 74 mm<br \/>\nFUOCO VICINO: 4,5 m<br \/>\nPRISMI: BaK-4<br \/>\nRIVESTIMENTO: multistrato<br \/>\nIMPERMEABILE: si<br \/>\nPESO: 625 g<\/p>\n","protected":false},"excerpt":{"rendered":"<p>Outland X offre un campo visivo ancora pi\u00f9 ampio, perfetto per Amanti della natura, birdwatcher e cacciatori di campeggiatori e atleti. I prismi BAK-4 consentono una migliore fedelt\u00e0 dei colori; le lenti multistrato forniscono un contrasto eccellente e Luminosit\u00e0. Il robusto binocolo Outland-X resiste anche ai pi\u00f9 duri condizioni al riparo da acqua e nebbia; [&hellip;]<\/p>\n","protected":false},"featured_media":11315,"comment_status":"closed","ping_status":"open","template":"","meta":{"_acf_changed":false},"product_brand":[674],"product_cat":[1346,1355,1343,1340],"product_tag":[],"class_list":{"0":"post-57665","1":"product","2":"type-product","3":"status-publish","4":"has-post-thumbnail","6":"product_brand-celestron","7":"product_cat-binocoli","8":"product_cat-binocoli-celestron","9":"product_cat-binocoli-e-occhiali-da-opera","10":"product_cat-ottica","12":"first","13":"instock","14":"taxable","15":"shipping-taxable","16":"purchasable","17":"product-type-simple"},"acf":[],"_links":{"self":[{"href":"https:\/\/www.teleskopshop.ch\/it\/wp-json\/wp\/v2\/product\/57665","targetHints":{"allow":["GET"]}}],"collection":[{"href":"https:\/\/www.teleskopshop.ch\/it\/wp-json\/wp\/v2\/product"}],"about":[{"href":"https:\/\/www.teleskopshop.ch\/it\/wp-json\/wp\/v2\/types\/product"}],"replies":[{"embeddable":true,"href":"https:\/\/www.teleskopshop.ch\/it\/wp-json\/wp\/v2\/comments?post=57665"}],"wp:featuredmedia":[{"embeddable":true,"href":"https:\/\/www.teleskopshop.ch\/it\/wp-json\/wp\/v2\/media\/11315"}],"wp:attachment":[{"href":"https:\/\/www.teleskopshop.ch\/it\/wp-json\/wp\/v2\/media?parent=57665"}],"wp:term":[{"taxonomy":"product_brand","embeddable":true,"href":"https:\/\/www.teleskopshop.ch\/it\/wp-json\/wp\/v2\/product_brand?post=57665"},{"taxonomy":"product_cat","embeddable":true,"href":"https:\/\/www.teleskopshop.ch\/it\/wp-json\/wp\/v2\/product_cat?post=57665"},{"taxonomy":"product_tag","embeddable":true,"href":"https:\/\/www.teleskopshop.ch\/it\/wp-json\/wp\/v2\/product_tag?post=57665"}],"curies":[{"name":"wp","href":"https:\/\/api.w.org\/{rel}","templated":true}]}}