{"id":57653,"date":"2024-01-23T00:00:00","date_gmt":"2024-01-22T23:00:00","guid":{"rendered":"https:\/\/2025.teleskopshop.ch\/shop\/senza-categoria\/celestron-nature-dx-8x32\/"},"modified":"2025-01-25T13:40:28","modified_gmt":"2025-01-25T12:40:28","slug":"celestron-nature-dx-8x32","status":"publish","type":"product","link":"https:\/\/www.teleskopshop.ch\/it\/shop\/ottica\/binocoli-e-occhiali-da-opera\/binocoli\/binocoli-celestron\/celestron-nature-dx-8x32\/","title":{"rendered":"Celestron Nature DX 8&#215;32"},"content":{"rendered":"<p>Puoi portare con te il binocolo Nature DX con la coscienza a posto<br \/>\nprendi la natura. Anche i modelli pi\u00f9 grandi sono ancora molto trasportabili<br \/>\ne luce. Anche il maltempo non \u00e8 un problema, l&#8217;impermeabile<br \/>\nL&#8217;alloggiamento \u00e8 riempito di azoto ed \u00e8 quindi a prova di nebbia.<br \/>\nNon importa se hai un binocolo con una messa a fuoco estremamente ravvicinata di solo due<br \/>\nmetri o uno ad alto ingrandimento, ce n&#8217;\u00e8 uno per tutti<br \/>\nScopo una natura DX.<\/p>\n","protected":false},"excerpt":{"rendered":"<p>Puoi portare con te il binocolo Nature DX con la coscienza a posto prendi la natura. Anche i modelli pi\u00f9 grandi sono ancora molto trasportabili e luce. Anche il maltempo non \u00e8 un problema, l&#8217;impermeabile L&#8217;alloggiamento \u00e8 riempito di azoto ed \u00e8 quindi a prova di nebbia. Non importa se hai un binocolo con una [&hellip;]<\/p>\n","protected":false},"featured_media":11295,"comment_status":"closed","ping_status":"open","template":"","meta":{"_acf_changed":false},"product_brand":[674],"product_cat":[1346,1355,1343,1340],"product_tag":[],"class_list":{"0":"post-57653","1":"product","2":"type-product","3":"status-publish","4":"has-post-thumbnail","6":"product_brand-celestron","7":"product_cat-binocoli","8":"product_cat-binocoli-celestron","9":"product_cat-binocoli-e-occhiali-da-opera","10":"product_cat-ottica","12":"first","13":"instock","14":"taxable","15":"shipping-taxable","16":"purchasable","17":"product-type-simple"},"acf":[],"_links":{"self":[{"href":"https:\/\/www.teleskopshop.ch\/it\/wp-json\/wp\/v2\/product\/57653","targetHints":{"allow":["GET"]}}],"collection":[{"href":"https:\/\/www.teleskopshop.ch\/it\/wp-json\/wp\/v2\/product"}],"about":[{"href":"https:\/\/www.teleskopshop.ch\/it\/wp-json\/wp\/v2\/types\/product"}],"replies":[{"embeddable":true,"href":"https:\/\/www.teleskopshop.ch\/it\/wp-json\/wp\/v2\/comments?post=57653"}],"wp:featuredmedia":[{"embeddable":true,"href":"https:\/\/www.teleskopshop.ch\/it\/wp-json\/wp\/v2\/media\/11295"}],"wp:attachment":[{"href":"https:\/\/www.teleskopshop.ch\/it\/wp-json\/wp\/v2\/media?parent=57653"}],"wp:term":[{"taxonomy":"product_brand","embeddable":true,"href":"https:\/\/www.teleskopshop.ch\/it\/wp-json\/wp\/v2\/product_brand?post=57653"},{"taxonomy":"product_cat","embeddable":true,"href":"https:\/\/www.teleskopshop.ch\/it\/wp-json\/wp\/v2\/product_cat?post=57653"},{"taxonomy":"product_tag","embeddable":true,"href":"https:\/\/www.teleskopshop.ch\/it\/wp-json\/wp\/v2\/product_tag?post=57653"}],"curies":[{"name":"wp","href":"https:\/\/api.w.org\/{rel}","templated":true}]}}