{"id":57617,"date":"2024-02-05T00:00:00","date_gmt":"2024-02-04T23:00:00","guid":{"rendered":"https:\/\/2025.teleskopshop.ch\/shop\/senza-categoria\/skywatcher-teleskop-starquest-102mc\/"},"modified":"2025-01-25T13:40:37","modified_gmt":"2025-01-25T12:40:37","slug":"skywatcher-teleskop-starquest-102mc","status":"publish","type":"product","link":"https:\/\/www.teleskopshop.ch\/it\/shop\/ottica\/telescopi\/telescopio-per-principianti\/cassegrain-maksutov\/skywatcher-teleskop-starquest-102mc\/","title":{"rendered":"Telescopio SKYWATCHER STARQUEST-102MC"},"content":{"rendered":"<p>La serie SkyWatcher Starquest \u00e8 costituita da una combinazione leggera di telescopi di alta qualit\u00e0 e una pratica montatura equatoriale in un nuovo design. La montatura \u00e8 dotata di 2 potenti giunti e contiene ingranaggi di precisione con una ruota elicoidale dotata di 122 denti in entrambi gli assi per un&#8217;elevata stabilit\u00e0 e un carico utile fino a 3 kg. Una volta allineata la montatura con il polo celeste, \u00e8 possibile seguire facilmente gli oggetti celesti con le onde flessibili di facile utilizzo.<\/p>\n<p>Il set include anche lo Starquest-102MC Maksutov Cassegrain, perfetto per l&#8217;osservazione di stelle binarie, pianeti luminosi e luna con la sua lunga lunghezza focale e l&#8217;alta risoluzione. Il set comprende anche il treppiede in alluminio regolabile in altezza.<\/p>\n<p><strong>Volume di consegna:<\/strong><\/p>\n<ul>\n<li>Testa della cavalcatura Starquest<\/li>\n<li>Contrappeso<\/li>\n<li>Treppiede in alluminio con vassoio per accessori<\/li>\n<li>Skyquest-102MC Telescopio Maksutov Cassegrain<\/li>\n<li>Mirino a luce rossa<\/li>\n<li>Diagonale specchio 90\u00b0 1.25&#8243;<\/li>\n<li>Oculare da 10 mm e 25 mm<\/li>\n<li>Specchi parabolici e specchi secondari rivestiti con rivestimento in quarzo alluminio radiante\u2122 (RAQ),\u2122 con riflettivit\u00e0 fino al 94% e durata e stabilit\u00e0 a lungo termine ottimali<\/li>\n<\/ul>\n<p>GENERALE<\/p>\n<p>Peso di spedizione<br \/>\n8,50 kg<\/p>\n<p>Dimensioni di spedizione<br \/>\n85x36x23cm<\/p>\n<p>OTTICA<\/p>\n<p>Disegno<br \/>\nMaksutov Cassegrain<\/p>\n<p>Lunghezza focale (mm)<br \/>\n1300<\/p>\n<p>Apertura (mm)<br \/>\n102<\/p>\n<p>Rapporto focale<br \/>\nf:12.74<\/p>\n<p>Focheggiatore<br \/>\nMessa a fuoco dello specchio primario<\/p>\n<p>Peso del tubo (kg)<br \/>\n2<\/p>\n<p>MONTARE<\/p>\n<p>Digitare<br \/>\nMontatura equatoriale manuale<\/p>\n<p>Max. Carico utile visivo (kg)<br \/>\n3<\/p>\n<p>Peso totale del montaggio (kg)<br \/>\n4<\/p>\n","protected":false},"excerpt":{"rendered":"<p>RIFRATTORE SKYWATCHER STARQUEST-102MC CON MONTATURA MANUALE EQUATORIALE<\/p>\n","protected":false},"featured_media":11387,"comment_status":"closed","ping_status":"open","template":"","meta":{"_acf_changed":false},"product_brand":[675],"product_cat":[1586,1340,1568,1577],"product_tag":[],"class_list":{"0":"post-57617","1":"product","2":"type-product","3":"status-publish","4":"has-post-thumbnail","6":"product_brand-skywatcher","7":"product_cat-cassegrain-maksutov","8":"product_cat-ottica","9":"product_cat-telescopi","10":"product_cat-telescopio-per-principianti","12":"first","13":"instock","14":"taxable","15":"shipping-taxable","16":"purchasable","17":"product-type-simple"},"acf":[],"_links":{"self":[{"href":"https:\/\/www.teleskopshop.ch\/it\/wp-json\/wp\/v2\/product\/57617","targetHints":{"allow":["GET"]}}],"collection":[{"href":"https:\/\/www.teleskopshop.ch\/it\/wp-json\/wp\/v2\/product"}],"about":[{"href":"https:\/\/www.teleskopshop.ch\/it\/wp-json\/wp\/v2\/types\/product"}],"replies":[{"embeddable":true,"href":"https:\/\/www.teleskopshop.ch\/it\/wp-json\/wp\/v2\/comments?post=57617"}],"wp:featuredmedia":[{"embeddable":true,"href":"https:\/\/www.teleskopshop.ch\/it\/wp-json\/wp\/v2\/media\/11387"}],"wp:attachment":[{"href":"https:\/\/www.teleskopshop.ch\/it\/wp-json\/wp\/v2\/media?parent=57617"}],"wp:term":[{"taxonomy":"product_brand","embeddable":true,"href":"https:\/\/www.teleskopshop.ch\/it\/wp-json\/wp\/v2\/product_brand?post=57617"},{"taxonomy":"product_cat","embeddable":true,"href":"https:\/\/www.teleskopshop.ch\/it\/wp-json\/wp\/v2\/product_cat?post=57617"},{"taxonomy":"product_tag","embeddable":true,"href":"https:\/\/www.teleskopshop.ch\/it\/wp-json\/wp\/v2\/product_tag?post=57617"}],"curies":[{"name":"wp","href":"https:\/\/api.w.org\/{rel}","templated":true}]}}