{"id":56613,"date":"2024-02-16T00:00:00","date_gmt":"2024-02-15T23:00:00","guid":{"rendered":"https:\/\/2025.teleskopshop.ch\/shop\/senza-categoria\/celestron-rasa-v2-optik-28cm-11\/"},"modified":"2025-02-24T10:49:59","modified_gmt":"2025-02-24T09:49:59","slug":"celestron-rasa-v2-optik-28cm-11","status":"publish","type":"product","link":"https:\/\/www.teleskopshop.ch\/it\/shop\/ottica\/telescopi\/tubi-ottici-ota\/celestron-rasa-v2-optik-28cm-11\/","title":{"rendered":"Celestron RASA V2 Optik 28cm, 11&#8243;"},"content":{"rendered":"<p>Linsen mit seltenen Erden zum Ausgleich von Farbfehlern, Koma und<br \/>\nBildfeldebnung<br \/>\nOptimierter, 43,3 mm gro\u00dfer Bildkreis erm\u00f6glicht nadelscharfe Bilder<br \/>\nauch am Rand der gr\u00f6\u00dften astronomischen Kamera-Sensoren, das nutzbare<br \/>\nBildfeld erstreckt sich sogar bis auf 52mm f\u00fcr noch gr\u00f6\u00dfere Sensoren<br \/>\nV2 mit \u00fcberarbeiteten ultrastabilem Fokussiersystem &#8211; minimiert<br \/>\nSpiegelshifting und -verkippung<br \/>\nIntegriertes Luftk\u00fchlungssystem mit leisen, leistungsstarken 12V<br \/>\nMagLev Ventilator mit Staubschutz<br \/>\nG\u00e4ngige Kamera-Adapter (T-Gewinde und M48) f\u00fcr den Anschluss der<br \/>\nmeisten CCD- und DSLR-Kameras im Lieferumfang<br \/>\nBackfokus:      55 mm<br \/>\nBildfeld:     43,3 mm \u00d8 4.0\u00b0<br \/>\nNutzbar:        52 mm<\/p>\n","protected":false},"excerpt":{"rendered":"<p>Vielen Dank f\u00fcr Ihren Besuch bei Teleskopshop.ch. <\/p>\n<p>Es freut uns, Ihnen das Produkt <b>Celestron RASA V2 Optik 28cm, 11&#8243;<\/b> zu den nachfolgenden Konditionen anbieten zu d\u00fcrfen.<\/p>\n","protected":false},"featured_media":12747,"comment_status":"closed","ping_status":"closed","template":"","meta":{"_acf_changed":false},"product_brand":[674],"product_cat":[1340,1568,1610],"product_tag":[],"class_list":{"0":"post-56613","1":"product","2":"type-product","3":"status-publish","4":"has-post-thumbnail","6":"product_brand-celestron","7":"product_cat-ottica","8":"product_cat-telescopi","9":"product_cat-tubi-ottici-ota","11":"first","12":"instock","13":"sale","14":"taxable","15":"shipping-taxable","16":"purchasable","17":"product-type-simple"},"acf":[],"_links":{"self":[{"href":"https:\/\/www.teleskopshop.ch\/it\/wp-json\/wp\/v2\/product\/56613","targetHints":{"allow":["GET"]}}],"collection":[{"href":"https:\/\/www.teleskopshop.ch\/it\/wp-json\/wp\/v2\/product"}],"about":[{"href":"https:\/\/www.teleskopshop.ch\/it\/wp-json\/wp\/v2\/types\/product"}],"replies":[{"embeddable":true,"href":"https:\/\/www.teleskopshop.ch\/it\/wp-json\/wp\/v2\/comments?post=56613"}],"wp:featuredmedia":[{"embeddable":true,"href":"https:\/\/www.teleskopshop.ch\/it\/wp-json\/wp\/v2\/media\/12747"}],"wp:attachment":[{"href":"https:\/\/www.teleskopshop.ch\/it\/wp-json\/wp\/v2\/media?parent=56613"}],"wp:term":[{"taxonomy":"product_brand","embeddable":true,"href":"https:\/\/www.teleskopshop.ch\/it\/wp-json\/wp\/v2\/product_brand?post=56613"},{"taxonomy":"product_cat","embeddable":true,"href":"https:\/\/www.teleskopshop.ch\/it\/wp-json\/wp\/v2\/product_cat?post=56613"},{"taxonomy":"product_tag","embeddable":true,"href":"https:\/\/www.teleskopshop.ch\/it\/wp-json\/wp\/v2\/product_tag?post=56613"}],"curies":[{"name":"wp","href":"https:\/\/api.w.org\/{rel}","templated":true}]}}