{"id":56565,"date":"2024-03-05T00:00:00","date_gmt":"2024-03-04T23:00:00","guid":{"rendered":"https:\/\/2025.teleskopshop.ch\/shop\/senza-categoria\/canon-ef-eos-r-adapter-mit-steuerring\/"},"modified":"2025-01-24T17:09:08","modified_gmt":"2025-01-24T16:09:08","slug":"canon-ef-eos-r-adapter-mit-steuerring","status":"publish","type":"product","link":"https:\/\/www.teleskopshop.ch\/it\/shop\/astronomia-accessori-it\/adattatori\/adattatore-per-fotocamera\/canon-ef-eos-r-adapter-mit-steuerring\/","title":{"rendered":"Canon EF-EOS R Adapter mit Steuerring"},"content":{"rendered":"<p>Der Objektivadapter mit Steuerungsring EF-EOS R bietet dieselbe Adapterfunktion wie der Objektivadapter EF-EOS R und zus\u00e4tzlich dazu einen Objektiv-Steuerring. Dieser Steuerring ist konfigurierbar. Er l\u00e4sst sich ganz intuitiv erreichen und erm\u00f6glicht die manuelle Steuerung verschiedener Funktionen, ohne dabei das Auge von der Kamera zu nehmen.<\/p>\n","protected":false},"excerpt":{"rendered":"<p>Vielen Dank f\u00fcr Ihren Besuch bei Teleskopshop.ch. <\/p>\n<p>Es freut uns, Ihnen das Produkt <b>Canon EF-EOS R Adapter mit Steuerring<\/b> zu den nachfolgenden Konditionen anbieten zu d\u00fcrfen.<\/p>\n","protected":false},"featured_media":12779,"comment_status":"closed","ping_status":"open","template":"","meta":{"_acf_changed":false},"product_brand":[685],"product_cat":[1655,1676,1658],"product_tag":[],"class_list":{"0":"post-56565","1":"product","2":"type-product","3":"status-publish","4":"has-post-thumbnail","6":"product_brand-canon","7":"product_cat-astronomia-accessori-it","8":"product_cat-adattatore-per-fotocamera","9":"product_cat-adattatori","11":"first","12":"instock","13":"taxable","14":"shipping-taxable","15":"purchasable","16":"product-type-simple"},"acf":[],"_links":{"self":[{"href":"https:\/\/www.teleskopshop.ch\/it\/wp-json\/wp\/v2\/product\/56565","targetHints":{"allow":["GET"]}}],"collection":[{"href":"https:\/\/www.teleskopshop.ch\/it\/wp-json\/wp\/v2\/product"}],"about":[{"href":"https:\/\/www.teleskopshop.ch\/it\/wp-json\/wp\/v2\/types\/product"}],"replies":[{"embeddable":true,"href":"https:\/\/www.teleskopshop.ch\/it\/wp-json\/wp\/v2\/comments?post=56565"}],"wp:featuredmedia":[{"embeddable":true,"href":"https:\/\/www.teleskopshop.ch\/it\/wp-json\/wp\/v2\/media\/12779"}],"wp:attachment":[{"href":"https:\/\/www.teleskopshop.ch\/it\/wp-json\/wp\/v2\/media?parent=56565"}],"wp:term":[{"taxonomy":"product_brand","embeddable":true,"href":"https:\/\/www.teleskopshop.ch\/it\/wp-json\/wp\/v2\/product_brand?post=56565"},{"taxonomy":"product_cat","embeddable":true,"href":"https:\/\/www.teleskopshop.ch\/it\/wp-json\/wp\/v2\/product_cat?post=56565"},{"taxonomy":"product_tag","embeddable":true,"href":"https:\/\/www.teleskopshop.ch\/it\/wp-json\/wp\/v2\/product_tag?post=56565"}],"curies":[{"name":"wp","href":"https:\/\/api.w.org\/{rel}","templated":true}]}}