{"id":56550,"date":"2024-03-20T00:00:00","date_gmt":"2024-03-19T23:00:00","guid":{"rendered":"https:\/\/2025.teleskopshop.ch\/shop\/senza-categoria\/baader-triband-sct-8\/"},"modified":"2025-03-03T10:47:11","modified_gmt":"2025-03-03T09:47:11","slug":"baader-triband-sct-8","status":"publish","type":"product","link":"https:\/\/www.teleskopshop.ch\/it\/shop\/ottica\/telescopi\/tubi-ottici-ota\/baader-triband-sct-8\/","title":{"rendered":"Baader Triband-SCT 8&#8243;"},"content":{"rendered":"<p>Triband-SCT&#x27;s sind in den Gr\u00f6\u00dfen 8&quot;, 9\u00bc&quot; und 11&quot; erh\u00e4ltlich.<br \/>\nDie Triband-beschichtete Schmidtplatte ersetzt einen zus\u00e4tzlicher<br \/>\nERF-Energieschutzfilter und erm\u00f6glicht so die hochaufgel\u00f6ste<br \/>\nBeobachtung der Sonne<br \/>\nDie spezielle Triband-ERF Schmidtplatte des Triband-SCT weist folgende<br \/>\nTransmissionsbereiche auf: 380 bis 400 nm, 480 bis 515nm sowie 630 bis<br \/>\n680 nm. Die Transmissionsfenster sind ausgelegt f\u00fcr Kalzium-K,<br \/>\nKontinuum (inkl H-beta und O III), H-alpha und S II.<br \/>\nF\u00fcr die Beobachtung der Sonne in Wei\u00dflicht, H-alpha oder CaK oder f\u00fcr<br \/>\ndie Schmalband-Deep-Sky-Beobachtung sind noch weitere Filter n\u00f6tig.<\/p>\n","protected":false},"excerpt":{"rendered":"<p>Vielen Dank f\u00fcr Ihren Besuch bei Teleskopshop.ch. <\/p>\n<p>Es freut uns, Ihnen das Produkt <b>Baader Triband-SCT 8&#8243;<\/b> zu den nachfolgenden Konditionen anbieten zu d\u00fcrfen.<\/p>\n","protected":false},"featured_media":12795,"comment_status":"closed","ping_status":"closed","template":"","meta":{"_acf_changed":false},"product_brand":[679],"product_cat":[1340,1568,1610],"product_tag":[],"class_list":{"0":"post-56550","1":"product","2":"type-product","3":"status-publish","4":"has-post-thumbnail","6":"product_brand-baader","7":"product_cat-ottica","8":"product_cat-telescopi","9":"product_cat-tubi-ottici-ota","11":"first","12":"instock","13":"sale","14":"taxable","15":"shipping-taxable","16":"purchasable","17":"product-type-simple"},"acf":[],"_links":{"self":[{"href":"https:\/\/www.teleskopshop.ch\/it\/wp-json\/wp\/v2\/product\/56550","targetHints":{"allow":["GET"]}}],"collection":[{"href":"https:\/\/www.teleskopshop.ch\/it\/wp-json\/wp\/v2\/product"}],"about":[{"href":"https:\/\/www.teleskopshop.ch\/it\/wp-json\/wp\/v2\/types\/product"}],"replies":[{"embeddable":true,"href":"https:\/\/www.teleskopshop.ch\/it\/wp-json\/wp\/v2\/comments?post=56550"}],"wp:featuredmedia":[{"embeddable":true,"href":"https:\/\/www.teleskopshop.ch\/it\/wp-json\/wp\/v2\/media\/12795"}],"wp:attachment":[{"href":"https:\/\/www.teleskopshop.ch\/it\/wp-json\/wp\/v2\/media?parent=56550"}],"wp:term":[{"taxonomy":"product_brand","embeddable":true,"href":"https:\/\/www.teleskopshop.ch\/it\/wp-json\/wp\/v2\/product_brand?post=56550"},{"taxonomy":"product_cat","embeddable":true,"href":"https:\/\/www.teleskopshop.ch\/it\/wp-json\/wp\/v2\/product_cat?post=56550"},{"taxonomy":"product_tag","embeddable":true,"href":"https:\/\/www.teleskopshop.ch\/it\/wp-json\/wp\/v2\/product_tag?post=56550"}],"curies":[{"name":"wp","href":"https:\/\/api.w.org\/{rel}","templated":true}]}}