{"id":56544,"date":"2024-03-27T00:00:00","date_gmt":"2024-03-26T23:00:00","guid":{"rendered":"https:\/\/2025.teleskopshop.ch\/shop\/senza-categoria\/celestron-cgx-l-eq-mount-ohne-stativ\/"},"modified":"2025-02-24T10:28:01","modified_gmt":"2025-02-24T09:28:01","slug":"celestron-cgx-l-eq-mount-ohne-stativ","status":"publish","type":"product","link":"https:\/\/www.teleskopshop.ch\/it\/shop\/montature\/montature-go-to\/celestron-cgx-l-eq-mount-ohne-stativ\/","title":{"rendered":"Celestron CGX-L EQ Mount ohne Stativ"},"content":{"rendered":"<p>Parallaktische Montierung. Ideal f\u00fcr die Montage auf einer S\u00e4ule oder<br \/>\nStativ.<br \/>\nNutzlast bis 34kg.<br \/>\nAngefederte Schneckenr\u00e4der mit Zahnriemen, die das Getriebespiel<br \/>\nminimieren.<br \/>\nInterne Verkabelung.<br \/>\nVerbesserte Ergonomie und integrierte Tragegriffe. F\u00fchrt bis zu 20\u00b0<br \/>\nbeiderseits \u00fcber den Meridian nach. Unterst\u00fctzt SkyPortal, WiFi und<br \/>\nStarSense Module.<br \/>\nGewicht der Montierung: 24kg. Ideal f\u00fcr Optiken 9.25&quot; bis 14&quot; f\u00fcr die<br \/>\nBeobachtung und Fotografie.<\/p>\n","protected":false},"excerpt":{"rendered":"<p>Parallaktische Montierung. Ideal f\u00fcr die Montage auf einer S\u00e4ule oder Stativ. Nutzlast bis 34kg. Angefederte Schneckenr\u00e4der mit Zahnriemen, die das Getriebespiel minimieren. Interne Verkabelung. Verbesserte Ergonomie und integrierte Tragegriffe. F\u00fchrt bis zu 20\u00b0 beiderseits \u00fcber den Meridian nach. Unterst\u00fctzt SkyPortal, WiFi und StarSense Module. Gewicht der Montierung: 24kg. Ideal f\u00fcr Optiken 9.25&quot; bis 14&quot; f\u00fcr [&hellip;]<\/p>\n","protected":false},"featured_media":12807,"comment_status":"closed","ping_status":"closed","template":"","meta":{"_acf_changed":false},"product_brand":[674],"product_cat":[1280,1289],"product_tag":[],"class_list":{"0":"post-56544","1":"product","2":"type-product","3":"status-publish","4":"has-post-thumbnail","6":"product_brand-celestron","7":"product_cat-montature","8":"product_cat-montature-go-to","10":"first","11":"instock","12":"sale","13":"taxable","14":"shipping-taxable","15":"purchasable","16":"product-type-simple"},"acf":[],"_links":{"self":[{"href":"https:\/\/www.teleskopshop.ch\/it\/wp-json\/wp\/v2\/product\/56544","targetHints":{"allow":["GET"]}}],"collection":[{"href":"https:\/\/www.teleskopshop.ch\/it\/wp-json\/wp\/v2\/product"}],"about":[{"href":"https:\/\/www.teleskopshop.ch\/it\/wp-json\/wp\/v2\/types\/product"}],"replies":[{"embeddable":true,"href":"https:\/\/www.teleskopshop.ch\/it\/wp-json\/wp\/v2\/comments?post=56544"}],"wp:featuredmedia":[{"embeddable":true,"href":"https:\/\/www.teleskopshop.ch\/it\/wp-json\/wp\/v2\/media\/12807"}],"wp:attachment":[{"href":"https:\/\/www.teleskopshop.ch\/it\/wp-json\/wp\/v2\/media?parent=56544"}],"wp:term":[{"taxonomy":"product_brand","embeddable":true,"href":"https:\/\/www.teleskopshop.ch\/it\/wp-json\/wp\/v2\/product_brand?post=56544"},{"taxonomy":"product_cat","embeddable":true,"href":"https:\/\/www.teleskopshop.ch\/it\/wp-json\/wp\/v2\/product_cat?post=56544"},{"taxonomy":"product_tag","embeddable":true,"href":"https:\/\/www.teleskopshop.ch\/it\/wp-json\/wp\/v2\/product_tag?post=56544"}],"curies":[{"name":"wp","href":"https:\/\/api.w.org\/{rel}","templated":true}]}}