{"id":56226,"date":"2024-09-10T00:00:00","date_gmt":"2024-09-09T22:00:00","guid":{"rendered":"https:\/\/2025.teleskopshop.ch\/shop\/senza-categoria\/pentax-monokular-vm-6x21-wp\/"},"modified":"2025-01-25T13:36:53","modified_gmt":"2025-01-25T12:36:53","slug":"pentax-monokular-vm-6x21-wp","status":"publish","type":"product","link":"https:\/\/www.teleskopshop.ch\/it\/shop\/ottica\/binocoli-e-occhiali-da-opera\/binocoli\/binocoli-pentax\/pentax-monokular-vm-6x21-wp\/","title":{"rendered":"Pentax monoculare VM 6&#215;21 WP"},"content":{"rendered":"<p>Il cannocchiale PENTAX VM 6&#215;21 WP \u00e8 stato appositamente progettato per l&#8217;uso con una sola mano<br \/>\nApplicazione progettata. Ci\u00f2 \u00e8 dovuto al design compatto ed ergonomico<br \/>\nnella mano sinistra cos\u00ec come nella mano destra. Con il nuovo<br \/>\nmeccanismo di messa a fuoco sviluppato, la nitidezza pu\u00f2 essere<br \/>\nfacile da impostare a mano. La distanza minima di messa a fuoco di<br \/>\n70 cm e un ampio campo di messa a fuoco consentono l&#8217;uso in<br \/>\ndiverse situazioni di osservazione &#8211; dall&#8217;ingrandimento<br \/>\npaesaggi lontani all&#8217;osservazione ravvicinata di oggetti pi\u00f9 piccoli.<br \/>\n&#8211; Monoculare compatto con una sola mano<br \/>\n&#8211; Visione chiara e luminosa<br \/>\n&#8211; Custodia impermeabile e lavabile<br \/>\n&#8211; Ampio campo di regolazione della messa a fuoco da 70 cm a infinito, per<br \/>\n Osservazione ravvicinata di oggetti vicini<\/p>\n","protected":false},"excerpt":{"rendered":"<p>Il cannocchiale PENTAX VM 6&#215;21 WP \u00e8 stato appositamente progettato per l&#8217;uso con una sola mano Applicazione progettata. Ci\u00f2 \u00e8 dovuto al design compatto ed ergonomico nella mano sinistra cos\u00ec come nella mano destra. Con il nuovo meccanismo di messa a fuoco sviluppato, la nitidezza pu\u00f2 essere facile da impostare a mano. La distanza minima [&hellip;]<\/p>\n","protected":false},"featured_media":13311,"comment_status":"closed","ping_status":"open","template":"","meta":{"_acf_changed":false},"product_brand":[688],"product_cat":[1346,1343,1370,1340],"product_tag":[],"class_list":{"0":"post-56226","1":"product","2":"type-product","3":"status-publish","4":"has-post-thumbnail","6":"product_brand-pentax","7":"product_cat-binocoli","8":"product_cat-binocoli-e-occhiali-da-opera","9":"product_cat-binocoli-pentax","10":"product_cat-ottica","12":"first","13":"instock","14":"taxable","15":"shipping-taxable","16":"purchasable","17":"product-type-simple"},"acf":[],"_links":{"self":[{"href":"https:\/\/www.teleskopshop.ch\/it\/wp-json\/wp\/v2\/product\/56226","targetHints":{"allow":["GET"]}}],"collection":[{"href":"https:\/\/www.teleskopshop.ch\/it\/wp-json\/wp\/v2\/product"}],"about":[{"href":"https:\/\/www.teleskopshop.ch\/it\/wp-json\/wp\/v2\/types\/product"}],"replies":[{"embeddable":true,"href":"https:\/\/www.teleskopshop.ch\/it\/wp-json\/wp\/v2\/comments?post=56226"}],"wp:featuredmedia":[{"embeddable":true,"href":"https:\/\/www.teleskopshop.ch\/it\/wp-json\/wp\/v2\/media\/13311"}],"wp:attachment":[{"href":"https:\/\/www.teleskopshop.ch\/it\/wp-json\/wp\/v2\/media?parent=56226"}],"wp:term":[{"taxonomy":"product_brand","embeddable":true,"href":"https:\/\/www.teleskopshop.ch\/it\/wp-json\/wp\/v2\/product_brand?post=56226"},{"taxonomy":"product_cat","embeddable":true,"href":"https:\/\/www.teleskopshop.ch\/it\/wp-json\/wp\/v2\/product_cat?post=56226"},{"taxonomy":"product_tag","embeddable":true,"href":"https:\/\/www.teleskopshop.ch\/it\/wp-json\/wp\/v2\/product_tag?post=56226"}],"curies":[{"name":"wp","href":"https:\/\/api.w.org\/{rel}","templated":true}]}}