{"id":56214,"date":"2024-09-10T00:00:00","date_gmt":"2024-09-09T22:00:00","guid":{"rendered":"https:\/\/2025.teleskopshop.ch\/shop\/senza-categoria\/pentax-fernglas-ud-9x21-green\/"},"modified":"2025-01-25T13:37:02","modified_gmt":"2025-01-25T12:37:02","slug":"pentax-fernglas-ud-9x21-green","status":"publish","type":"product","link":"https:\/\/www.teleskopshop.ch\/it\/shop\/ottica\/binocoli-e-occhiali-da-opera\/binocoli\/binocoli-pentax\/pentax-fernglas-ud-9x21-green\/","title":{"rendered":"Binocolo Pentax UD 9&#215;21 Verde"},"content":{"rendered":"<p>Design super compatto e leggero<br \/>\nLa serie PENTAX UD convince per un alloggiamento particolarmente compatto,<br \/>\nche non \u00e8 pi\u00f9 grande del palmo della tua mano e pesa solo circa 195 grammi<br \/>\npesa. Questo rende le PENTAX UD 9X21 e UD 10X21 le pi\u00f9 leggere<br \/>\nBinocolo PENTAX di tutti i tempi. Con l&#8217;esclusiva per l&#8217;UD<br \/>\nIl design sviluppato nella serie permette di inserire facilmente i due binocoli<br \/>\ntienilo in mano e portalo con te in ogni occasione, ad es<br \/>\nOsservare la natura durante i viaggi e le escursioni o durante<br \/>\neventi sportivi, concerti e spettacoli teatrali.<br \/>\nVisione chiara e luminosa<br \/>\nLe lenti multistrato prevengono i forti riflessi e assicurano<br \/>\nuna visione chiara e chiara del soggetto riducendo al minimo<br \/>\nda flare e ghosting.<br \/>\nSulla PENTAX UD 9X21, tutte le superfici riflettenti sono le<br \/>\nElementi ottici con il multistrato &#8220;Full Multi Coating&#8221; per<br \/>\ngarantire una visione particolarmente luminosa del soggetto.<\/p>\n","protected":false},"excerpt":{"rendered":"<p>Design super compatto e leggero La serie PENTAX UD convince per un alloggiamento particolarmente compatto, che non \u00e8 pi\u00f9 grande del palmo della tua mano e pesa solo circa 195 grammi pesa. Questo rende le PENTAX UD 9X21 e UD 10X21 le pi\u00f9 leggere Binocolo PENTAX di tutti i tempi. Con l&#8217;esclusiva per l&#8217;UD Il [&hellip;]<\/p>\n","protected":false},"featured_media":13291,"comment_status":"closed","ping_status":"open","template":"","meta":{"_acf_changed":false},"product_brand":[688],"product_cat":[1346,1343,1370,1340],"product_tag":[],"class_list":{"0":"post-56214","1":"product","2":"type-product","3":"status-publish","4":"has-post-thumbnail","6":"product_brand-pentax","7":"product_cat-binocoli","8":"product_cat-binocoli-e-occhiali-da-opera","9":"product_cat-binocoli-pentax","10":"product_cat-ottica","12":"first","13":"instock","14":"taxable","15":"shipping-taxable","16":"purchasable","17":"product-type-simple"},"acf":[],"_links":{"self":[{"href":"https:\/\/www.teleskopshop.ch\/it\/wp-json\/wp\/v2\/product\/56214","targetHints":{"allow":["GET"]}}],"collection":[{"href":"https:\/\/www.teleskopshop.ch\/it\/wp-json\/wp\/v2\/product"}],"about":[{"href":"https:\/\/www.teleskopshop.ch\/it\/wp-json\/wp\/v2\/types\/product"}],"replies":[{"embeddable":true,"href":"https:\/\/www.teleskopshop.ch\/it\/wp-json\/wp\/v2\/comments?post=56214"}],"wp:featuredmedia":[{"embeddable":true,"href":"https:\/\/www.teleskopshop.ch\/it\/wp-json\/wp\/v2\/media\/13291"}],"wp:attachment":[{"href":"https:\/\/www.teleskopshop.ch\/it\/wp-json\/wp\/v2\/media?parent=56214"}],"wp:term":[{"taxonomy":"product_brand","embeddable":true,"href":"https:\/\/www.teleskopshop.ch\/it\/wp-json\/wp\/v2\/product_brand?post=56214"},{"taxonomy":"product_cat","embeddable":true,"href":"https:\/\/www.teleskopshop.ch\/it\/wp-json\/wp\/v2\/product_cat?post=56214"},{"taxonomy":"product_tag","embeddable":true,"href":"https:\/\/www.teleskopshop.ch\/it\/wp-json\/wp\/v2\/product_tag?post=56214"}],"curies":[{"name":"wp","href":"https:\/\/api.w.org\/{rel}","templated":true}]}}