{"id":56088,"date":"2024-11-06T00:00:00","date_gmt":"2024-11-05T23:00:00","guid":{"rendered":"https:\/\/2025.teleskopshop.ch\/shop\/senza-categoria\/skywatcher-skymax-150-pro-fusion-120i-synscan\/"},"modified":"2025-02-24T10:42:01","modified_gmt":"2025-02-24T09:42:01","slug":"skywatcher-skymax-150-pro-fusion-120i-synscan","status":"publish","type":"product","link":"https:\/\/www.teleskopshop.ch\/it\/shop\/ottica\/telescopi\/maksutov-cassgrain-it\/go-to-maksutov-cassgrain-it\/skywatcher-skymax-150-pro-fusion-120i-synscan\/","title":{"rendered":"SKYWATCHER SKYMAX 150 PRO FUSION 120I SYNSCAN"},"content":{"rendered":"<p><strong>Die Teleskop Optik:<\/strong><\/p>\n<p>Dieses Skywatcher Maksutov Cassegrain Teleskop ist f\u00fcr seine \u00d6ffnung sehr kompakt und leistungsstark und mit seiner hochaufl\u00f6senden mehrfachverg\u00fcteten Optik eignet es sich bei mittlerer bis hoher Aufl\u00f6sung f\u00fcr die Entdeckung von Oberfl\u00e4chendetails auf dem Mond sowie f\u00fcr die Beobachtung von Planeten und Doppelsternen, es zeigt aber auch hellere Deep Sky Objekte. Zudem ist es aber auch sehr gut f\u00fcr die Naturbeobachtung einsetzbar.<\/p>\n<p><strong>Die Montierung:<\/strong><\/p>\n<p>Die Fusion-120i-Montierung von Sky-Watcher kann drahtlos mit Ihrem Smartphone oder Tablet gesteuert werden, indem Sie die kostenlosen Apps SynScan oder SynScan PRO f\u00fcr iOS oder Android verwenden. Die Fusion-120i-Montierung mit integriertem WLAN-Modul erstellt ihr eigenes WLAN-Netzwerk, sodass die Montierung \u00fcberall verwendet werden kann, ohne auf andere WLAN- oder Mobilfunknetze angewiesen zu sein. Nachdem Sie Ihre Koordinaten in die App eingegeben und ein einfaches Ausrichtungsverfahren durchgef\u00fchrt haben, k\u00f6nnen Sie das Universum mithilfe des intuitiven Touchscreen-Men\u00fcs der App aus einer umfangreichen Datenbank mit Himmelsobjekten erkunden. Sie kann auch per Bluetooth oder mit dem mitgelieferten computergest\u00fctzten SynScan-Handset mit einer Datenbank mit \u00fcber 42.900 Objekten gesteuert werden.<br \/>\nDie Fusion-120i ist mit dem integrierten Tragegriff leicht tragbar und verf\u00fcgt gleichzeitig \u00fcber eine betr\u00e4chtliche Nutzlastkapazit\u00e4t von 12 kg. Die Montierung akzeptiert OTAs mit 45-mm- oder 75-mm-Prismenschienen \u00fcber ihren Dual-Fit-Sattel. Die Stromversorgung der Montierung ist vielseitig und kann entweder \u00fcber den internen Lithium-Ionen-Akku oder ein externes 12-V-3-A-Gleichstromnetzteil erfolgen.<\/p>\n<p>Eine Polh\u00f6henwiege wird sp\u00e4ter separat erh\u00e4ltlich sein, um die Montierung im EQ-Modus zu verwenden.<\/p>\n<p><strong>Lieferumfang:<\/strong><\/p>\n<ul>\n<li>150mm Maksutov Cassegrain Teleskop<\/li>\n<li>9&#215;50 Sucher<\/li>\n<li>2\u201c Zenitspiegel<\/li>\n<li>Okular: 28mm 2&#8243; LET<\/li>\n<li>Montageschiene<\/li>\n<li>Parabolspiegel und Sekund\u00e4rspiegel mit Radiant\u2122 Aluminium Quartz (RAQ\u2122) Verg\u00fctung beschichtet, mit bis zu 94% Reflektivit\u00e4t und optimaler Haltbarkeit und Langzeitstabilit\u00e4t<\/li>\n<li>Ein-Arm Aizmutal Montierung<\/li>\n<li>Poh\u00f6henwiege seperat erh\u00e4ltlich<\/li>\n<li>Zuladung: 12kg<\/li>\n<li>Steuerbar \u00fcber Wifi, Bluetooth oder SynScan Handbox<\/li>\n<li>Anschlu\u00dfbuchsen: USB-B, Autoguider ST4; SynScan Handbox, Stromanschlu\u00dfbuchse<\/li>\n<li>SynScan Handbox mit 42900+ gespeichterten Objekten (Messier, NGC, IC Kataloge)<\/li>\n<li>Stromversorgung: Interner wiederaufladbarer Lithium-Ionen-Akku 9,6 V 45 Ah oder 12\u201315 Volt DC 3A exxternes Netzteil (nicht im Lieferumfang enthalten)<\/li>\n<li>Bis zu 10 Stunden Betriebszeit mit interner Batterie<\/li>\n<li>45 mm\/75 mm Dual-Fit Schwalbenschwanzsattel<\/li>\n<li>Antrieb: Schrittmotoren mit Schneckenrad und Schneckengetriebe. Z\u00e4hnezahl 180 (beide Achsen)<\/li>\n<li>Praktischer Tragegriff an der Montierung<\/li>\n<li>inkl. Edelstahlstativ und Zubeh\u00f6rablage<\/li>\n<li>Abmessungen des Montierungskopfes: 335 x 214 x 467 mm<\/li>\n<\/ul>\n","protected":false},"excerpt":{"rendered":"<p>Die Teleskop Optik: Dieses Skywatcher Maksutov Cassegrain Teleskop ist f\u00fcr seine \u00d6ffnung sehr kompakt und leistungsstark und mit seiner hochaufl\u00f6senden mehrfachverg\u00fcteten Optik eignet es sich bei mittlerer bis hoher Aufl\u00f6sung f\u00fcr die Entdeckung von Oberfl\u00e4chendetails auf dem Mond sowie f\u00fcr die Beobachtung von Planeten und Doppelsternen, es zeigt aber auch hellere Deep Sky Objekte. Zudem [&hellip;]<\/p>\n","protected":false},"featured_media":13571,"comment_status":"closed","ping_status":"closed","template":"","meta":{"_acf_changed":false},"product_brand":[675],"product_cat":[1598,1595,1283,1334,1289,1337,1340],"product_tag":[],"class_list":{"0":"post-56088","1":"product","2":"type-product","3":"status-publish","4":"has-post-thumbnail","6":"product_brand-skywatcher","7":"product_cat-go-to-maksutov-cassgrain-it","8":"product_cat-maksutov-cassgrain-it","9":"product_cat-montature-azimutali","10":"product_cat-montature-equatoriali","11":"product_cat-montature-go-to","12":"product_cat-novita-e-promozioni","13":"product_cat-ottica","15":"first","16":"instock","17":"sale","18":"taxable","19":"shipping-taxable","20":"purchasable","21":"product-type-simple"},"acf":[],"_links":{"self":[{"href":"https:\/\/www.teleskopshop.ch\/it\/wp-json\/wp\/v2\/product\/56088","targetHints":{"allow":["GET"]}}],"collection":[{"href":"https:\/\/www.teleskopshop.ch\/it\/wp-json\/wp\/v2\/product"}],"about":[{"href":"https:\/\/www.teleskopshop.ch\/it\/wp-json\/wp\/v2\/types\/product"}],"replies":[{"embeddable":true,"href":"https:\/\/www.teleskopshop.ch\/it\/wp-json\/wp\/v2\/comments?post=56088"}],"wp:featuredmedia":[{"embeddable":true,"href":"https:\/\/www.teleskopshop.ch\/it\/wp-json\/wp\/v2\/media\/13571"}],"wp:attachment":[{"href":"https:\/\/www.teleskopshop.ch\/it\/wp-json\/wp\/v2\/media?parent=56088"}],"wp:term":[{"taxonomy":"product_brand","embeddable":true,"href":"https:\/\/www.teleskopshop.ch\/it\/wp-json\/wp\/v2\/product_brand?post=56088"},{"taxonomy":"product_cat","embeddable":true,"href":"https:\/\/www.teleskopshop.ch\/it\/wp-json\/wp\/v2\/product_cat?post=56088"},{"taxonomy":"product_tag","embeddable":true,"href":"https:\/\/www.teleskopshop.ch\/it\/wp-json\/wp\/v2\/product_tag?post=56088"}],"curies":[{"name":"wp","href":"https:\/\/api.w.org\/{rel}","templated":true}]}}