{"id":56085,"date":"2024-11-06T00:00:00","date_gmt":"2024-11-05T23:00:00","guid":{"rendered":"https:\/\/2025.teleskopshop.ch\/shop\/senza-categoria\/skywatcher-fusion-120i-synscan-montierung\/"},"modified":"2025-03-03T10:41:10","modified_gmt":"2025-03-03T09:41:10","slug":"skywatcher-fusion-120i-synscan-montierung","status":"publish","type":"product","link":"https:\/\/www.teleskopshop.ch\/it\/shop\/montature\/montature-azimutali\/skywatcher-fusion-120i-synscan-montierung\/","title":{"rendered":"SKYWATCHER FUSION-120I SYNSCAN MONTIERUNG"},"content":{"rendered":"<h2>SKYWATCHER COMPUTERGEST\u00dcTZE WIFI-BLUETOOTH GO-TO ALT-AZ MONTIERUNG MIT STATIV<\/h2>\n<p>Die Fusion-120i-Montierung von Sky-Watcher kann drahtlos mit Ihrem Smartphone oder Tablet gesteuert werden, indem Sie die kostenlosen Apps SynScan oder SynScan PRO f\u00fcr iOS oder Android verwenden. Die Fusion-120i-Montierung mit integriertem WLAN-Modul erstellt ihr eigenes WLAN-Netzwerk, sodass die Montierung \u00fcberall verwendet werden kann, ohne auf andere WLAN- oder Mobilfunknetze angewiesen zu sein. Nachdem Sie Ihre Koordinaten in die App eingegeben und ein einfaches Ausrichtungsverfahren durchgef\u00fchrt haben, k\u00f6nnen Sie das Universum mithilfe des intuitiven Touchscreen-Men\u00fcs der App aus einer umfangreichen Datenbank mit Himmelsobjekten erkunden. Sie kann auch per Bluetooth oder mit dem mitgelieferten computergest\u00fctzten SynScan-Handset mit einer Datenbank mit \u00fcber 42.900 Objekten gesteuert werden.<br \/>\nDie Fusion-120i ist mit dem integrierten Tragegriff leicht tragbar und verf\u00fcgt gleichzeitig \u00fcber eine betr\u00e4chtliche Nutzlastkapazit\u00e4t von 12 kg. Die Montierung akzeptiert OTAs mit 45-mm- oder 75-mm-Prismenschienen \u00fcber ihren Dual-Fit-Sattel. Die Stromversorgung der Montierung ist vielseitig und kann entweder \u00fcber den internen Lithium-Ionen-Akku oder ein externes 12-V-3-A-Gleichstromnetzteil erfolgen.<\/p>\n<p>Eine Polh\u00f6henwiege wird sp\u00e4ter separat erh\u00e4ltlich sein, um die Montierung im EQ-Modus zu verwenden.<\/p>\n<ul>\n<li>Ein-Arm Aizmutal Montierung<\/li>\n<li>Poh\u00f6henwiege seperat erh\u00e4ltlich<\/li>\n<li>Zuladung: 12kg<\/li>\n<li>Steuerbar \u00fcber Wifi, Bluetooth oder SynScan Handbox<\/li>\n<li>Anschlu\u00dfbuchsen: USB-B, Autoguider ST4; SynScan Handbox, Stromanschlu\u00dfbuchse<\/li>\n<li>SynScan Handbox mit 42900+ gespeichterten Objekten (Messier, NGC, IC Kataloge)<\/li>\n<li>Stromversorgung: Interner wiederaufladbarer Lithium-Ionen-Akku 9,6 V 45 Ah oder 12\u201315 Volt DC 3A exxternes Netzteil (nicht im Lieferumfang enthalten)<\/li>\n<li>Bis zu 10 Stunden Betriebszeit mit interner Batterie<\/li>\n<li>45 mm\/75 mm Dual-Fit Schwalbenschwanzsattel<\/li>\n<li>Antrieb: Schrittmotoren mit Schneckenrad und Schneckengetriebe. Z\u00e4hnezahl 180 (beide Achsen)<\/li>\n<li>Praktischer Tragegriff an der Montierung<\/li>\n<li>inkl. Edelstahlstativ und Zubeh\u00f6rablage<\/li>\n<li>Abmessungen des Montierungskopfes: 335 x 214 x 467 mm<\/li>\n<li>Gesamtgewicht: 8kg<\/li>\n<\/ul>\n<p>&nbsp;<\/p>\n","protected":false},"excerpt":{"rendered":"<p>SKYWATCHER COMPUTERGEST\u00dcTZE WIFI-BLUETOOTH GO-TO ALT-AZ MONTIERUNG MIT STATIV Die Fusion-120i-Montierung von Sky-Watcher kann drahtlos mit Ihrem Smartphone oder Tablet gesteuert werden, indem Sie die kostenlosen Apps SynScan oder SynScan PRO f\u00fcr iOS oder Android verwenden. Die Fusion-120i-Montierung mit integriertem WLAN-Modul erstellt ihr eigenes WLAN-Netzwerk, sodass die Montierung \u00fcberall verwendet werden kann, ohne auf andere WLAN- [&hellip;]<\/p>\n","protected":false},"featured_media":13555,"comment_status":"closed","ping_status":"closed","template":"","meta":{"_acf_changed":false},"product_brand":[678,675],"product_cat":[1283,1334,1289,1337],"product_tag":[],"class_list":{"0":"post-56085","1":"product","2":"type-product","3":"status-publish","4":"has-post-thumbnail","6":"product_brand-acuter","7":"product_brand-skywatcher","8":"product_cat-montature-azimutali","9":"product_cat-montature-equatoriali","10":"product_cat-montature-go-to","11":"product_cat-novita-e-promozioni","13":"first","14":"instock","15":"sale","16":"taxable","17":"shipping-taxable","18":"purchasable","19":"product-type-simple"},"acf":[],"_links":{"self":[{"href":"https:\/\/www.teleskopshop.ch\/it\/wp-json\/wp\/v2\/product\/56085","targetHints":{"allow":["GET"]}}],"collection":[{"href":"https:\/\/www.teleskopshop.ch\/it\/wp-json\/wp\/v2\/product"}],"about":[{"href":"https:\/\/www.teleskopshop.ch\/it\/wp-json\/wp\/v2\/types\/product"}],"replies":[{"embeddable":true,"href":"https:\/\/www.teleskopshop.ch\/it\/wp-json\/wp\/v2\/comments?post=56085"}],"wp:featuredmedia":[{"embeddable":true,"href":"https:\/\/www.teleskopshop.ch\/it\/wp-json\/wp\/v2\/media\/13555"}],"wp:attachment":[{"href":"https:\/\/www.teleskopshop.ch\/it\/wp-json\/wp\/v2\/media?parent=56085"}],"wp:term":[{"taxonomy":"product_brand","embeddable":true,"href":"https:\/\/www.teleskopshop.ch\/it\/wp-json\/wp\/v2\/product_brand?post=56085"},{"taxonomy":"product_cat","embeddable":true,"href":"https:\/\/www.teleskopshop.ch\/it\/wp-json\/wp\/v2\/product_cat?post=56085"},{"taxonomy":"product_tag","embeddable":true,"href":"https:\/\/www.teleskopshop.ch\/it\/wp-json\/wp\/v2\/product_tag?post=56085"}],"curies":[{"name":"wp","href":"https:\/\/api.w.org\/{rel}","templated":true}]}}