{"id":56076,"date":"2024-11-06T00:00:00","date_gmt":"2024-11-05T23:00:00","guid":{"rendered":"https:\/\/2025.teleskopshop.ch\/shop\/senza-categoria\/skywatcher-wave-gegengewichts-set\/"},"modified":"2025-01-25T13:40:45","modified_gmt":"2025-01-25T12:40:45","slug":"skywatcher-wave-gegengewichts-set","status":"publish","type":"product","link":"https:\/\/www.teleskopshop.ch\/it\/shop\/montature\/accessori\/accessori-meccanici\/skywatcher-wave-gegengewichts-set\/","title":{"rendered":"Telescopio SKYWATCHER STARQUEST-130P (Kopie) (Kopie) (Kopie) (Kopie) (Kopie)"},"content":{"rendered":"<p>La serie SkyWatcher Starquest \u00e8 costituita da una combinazione leggera di telescopi di alta qualit\u00e0 e una pratica montatura equatoriale in un nuovo design. La montatura \u00e8 dotata di 2 potenti giunti e contiene ingranaggi di precisione con una ruota elicoidale dotata di 122 denti in entrambi gli assi per un&#8217;elevata stabilit\u00e0 e un carico utile fino a 3 kg. Una volta allineata la montatura con il polo celeste, \u00e8 possibile seguire facilmente gli oggetti celesti con le onde flessibili di facile utilizzo.<\/p>\n<p>Il set include anche lo Starquest-130P Newton, che con la sua grande apertura e lo specchio parabolico di alta qualit\u00e0 \u00e8 un perfetto tuttofare per l&#8217;osservazione dei pianeti e della luna, nonch\u00e9 di molti oggetti del cielo profondo come galassie e nebulose. Il set comprende anche il treppiede in alluminio regolabile in altezza.<\/p>\n<p><strong>Volume di consegna:<\/strong><\/p>\n<ul>\n<li>Testa della cavalcatura Starquest<\/li>\n<li>Contrappeso<\/li>\n<li>Treppiede in alluminio con vassoio per accessori<\/li>\n<li>Skyquest-130P Telescopio a specchio newtoniano<\/li>\n<li>Mirino a luce rossa<\/li>\n<li>Oculare da 10 mm e 25 mm<\/li>\n<li>Specchi parabolici e specchi secondari rivestiti con rivestimento in quarzo alluminio radiante\u2122 (RAQ),\u2122 con riflettivit\u00e0 fino al 94% e durata e stabilit\u00e0 a lungo termine ottimali<\/li>\n<\/ul>\n<p>GENERALE<\/p>\n<p>Peso di spedizione<br \/>\n11.90kg<\/p>\n<p>Dimensioni di spedizione<br \/>\n96x44x23cm<\/p>\n<p>OTTICA<\/p>\n<p>Disegno<br \/>\nTelescopio riflettore newtoniano<\/p>\n<p>Lunghezza focale (mm)<br \/>\n650<\/p>\n<p>Apertura (mm)<br \/>\n130<\/p>\n<p>Rapporto focale<br \/>\nQ:5.0<\/p>\n<p>Focheggiatore<br \/>\nCavo a pignone e cremagliera da 1,25&#8243;<\/p>\n<p>Peso del tubo (kg)<br \/>\n2.7<\/p>\n<p>MONTARE<\/p>\n<p>Digitare<br \/>\nMontatura equatoriale manuale<\/p>\n<p>Max. Carico utile visivo (kg)<br \/>\n3<\/p>\n<p>Peso totale del montaggio (kg)<br \/>\n6<\/p>\n","protected":false},"excerpt":{"rendered":"<p>SKYWATCHER NEWTON STARQUEST-130P con montatura manuale equatoriale<\/p>\n","protected":false},"featured_media":13443,"comment_status":"closed","ping_status":"open","template":"","meta":{"_acf_changed":false},"product_brand":[675],"product_cat":[1316,1322,1280,1337],"product_tag":[],"class_list":{"0":"post-56076","1":"product","2":"type-product","3":"status-publish","4":"has-post-thumbnail","6":"product_brand-skywatcher","7":"product_cat-accessori","8":"product_cat-accessori-meccanici","9":"product_cat-montature","10":"product_cat-novita-e-promozioni","12":"first","13":"instock","14":"taxable","15":"shipping-taxable","16":"purchasable","17":"product-type-simple"},"acf":[],"_links":{"self":[{"href":"https:\/\/www.teleskopshop.ch\/it\/wp-json\/wp\/v2\/product\/56076","targetHints":{"allow":["GET"]}}],"collection":[{"href":"https:\/\/www.teleskopshop.ch\/it\/wp-json\/wp\/v2\/product"}],"about":[{"href":"https:\/\/www.teleskopshop.ch\/it\/wp-json\/wp\/v2\/types\/product"}],"replies":[{"embeddable":true,"href":"https:\/\/www.teleskopshop.ch\/it\/wp-json\/wp\/v2\/comments?post=56076"}],"wp:featuredmedia":[{"embeddable":true,"href":"https:\/\/www.teleskopshop.ch\/it\/wp-json\/wp\/v2\/media\/13443"}],"wp:attachment":[{"href":"https:\/\/www.teleskopshop.ch\/it\/wp-json\/wp\/v2\/media?parent=56076"}],"wp:term":[{"taxonomy":"product_brand","embeddable":true,"href":"https:\/\/www.teleskopshop.ch\/it\/wp-json\/wp\/v2\/product_brand?post=56076"},{"taxonomy":"product_cat","embeddable":true,"href":"https:\/\/www.teleskopshop.ch\/it\/wp-json\/wp\/v2\/product_cat?post=56076"},{"taxonomy":"product_tag","embeddable":true,"href":"https:\/\/www.teleskopshop.ch\/it\/wp-json\/wp\/v2\/product_tag?post=56076"}],"curies":[{"name":"wp","href":"https:\/\/api.w.org\/{rel}","templated":true}]}}