{"id":56043,"date":"2024-12-04T00:00:00","date_gmt":"2024-12-03T23:00:00","guid":{"rendered":"https:\/\/2025.teleskopshop.ch\/shop\/senza-categoria\/nirvana-es-uwa-82-13mm-1-25-okular\/"},"modified":"2026-02-17T11:13:15","modified_gmt":"2026-02-17T10:13:15","slug":"nirvana-es-uwa-82-13mm-1-25-okular","status":"publish","type":"product","link":"https:\/\/www.teleskopshop.ch\/it\/shop\/ottica\/prolunghe-ottiche\/oculari\/oculari-da-125\/nirvana-es-uwa-82-13mm-1-25-okular\/","title":{"rendered":"Nirvana-ES UWA 82\u00b0 13mm 1.25&#8243; Okular"},"content":{"rendered":"<p>Diese hochwertigen Helios Ultra Weitwinkel Teleskop Okulare erlauben atemberaubende Beobachtungserfahrungen und stellen eine gro\u00dfe Konkurenz f\u00fcr die f\u00fchrenden Premium Hersteller dar zu einem sehr g\u00fcnstigen Preis. Das gro\u00dfe 82\u00b0 Gesichtsfeld und die superbe Korrektur des Feldes \u00fcber das gesamte Gesichtsfeld sowie der excellente Kontrast in Kombination erm\u00f6glichen wundervolle, intensive und langanhaltende Beobachtungserfahrungen. Es funktioniert hervorragend in Teleskopen mit allen \u00d6ffnungsverh\u00e4ltnissen. Das Okular enth\u00e4lt 7 Linsen in 4 separaten Gruppen. Diese exotische Okularkonstruktion enth\u00e4lt gro\u00dfe Augenlinsen und eine weiche, einstellbare Gummiaugenmuschel f\u00fcr komfortable Beobachtung. Die Okulare sind vollst\u00e4ndig mehrfach Verg\u00fctet, die Linsenkanten wurden geschw\u00e4rzt und sie sind mit internen Blenden ausgestattet und Parfokal. Der Augenabstand betr\u00e4gt 12 mm. Wundersch\u00f6ne Ausf\u00fchrung in hochgl\u00e4nzendem, schwarz eloxierten Aluminium mit geriffelten Gummi Greifringen. Die Steckh\u00fclse ist mit 1,25&#8243; Filtergewinde ausgestattet. Lieferumfang: 16mm Okular mit 1,25&#8243; Steckh\u00fclse Staubschutzkappen !Stromversorgung und Batterien sind nicht im Lieferumfang enthalten!<br \/>\nAllgemein<\/p>\n<table>\n<tbody>\n<tr>\n<td>Versandgewicht<\/td>\n<td>0.17kg<\/td>\n<\/tr>\n<\/tbody>\n<\/table>\n<table>\n<tbody>\n<tr>\n<td>Versandgr\u00f6\u00dfe<\/td>\n<td>11&#215;6.5&#215;6.5cm<\/td>\n<\/tr>\n<\/tbody>\n<\/table>\n<p>Zubeh\u00f6r<\/p>\n<table>\n<tbody>\n<tr>\n<td>Typ<\/td>\n<td>Ultraweitwinkel Okular<\/td>\n<\/tr>\n<\/tbody>\n<\/table>\n<table>\n<tbody>\n<tr>\n<td>Brennweite (mm)<\/td>\n<td>13<\/td>\n<\/tr>\n<\/tbody>\n<\/table>\n<table>\n<tbody>\n<tr>\n<td>Eigengesichtsfeld (\u00b0)<\/td>\n<td>82<\/td>\n<\/tr>\n<\/tbody>\n<\/table>\n<table>\n<tbody>\n<tr>\n<td>Anschluss<\/td>\n<td>1.25&#8243;<\/td>\n<\/tr>\n<\/tbody>\n<\/table>\n<table>\n<tbody>\n<tr>\n<td>Verg\u00fctung<\/td>\n<td>Breitband Mehrschicht Verg\u00fctung<\/td>\n<\/tr>\n<\/tbody>\n<\/table>\n","protected":false},"excerpt":{"rendered":"<p>Vielen Dank f\u00fcr Ihren Besuch bei Teleskopshop.ch.<\/p>\n<p>Es freut uns, Ihnen das Produkt <b>Nirvana-ES UWA 82\u00b0 13mm 1.25&#8243; Okular<\/b> zu den nachfolgenden Konditionen anbieten zu d\u00fcrfen.<\/p>\n","protected":false},"featured_media":13619,"comment_status":"closed","ping_status":"closed","template":"","meta":{"_acf_changed":false},"product_brand":[692],"product_cat":[1478,1481,1340],"product_tag":[],"class_list":{"0":"post-56043","1":"product","2":"type-product","3":"status-publish","4":"has-post-thumbnail","6":"product_brand-nirvana","7":"product_cat-oculari","8":"product_cat-oculari-da-125","9":"product_cat-ottica","11":"first","12":"instock","13":"taxable","14":"shipping-taxable","15":"purchasable","16":"product-type-simple"},"acf":[],"_links":{"self":[{"href":"https:\/\/www.teleskopshop.ch\/it\/wp-json\/wp\/v2\/product\/56043","targetHints":{"allow":["GET"]}}],"collection":[{"href":"https:\/\/www.teleskopshop.ch\/it\/wp-json\/wp\/v2\/product"}],"about":[{"href":"https:\/\/www.teleskopshop.ch\/it\/wp-json\/wp\/v2\/types\/product"}],"replies":[{"embeddable":true,"href":"https:\/\/www.teleskopshop.ch\/it\/wp-json\/wp\/v2\/comments?post=56043"}],"wp:featuredmedia":[{"embeddable":true,"href":"https:\/\/www.teleskopshop.ch\/it\/wp-json\/wp\/v2\/media\/13619"}],"wp:attachment":[{"href":"https:\/\/www.teleskopshop.ch\/it\/wp-json\/wp\/v2\/media?parent=56043"}],"wp:term":[{"taxonomy":"product_brand","embeddable":true,"href":"https:\/\/www.teleskopshop.ch\/it\/wp-json\/wp\/v2\/product_brand?post=56043"},{"taxonomy":"product_cat","embeddable":true,"href":"https:\/\/www.teleskopshop.ch\/it\/wp-json\/wp\/v2\/product_cat?post=56043"},{"taxonomy":"product_tag","embeddable":true,"href":"https:\/\/www.teleskopshop.ch\/it\/wp-json\/wp\/v2\/product_tag?post=56043"}],"curies":[{"name":"wp","href":"https:\/\/api.w.org\/{rel}","templated":true}]}}