{"id":62859,"date":"2025-01-16T15:54:04","date_gmt":"2025-01-16T14:54:04","guid":{"rendered":"https:\/\/2025.teleskopshop.ch\/termini\/"},"modified":"2025-01-24T16:30:58","modified_gmt":"2025-01-24T15:30:58","slug":"termini","status":"publish","type":"page","link":"https:\/\/www.teleskopshop.ch\/it\/termini\/","title":{"rendered":"Termini"},"content":{"rendered":"\t\t<div data-elementor-type=\"wp-page\" data-elementor-id=\"62859\" class=\"elementor elementor-62859 elementor-15198\" data-elementor-settings=\"{&quot;ha_cmc_init_switcher&quot;:&quot;no&quot;}\" data-elementor-post-type=\"page\">\n\t\t\t\t\t\t<section class=\"elementor-section elementor-top-section elementor-element elementor-element-2314ef4 elementor-section-content-space-between elementor-section-boxed elementor-section-height-default elementor-section-height-default\" data-id=\"2314ef4\" data-element_type=\"section\" data-e-type=\"section\" data-settings=\"{&quot;background_background&quot;:&quot;classic&quot;,&quot;_ha_eqh_enable&quot;:false}\">\n\t\t\t\t\t\t\t<div class=\"elementor-background-overlay\"><\/div>\n\t\t\t\t\t\t\t<div class=\"elementor-container elementor-column-gap-no\">\n\t\t\t\t\t<div class=\"elementor-column elementor-col-100 elementor-top-column elementor-element elementor-element-0ded08a\" data-id=\"0ded08a\" data-element_type=\"column\" data-e-type=\"column\">\n\t\t\t<div class=\"elementor-widget-wrap elementor-element-populated\">\n\t\t\t\t\t\t<div class=\"elementor-element elementor-element-ae373d0 elementor-icon-list--layout-inline elementor-list-item-link-full_width elementor-widget elementor-widget-icon-list\" data-id=\"ae373d0\" data-element_type=\"widget\" data-e-type=\"widget\" data-widget_type=\"icon-list.default\">\n\t\t\t\t<div class=\"elementor-widget-container\">\n\t\t\t\t\t\t\t<ul class=\"elementor-icon-list-items elementor-inline-items\">\n\t\t\t\t\t\t\t<li class=\"elementor-icon-list-item elementor-inline-item\">\n\t\t\t\t\t\t\t\t\t\t\t<a href=\"https:\/\/www.teleskopshop.ch\/it\/\">\n\n\t\t\t\t\t\t\t\t\t\t\t<span class=\"elementor-icon-list-text\">Home<\/span>\n\t\t\t\t\t\t\t\t\t\t\t<\/a>\n\t\t\t\t\t\t\t\t\t<\/li>\n\t\t\t\t\t\t\t\t<li class=\"elementor-icon-list-item elementor-inline-item\">\n\t\t\t\t\t\t\t\t\t\t\t<a href=\"https:\/\/www.teleskopshop.ch\/it\/termini\/\">\n\n\t\t\t\t\t\t\t\t\t\t\t\t<span class=\"elementor-icon-list-icon\">\n\t\t\t\t\t\t\t<svg aria-hidden=\"true\" class=\"e-font-icon-svg e-fas-angle-right\" viewBox=\"0 0 256 512\" xmlns=\"http:\/\/www.w3.org\/2000\/svg\"><path d=\"M224.3 273l-136 136c-9.4 9.4-24.6 9.4-33.9 0l-22.6-22.6c-9.4-9.4-9.4-24.6 0-33.9l96.4-96.4-96.4-96.4c-9.4-9.4-9.4-24.6 0-33.9L54.3 103c9.4-9.4 24.6-9.4 33.9 0l136 136c9.5 9.4 9.5 24.6.1 34z\"><\/path><\/svg>\t\t\t\t\t\t<\/span>\n\t\t\t\t\t\t\t\t\t\t<span class=\"elementor-icon-list-text\">Termini<\/span>\n\t\t\t\t\t\t\t\t\t\t\t<\/a>\n\t\t\t\t\t\t\t\t\t<\/li>\n\t\t\t\t\t\t<\/ul>\n\t\t\t\t\t\t<\/div>\n\t\t\t\t<\/div>\n\t\t\t\t<div class=\"elementor-element elementor-element-a64fca0 elementor-widget elementor-widget-heading\" data-id=\"a64fca0\" data-element_type=\"widget\" data-e-type=\"widget\" data-widget_type=\"heading.default\">\n\t\t\t\t<div class=\"elementor-widget-container\">\n\t\t\t\t\t<h1 class=\"elementor-heading-title elementor-size-default\">Termini<\/h1>\t\t\t\t<\/div>\n\t\t\t\t<\/div>\n\t\t\t\t\t<\/div>\n\t\t<\/div>\n\t\t\t\t\t<\/div>\n\t\t<\/section>\n\t\t\t\t<section class=\"elementor-section elementor-top-section elementor-element elementor-element-ef0c8f2 elementor-reverse-tablet elementor-reverse-mobile elementor-section-boxed elementor-section-height-default elementor-section-height-default\" data-id=\"ef0c8f2\" data-element_type=\"section\" data-e-type=\"section\" data-settings=\"{&quot;_ha_eqh_enable&quot;:false}\">\n\t\t\t\t\t\t<div class=\"elementor-container elementor-column-gap-default\">\n\t\t\t\t\t<div class=\"elementor-column elementor-col-100 elementor-top-column elementor-element elementor-element-e45acfc elementor-invisible\" data-id=\"e45acfc\" data-element_type=\"column\" data-e-type=\"column\" data-settings=\"{&quot;animation&quot;:&quot;fadeIn&quot;}\">\n\t\t\t<div class=\"elementor-widget-wrap elementor-element-populated\">\n\t\t\t\t\t\t<div class=\"elementor-element elementor-element-3bd4706 elementor-widget elementor-widget-text-editor\" data-id=\"3bd4706\" data-element_type=\"widget\" data-e-type=\"widget\" data-widget_type=\"text-editor.default\">\n\t\t\t\t<div class=\"elementor-widget-container\">\n\t\t\t\t\t\t\t\t\t<p>\u00a71 Validit\u00e0 nei confronti degli imprenditori e definizioni dei termini<\/p>\n<p>(1) Le seguenti Condizioni Generali di Contratto si applicano a tutte le consegne tra noi e un cliente nella versione valida al momento dell&#8217;ordine.<\/p>\n<p>Un cliente \u00e8 una persona fisica che conclude un negozio giuridico per scopi che non possono essere prevalentemente attribuiti n\u00e9 alla sua attivit\u00e0 commerciale n\u00e9 alla sua attivit\u00e0 professionale indipendente.<\/p>\n<p>\u00a72 Conclusione del contratto, archiviazione del testo contrattuale<\/p>\n<p>(1) Le seguenti disposizioni sulla conclusione dei contratti si applicano agli ordini effettuati tramite il nostro negozio online https:\/\/www.teleskopshop.ch.<\/p>\n<p><b>(2) Se il contratto viene stipulato, il contratto viene stipulato con<\/b><\/p>\n<div>\n<p>Teleskopshop.ch Thomas Kaderli Schl\u00f6ssliweg 2 CH-3400 Burgdorf<\/p>\n<\/div>\n<p><b>si \u00e8 concretizzato.<br \/><\/b><\/p>\n<p>(3) La presentazione della merce nel nostro negozio online non costituisce un&#8217;offerta contrattuale legalmente vincolante da parte nostra, ma solo un invito non vincolante al cliente a ordinare la merce. <br \/>Ordinando la merce desiderata, il cliente presenta un&#8217;offerta vincolante per la stipula di un contratto di acquisto.<\/p>\n<p>(4) Al ricevimento di un ordine nel nostro negozio online, si applicano le seguenti regole: il cliente presenta un&#8217;offerta contrattuale vincolante completando con successo la procedura d&#8217;ordine prevista nel nostro negozio online.<\/p>\n<p>L&#8217;ordine viene effettuato nei seguenti passaggi:<\/p>\n<div class=\"ml20\">\n<p>1) Selezione dei beni desiderati<\/p>\n<p>2) Conferma cliccando sul pulsante &#8220;Ordina&#8221;.<\/p>\n<p>3) Controllare i dettagli del carrello della spesa<\/p>\n<p>4) Premi il pulsante &#8220;Cassa&#8221;.<\/p>\n<p>5) Accedi al negozio online dopo esserti registrato e aver inserito i dati di accesso (indirizzo e-mail e password).<\/p>\n<p>6) Ricontrolla o corregge i dati inseriti.<\/p>\n<p>7) Vincolare l&#8217;invio dell&#8217;ordine cliccando sul pulsante &#8220;ordine a pagamento&#8221; o &#8220;acquista&#8221;.<\/p>\n<\/div>\n<p>Prima di inoltrare l&#8217;ordine vincolante, il cliente pu\u00f2 tornare al sito web in cui sono registrati i suoi dati e correggere gli errori di inserimento o annullare il processo d&#8217;ordine chiudendo il browser Internet premendo il pulsante &#8220;Indietro&#8221; contenuto nel browser Internet da lui utilizzato dopo aver controllato i suoi dati su . Confermiamo immediatamente la ricezione dell&#8217;ordine tramite un&#8217;e-mail generata automaticamente (&#8220;conferma d&#8217;ordine&#8221;). Con questo accettiamo la tua offerta.<\/p>\n<p>(5) Memorizzazione del testo del contratto per gli ordini effettuati tramite il nostro negozio Internet: memorizziamo il testo del contratto e ti inviamo i dati dell&#8217;ordine e le nostre Condizioni Generali di Contratto via e-mail. Puoi anche consultare le CGC in qualsiasi momento sul sito https:\/\/www.teleskopshop.ch\/agb.<\/p>\n<p>&gt; Puoi vedere i tuoi ordini passati nella nostra area clienti alla voce Il mio account &#8211; I miei ordini.<\/p>\n<p>\u00a73 Prezzi, spese di spedizione, pagamento, data di scadenza<\/p>\n<p>(1) I prezzi indicati sono comprensivi dell&#8217;IVA di legge e di altre componenti del prezzo. Le spese di spedizione possono essere aggiunte.<\/p>\n<p>(2) Il cliente ha la possibilit\u00e0 di pagare in anticipo, con addebito diretto, PayPal, carta di credito (Visa, Mastercard, American Express).<\/p>\n<p>(3) Se il cliente ha scelto il pagamento anticipato, si impegna a pagare il prezzo di acquisto subito dopo la conclusione del contratto.<\/p>\n<p>\u00a74 Consegna<\/p>\n<p>(1) A meno che non sia chiaramente indicato diversamente nella descrizione del prodotto, tutti gli articoli da noi offerti sono pronti per essere spediti immediatamente. La consegna avviene solitamente in un periodo compreso tra i 4 e i 14 giorni. In caso di pagamento anticipato, il termine di consegna decorre dal giorno successivo all&#8217;invio dell&#8217;ordine di pagamento alla banca incaricata del bonifico e, nel caso di tutti gli altri metodi di pagamento, dal giorno successivo alla conclusione del contratto. Se il termine cade di sabato, domenica o in un giorno festivo nel luogo di consegna, il termine scadr\u00e0 il giorno lavorativo successivo.<\/p>\n<p>(2) Il rischio di perdita accidentale e di deterioramento accidentale dell&#8217;articolo venduto non passer\u00e0 all&#8217;acquirente fino alla consegna dell&#8217;articolo all&#8217;acquirente, anche in caso di vendita con spedizione.<\/p>\n<p>\u00a75 Conservazione del titolo<\/p>\n<p>Ci riserviamo la propriet\u00e0 della merce fino al completo pagamento del prezzo di acquisto.<\/p>\n<p>\u00a76 Diritto di cancellazione del cliente in quanto cliente:<\/p>\n<p>Poich\u00e9 ordiniamo la merce ordinata dal cliente subito dopo aver ricevuto l&#8217;ordine, la cancellazione \u00e8 esclusa.<\/p>\n<p>\u00a77 Garanzia<\/p>\n<p>Si applicano le norme di garanzia previste dalla legge per i produttori dei prodotti offerti. Teleskopshop.ch \u00e8 un intermediario, pertanto \u00e8 esclusa qualsiasi garanzia e\/o diritto di garanzia. direttamente al rappresentante del marchio in questione.<\/p>\n<p>\u00a78 Servizio clienti<\/p>\n<p><b>Il nostro servizio clienti per domande, reclami e richieste di risarcimento \u00e8 disponibile nei giorni feriali dalle 8.30 alle 17.00 all&#8217;indirizzo<\/b><\/p>\n<p>Telefono: 034 423 89 15 o e-mail: info@teleskopshop.ch<\/p>\n<p><b>disponibile.<\/b><\/p>\n\t\t\t\t\t\t\t\t<\/div>\n\t\t\t\t<\/div>\n\t\t\t\t\t<\/div>\n\t\t<\/div>\n\t\t\t\t\t<\/div>\n\t\t<\/section>\n\t\t\t\t<\/div>\n\t\t","protected":false},"excerpt":{"rendered":"<p>Home \u00a71 Validit\u00e0 nei confronti degli imprenditori e definizioni dei termini (1) Le seguenti Condizioni Generali di Contratto si applicano a tutte le consegne tra noi e un cliente nella versione valida al momento dell&#8217;ordine. Un cliente \u00e8 una persona fisica che conclude un negozio giuridico per scopi che non possono essere prevalentemente attribuiti n\u00e9 [&hellip;]<\/p>\n","protected":false},"author":1,"featured_media":0,"parent":0,"menu_order":10,"comment_status":"closed","ping_status":"closed","template":"","meta":{"_acf_changed":false,"footnotes":""},"class_list":["post-62859","page","type-page","status-publish","hentry"],"acf":[],"_links":{"self":[{"href":"https:\/\/www.teleskopshop.ch\/it\/wp-json\/wp\/v2\/pages\/62859","targetHints":{"allow":["GET"]}}],"collection":[{"href":"https:\/\/www.teleskopshop.ch\/it\/wp-json\/wp\/v2\/pages"}],"about":[{"href":"https:\/\/www.teleskopshop.ch\/it\/wp-json\/wp\/v2\/types\/page"}],"author":[{"embeddable":true,"href":"https:\/\/www.teleskopshop.ch\/it\/wp-json\/wp\/v2\/users\/1"}],"replies":[{"embeddable":true,"href":"https:\/\/www.teleskopshop.ch\/it\/wp-json\/wp\/v2\/comments?post=62859"}],"version-history":[{"count":1,"href":"https:\/\/www.teleskopshop.ch\/it\/wp-json\/wp\/v2\/pages\/62859\/revisions"}],"predecessor-version":[{"id":62860,"href":"https:\/\/www.teleskopshop.ch\/it\/wp-json\/wp\/v2\/pages\/62859\/revisions\/62860"}],"wp:attachment":[{"href":"https:\/\/www.teleskopshop.ch\/it\/wp-json\/wp\/v2\/media?parent=62859"}],"curies":[{"name":"wp","href":"https:\/\/api.w.org\/{rel}","templated":true}]}}