{"id":62853,"date":"2025-01-16T15:52:21","date_gmt":"2025-01-16T14:52:21","guid":{"rendered":"https:\/\/2025.teleskopshop.ch\/la-privacy\/"},"modified":"2025-01-24T16:30:58","modified_gmt":"2025-01-24T15:30:58","slug":"la-privacy","status":"publish","type":"page","link":"https:\/\/www.teleskopshop.ch\/it\/la-privacy\/","title":{"rendered":"La privacy"},"content":{"rendered":"\t\t<div data-elementor-type=\"wp-page\" data-elementor-id=\"62853\" class=\"elementor elementor-62853 elementor-15193\" data-elementor-settings=\"{&quot;ha_cmc_init_switcher&quot;:&quot;no&quot;}\" data-elementor-post-type=\"page\">\n\t\t\t\t\t\t<section class=\"elementor-section elementor-top-section elementor-element elementor-element-3e83c31 elementor-section-content-space-between elementor-section-boxed elementor-section-height-default elementor-section-height-default\" data-id=\"3e83c31\" data-element_type=\"section\" data-e-type=\"section\" data-settings=\"{&quot;background_background&quot;:&quot;classic&quot;,&quot;_ha_eqh_enable&quot;:false}\">\n\t\t\t\t\t\t\t<div class=\"elementor-background-overlay\"><\/div>\n\t\t\t\t\t\t\t<div class=\"elementor-container elementor-column-gap-no\">\n\t\t\t\t\t<div class=\"elementor-column elementor-col-100 elementor-top-column elementor-element elementor-element-17e16f3\" data-id=\"17e16f3\" data-element_type=\"column\" data-e-type=\"column\">\n\t\t\t<div class=\"elementor-widget-wrap elementor-element-populated\">\n\t\t\t\t\t\t<div class=\"elementor-element elementor-element-1382ea7 elementor-icon-list--layout-inline elementor-list-item-link-full_width elementor-widget elementor-widget-icon-list\" data-id=\"1382ea7\" data-element_type=\"widget\" data-e-type=\"widget\" data-widget_type=\"icon-list.default\">\n\t\t\t\t<div class=\"elementor-widget-container\">\n\t\t\t\t\t\t\t<ul class=\"elementor-icon-list-items elementor-inline-items\">\n\t\t\t\t\t\t\t<li class=\"elementor-icon-list-item elementor-inline-item\">\n\t\t\t\t\t\t\t\t\t\t\t<a href=\"https:\/\/www.teleskopshop.ch\/it\/\">\n\n\t\t\t\t\t\t\t\t\t\t\t<span class=\"elementor-icon-list-text\">Home<\/span>\n\t\t\t\t\t\t\t\t\t\t\t<\/a>\n\t\t\t\t\t\t\t\t\t<\/li>\n\t\t\t\t\t\t\t\t<li class=\"elementor-icon-list-item elementor-inline-item\">\n\t\t\t\t\t\t\t\t\t\t\t<a href=\"https:\/\/www.teleskopshop.ch\/it\/la-privacy\/\">\n\n\t\t\t\t\t\t\t\t\t\t\t\t<span class=\"elementor-icon-list-icon\">\n\t\t\t\t\t\t\t<svg aria-hidden=\"true\" class=\"e-font-icon-svg e-fas-angle-right\" viewBox=\"0 0 256 512\" xmlns=\"http:\/\/www.w3.org\/2000\/svg\"><path d=\"M224.3 273l-136 136c-9.4 9.4-24.6 9.4-33.9 0l-22.6-22.6c-9.4-9.4-9.4-24.6 0-33.9l96.4-96.4-96.4-96.4c-9.4-9.4-9.4-24.6 0-33.9L54.3 103c9.4-9.4 24.6-9.4 33.9 0l136 136c9.5 9.4 9.5 24.6.1 34z\"><\/path><\/svg>\t\t\t\t\t\t<\/span>\n\t\t\t\t\t\t\t\t\t\t<span class=\"elementor-icon-list-text\">La privacy<\/span>\n\t\t\t\t\t\t\t\t\t\t\t<\/a>\n\t\t\t\t\t\t\t\t\t<\/li>\n\t\t\t\t\t\t<\/ul>\n\t\t\t\t\t\t<\/div>\n\t\t\t\t<\/div>\n\t\t\t\t<div class=\"elementor-element elementor-element-90cfc92 elementor-widget elementor-widget-heading\" data-id=\"90cfc92\" data-element_type=\"widget\" data-e-type=\"widget\" data-widget_type=\"heading.default\">\n\t\t\t\t<div class=\"elementor-widget-container\">\n\t\t\t\t\t<h1 class=\"elementor-heading-title elementor-size-default\">La privacy<\/h1>\t\t\t\t<\/div>\n\t\t\t\t<\/div>\n\t\t\t\t\t<\/div>\n\t\t<\/div>\n\t\t\t\t\t<\/div>\n\t\t<\/section>\n\t\t\t\t<section class=\"elementor-section elementor-top-section elementor-element elementor-element-d9affa9 elementor-reverse-tablet elementor-reverse-mobile elementor-section-boxed elementor-section-height-default elementor-section-height-default\" data-id=\"d9affa9\" data-element_type=\"section\" data-e-type=\"section\" data-settings=\"{&quot;_ha_eqh_enable&quot;:false}\">\n\t\t\t\t\t\t<div class=\"elementor-container elementor-column-gap-default\">\n\t\t\t\t\t<div class=\"elementor-column elementor-col-100 elementor-top-column elementor-element elementor-element-a3a1f8a elementor-invisible\" data-id=\"a3a1f8a\" data-element_type=\"column\" data-e-type=\"column\" data-settings=\"{&quot;animation&quot;:&quot;fadeIn&quot;}\">\n\t\t\t<div class=\"elementor-widget-wrap elementor-element-populated\">\n\t\t\t\t\t\t<div class=\"elementor-element elementor-element-816161f elementor-widget elementor-widget-text-editor\" data-id=\"816161f\" data-element_type=\"widget\" data-e-type=\"widget\" data-widget_type=\"text-editor.default\">\n\t\t\t\t<div class=\"elementor-widget-container\">\n\t\t\t\t\t\t\t\t\t<h3>Responsabile ai sensi del Data Protection Act:<\/h3>\n<p>Teleskopshop.ch Thomas Kaderli Schl\u00f6ssliweg 2 3400 Burgdorf info@teleskopshop.ch<\/p>\n<h3><strong>Raccolta dati<\/strong><\/h3>\n<p>Quando accedi al nostro sito web, raccogliamo automaticamente dati di carattere generale. Questi dati (file di log del server) includono, ad esempio, il tipo di browser che stai utilizzando, il tuo sistema operativo, il nome del dominio del tuo provider di servizi internet e altri dati generali simili. Questi dati sono completamente anonimi, vengono utilizzati per visualizzare correttamente il sito web e vengono recuperati ogni volta che utilizzi Internet. I dati completamente anonimi vengono analizzati statisticamente al fine di migliorare il servizio offerto all&#8217;utente.   <\/p>\n<h3><strong>Registrazione sul nostro sito web<\/strong><\/h3>\n<p>Quando ci si registra per offerte specifiche, vengono richiesti alcuni dati personali come nome, indirizzo, dettagli di contatto, numero di telefono o indirizzo e-mail. Gli utenti registrati possono accedere a determinati servizi aggiuntivi. Gli utenti registrati hanno la possibilit\u00e0 di modificare o cancellare tutti i dati personali forniti in qualsiasi momento. Possono inoltre richiedere in qualsiasi momento i dati che abbiamo memorizzato su di loro. Se non esiste un termine legale per la conservazione dei dati, questi possono essere modificati o cancellati. Ti invitiamo a contattarci tramite la nostra pagina di contatto.     <\/p>\n<h3><strong>Servizi a pagamento<\/strong><\/h3>\n<p>Se utilizzi servizi a pagamento, potrebbero essere richiesti ulteriori dati, tra cui le informazioni sul metodo di pagamento.<\/p>\n<p>L&#8217;utilizzo di tecnologie e metodi di crittografia all&#8217;avanguardia garantisce una protezione completa dei tuoi dati.<\/p>\n<h3><strong>Newsletter<\/strong><\/h3>\n<p>Quando ti registri alla nostra newsletter, utilizziamo i dati di registrazione esclusivamente per il servizio di newsletter. Gli utenti registrati possono essere contattati da noi per essere informati di modifiche, aggiornamenti o altre informazioni rilevanti. <\/p>\n<p>Al momento della registrazione \u00e8 necessario inserire un indirizzo e-mail valido. La cosiddetta procedura di &#8220;double-opt-in&#8221; viene utilizzata per verificare la corrispondenza tra il registrante e l&#8217;indirizzo e-mail. <\/p>\n<p>Hai il diritto di far cancellare i tuoi dati per il servizio di newsletter in qualsiasi momento. Troverai un link per annullare l&#8217;iscrizione nelle nostre newsletter. Puoi anche annullare l&#8217;iscrizione sul sito web o informarci della tua richiesta tramite la nostra pagina di contatto.  <\/p>\n<h3><strong>Modulo di contatto<\/strong><\/h3>\n<p>Se ci contatti tramite la nostra pagina di contatto o ci invii un&#8217;e-mail, i dati relativi verranno memorizzati per l&#8217;elaborazione.<\/p>\n<h3><strong>Cancellazione o blocco dei dati<\/strong><\/h3>\n<p>I dati personali dell&#8217;utente saranno conservati solo per il tempo assolutamente necessario a fornire i servizi specificati e come richiesto dalla legge. Al termine di questi periodi, i dati personali dell&#8217;utente vengono regolarmente bloccati o cancellati. <\/p>\n<h3><strong>Google Analytics<\/strong><\/h3>\n<p>Il nostro sito web utilizza Google Analytics, il servizio di analisi web di Google Inc (&#8220;Google&#8221;). Google Analytics utilizza dei &#8220;cookies&#8221;, piccoli file di testo che vengono memorizzati sul tuo computer e che contengono dati sull&#8217;utilizzo del nostro sito web. I dati generati dal cookie sull&#8217;utilizzo del nostro sito web vengono trasmessi a un server di Google negli Stati Uniti e l\u00ec memorizzati. Poich\u00e9 sui nostri siti web \u00e8 attiva l&#8217;anonimizzazione dell&#8217;IP, il tuo indirizzo IP sar\u00e0 abbreviato da Google. Questo vale per gli Stati membri dell&#8217;Unione Europea e per gli altri Stati firmatari dell&#8217;Accordo sullo Spazio Economico Europeo. In rari casi, l&#8217;indirizzo IP completo pu\u00f2 essere trasmesso a un server di Google negli Stati Uniti e l\u00ec troncato. Google utilizza queste informazioni per analizzare l&#8217;utilizzo del nostro sito web, per compilare rapporti sull&#8217;utilizzo del sito web e per raccogliere ulteriori dati statistici. Il tuo indirizzo IP non verr\u00e0 mai unito ad altri dati memorizzati da Google. L&#8217;uso dei cookie pu\u00f2 essere vietato tramite un&#8217;impostazione del tuo browser; tuttavia, ci\u00f2 potrebbe compromettere il funzionamento del nostro sito web in determinate circostanze. Puoi disattivare la raccolta dei dati da parte di Google Analytics utilizzando uno speciale programma aggiuntivo per il tuo browser<strong>.<\/strong>          <\/p>\n<h3><strong>Remarketing di Google<\/strong><\/h3>\n<p>Il nostro sito web utilizza la funzione di Remarketing di Google, che serve a mostrare pubblicit\u00e0 personalizzata ai visitatori dei siti web appartenenti alla rete pubblicitaria di Google. Nel tuo browser viene memorizzato un &#8220;cookie&#8221; con il quale puoi essere riconosciuto quando visiti un sito web appartenente alla rete pubblicitaria di Google. \u00c8 possibile che ti vengano mostrati annunci pubblicitari correlati alla tua visita ad altri siti web che utilizzano la funzione di Remarketing di Google.  <\/p>\n<p>Google non memorizza alcun dato individuale. Sul sito http:\/\/www.google.com\/settings\/ads hai la possibilit\u00e0 di disattivare la funzione di Google Remarketing. \u00c8 inoltre possibile disattivare l&#8217;utilizzo dei cookie per la pubblicit\u00e0 personalizzata. Questo link descrive come farlo: Segui http:\/\/www.networkadvertising.org\/managing\/opt_out.asp.   <\/p>\n<h3><strong>Plugin sociali<\/strong><\/h3>\n<p>Sui nostri siti web utilizziamo i social plugin dei fornitori elencati di seguito. I plugin sono contrassegnati dal logo corrispondente. <\/p>\n<p>In determinate circostanze, il fornitore di servizi pu\u00f2 ricevere informazioni e dati personali dai nostri visitatori attraverso tali plugin. La soluzione 2-click da noi installata impedisce la raccolta e la trasmissione non ovvia di dati al fornitore di servizi. La raccolta di informazioni e la loro trasmissione al fornitore di servizi avviene solo quando attivi un social plugin cliccando su di esso.  <\/p>\n<p>I dati che tale plugin raccoglie non appena viene attivato e il modo in cui vengono successivamente utilizzati sono al di fuori del nostro controllo. In alcuni casi, vengono create connessioni dirette ai servizi del rispettivo provider e possono essere raccolti e utilizzati l&#8217;indirizzo IP e informazioni specifiche sull&#8217;utilizzo. I fornitori di servizi possono anche tentare di memorizzare dei cookie sul tuo computer. Puoi scoprire come funzionano questi cookie nelle informazioni sulla protezione dei dati del relativo fornitore. Facebook pu\u00f2 identificarti come visitatore se hai effettuato l&#8217;accesso al tuo account Facebook.    <\/p>\n<p>I pulsanti dei social media delle seguenti aziende sono integrati nel nostro sito web:<\/p>\n<p>Google Plus\/Google Inc. (1600 Amphitheatre Parkway &#8211; Mountain View &#8211; CA 94043 &#8211; USA) <\/p>\n<h3><strong>Biscotti<\/strong><\/h3>\n<p>Il nostro sito web utilizza i &#8220;cookie&#8221;. I cookie sono file di testo che vengono trasferiti dal server di un sito web al tuo computer. Vengono trasferiti alcuni dati come l&#8217;indirizzo IP, il browser, il sistema operativo e la connessione internet.  <\/p>\n<p>I cookie non avviano programmi e non trasmettono virus. Le informazioni raccolte dai cookie vengono utilizzate per facilitare la navigazione dell&#8217;utente e per ottimizzare la visualizzazione delle nostre pagine web. <\/p>\n<p>I dati da noi raccolti non saranno mai trasmessi a terzi o collegati a dati personali senza il tuo consenso.<\/p>\n<p>L&#8217;uso dei cookie pu\u00f2 essere impedito tramite le impostazioni del tuo browser. Puoi trovare informazioni su come modificare queste impostazioni nelle spiegazioni del tuo browser Internet. Alcune funzioni del nostro sito web potrebbero non funzionare correttamente se l&#8217;uso dei cookie viene disattivato.  <\/p>\n<h3><strong>Processo di misurazione centralizzato scalabile<\/strong><\/h3>\n<p>Utilizziamo il &#8220;Metodo di misurazione centrale scalabile&#8221; (SZM) di INFOnline GmbH http:\/\/www.infonline.de) per raccogliere dati statistici sull&#8217;utilizzo dei nostri servizi.<\/p>\n<p>Questa procedura raccoglie valori di misurazione anonimi. La misurazione del raggio d&#8217;azione SZM utilizza un cookie con l&#8217;identificatore &#8220;ioam.de&#8221;, &#8220;ivwbox.de&#8221;, un oggetto LocalStorage o una firma creata da varie informazioni trasmesse dal tuo browser web per riconoscere i sistemi informatici. Gli indirizzi IP vengono utilizzati in forma anonima.  <\/p>\n<p>La protezione dei dati viene sempre presa in considerazione quando si misura la portata. Ci\u00f2 determina statisticamente l&#8217;intensit\u00e0 d&#8217;uso e il numero di utenti di un sito web. I singoli utenti non vengono riconosciuti e la loro identit\u00e0 \u00e8 sempre protetta. Il sistema non invia pubblicit\u00e0.   <\/p>\n<p>Le offerte web che appartengono alla Informationsgemeinschaft zur Feststellung der Verbreitung von Werbetr\u00e4gern e.V. (IVW &#8211; http:\/\/www.ivw.eu) o che partecipano allo studio &#8220;Internet facts&#8221; della Arbeitsgemeinschaft Online-Forschung e.V. (AGOF &#8211; www.agof.de), le statistiche di utilizzo sono pubblicate mensilmente dalla AGOF e dalla Arbeitsgemeinschaft Media-Analyse e.V. (ag.ma &#8211; http:\/\/www.ivw.eu), oltre che dalla IVW e possono essere visualizzate su http:\/\/www.ivw.eu, http:\/\/www.ivw.eu e www.agof.de, clicca qui.V. (ag.ma &#8211; www.agma-mmc.de) e l&#8217;IVW e possono essere visualizzati all&#8217;indirizzo http:\/\/www.agof.de, http:\/\/www.agma-mmc.de e http:\/\/www.ivw.eu, <a href=\"https:\/\/top10geeks.com\/de\/\" target=\"_blank\" rel=\"noopener noreferrer\">clicca qui<\/a>. L&#8217;IVW rivede regolarmente la procedura SZM per assicurarsi che venga utilizzata in conformit\u00e0 alle norme e ai regolamenti sulla protezione dei dati; inoltre, i dati di misurazione vengono pubblicati. <\/p>\n<p>Il sito web di INFOnline GmbH (https:\/\/www.infonline.de), il sito web sulla protezione dei dati di AGOF (http:\/\/www.agof.de\/datenschutz) e il sito web sulla protezione dei dati di IVW (http:\/\/www.ivw.eu) forniscono informazioni dettagliate sulla procedura SZM.<\/p>\n<p>Se non acconsenti al trattamento dei dati da parte di SZM, puoi comunicarcelo tramite i seguenti link: http:\/\/optout.ioam.de e http:\/\/optout.ivwbox.de<\/p>\n<h3><strong>Processo di misurazione centralizzato scalabile nelle applicazioni<\/strong><\/h3>\n<p>La nostra applicazione utilizza il &#8220;Metodo di misurazione centrale scalabile&#8221; (SZM) di INFOnline GmbH (http:\/\/www.infonline.de) per raccogliere dati statistici sull&#8217;utilizzo dei nostri servizi.<\/p>\n<p>I valori misurati vengono raccolti in forma anonima. La misurazione del raggio d&#8217;azione SZM utilizza identificatori unici per riconoscere i dispositivi, che vengono trasmessi solo in forma anonima. Gli indirizzi IP vengono elaborati solo in forma anonima.  <\/p>\n<p>Il sito web di INFOnline GmbH (https:\/\/www.infonline.de), il sito web sulla protezione dei dati di AGOF (http:\/\/www.agof.de\/datenschutz) e il sito web sulla protezione dei dati di IVW (http:\/\/www.ivw.eu) forniscono informazioni dettagliate sulla procedura SZM.<\/p>\n<h3><strong>Google AdWords<\/strong><\/h3>\n<p>Il nostro sito web utilizza il Conversion Tracking di Google. Se hai raggiunto il nostro sito web cliccando su un annuncio di Google, Google Adwords memorizza un cookie di monitoraggio della conversione sul tuo computer. Questi cookie perdono la loro validit\u00e0 dopo 30 giorni e i visitatori del sito web non vengono identificati. Entro il periodo di 30 giorni, noi e Google possiamo determinare che l&#8217;utente ha inizialmente cliccato sull&#8217;annuncio per arrivare sul nostro sito. I cookie di Google AdWords sono specifici per il cliente e non possono essere tracciati attraverso i siti web dei clienti AdWords. Le informazioni raccolte con i cookie di conversione vengono utilizzate per creare statistiche di conversione per i clienti AdWords che utilizzano il conversion tracking. Ci\u00f2 indica ai clienti quanti utenti hanno utilizzato un annuncio per visitare il loro sito. I dati personali degli utenti non vengono trasmessi.       <\/p>\n<p>Se non desideri partecipare al tracciamento, puoi specificarlo nelle impostazioni del tuo browser. L&#8217;impostazione automatica dei cookie pu\u00f2 essere generalmente disattivata oppure puoi impostare il tuo browser in modo che i cookie di googleleadservices.com siano sempre bloccati. <\/p>\n<p>I cookie di opt-out non devono essere cancellati se desideri rifiutare la registrazione dei dati di misurazione. Se cancelli i cookie nel tuo browser, tutti i cookie di opt-out devono essere nuovamente impostati. <\/p>\n<h3><strong>Informazioni, rettifica, blocco, cancellazione e opposizione<\/strong><\/h3>\n<p>Puoi richiedere informazioni sui tuoi dati memorizzati da noi in qualsiasi momento. Tali dati possono anche essere corretti, bloccati o, se i periodi di conservazione dei dati prescritti per l&#8217;elaborazione commerciale sono scaduti, cancellati. Il nostro responsabile della protezione dei dati ti aiuter\u00e0 a rispondere a tutte le domande pertinenti. I suoi dati di contatto sono riportati di seguito.   <\/p>\n<p>I dati bloccati vengono archiviati in uno speciale file di blocco a scopo di controllo. Se l&#8217;obbligo di archiviazione previsto dalla legge \u00e8 scaduto, puoi anche richiedere la cancellazione dei dati. Nell&#8217;ambito dell&#8217;obbligo di archiviazione, possiamo bloccare i tuoi dati su richiesta.  <\/p>\n<p>\u00c8 possibile modificare o revocare il consenso inviando una notifica. Questo \u00e8 possibile anche per le campagne future. <\/p>\n<h3><strong>Modifica delle disposizioni sulla protezione dei dati<\/strong><\/h3>\n<p>La nostra informativa sulla privacy pu\u00f2 essere modificata a intervalli irregolari per garantire la conformit\u00e0 ai requisiti legali vigenti o per implementare modifiche ai nostri servizi, ad esempio quando vengono aggiunte nuove offerte. La nuova informativa sulla privacy verr\u00e0 applicata automaticamente alla tua prossima visita. <\/p>\n<h3><strong>Contatta il responsabile della protezione dei dati<\/strong><\/h3>\n<p>Se hai domande sulla protezione dei dati, inviaci un messaggio a info@Teleskopshop.ch con oggetto &#8220;Protezione dei dati&#8221;.<\/p>\n\t\t\t\t\t\t\t\t<\/div>\n\t\t\t\t<\/div>\n\t\t\t\t\t<\/div>\n\t\t<\/div>\n\t\t\t\t\t<\/div>\n\t\t<\/section>\n\t\t\t\t<\/div>\n\t\t","protected":false},"excerpt":{"rendered":"<p>Home Responsabile ai sensi del Data Protection Act: Teleskopshop.ch Thomas Kaderli Schl\u00f6ssliweg 2 3400 Burgdorf info@teleskopshop.ch Raccolta dati Quando accedi al nostro sito web, raccogliamo automaticamente dati di carattere generale. Questi dati (file di log del server) includono, ad esempio, il tipo di browser che stai utilizzando, il tuo sistema operativo, il nome del dominio [&hellip;]<\/p>\n","protected":false},"author":1,"featured_media":0,"parent":0,"menu_order":11,"comment_status":"closed","ping_status":"closed","template":"","meta":{"_acf_changed":false,"footnotes":""},"class_list":["post-62853","page","type-page","status-publish","hentry"],"acf":[],"_links":{"self":[{"href":"https:\/\/www.teleskopshop.ch\/it\/wp-json\/wp\/v2\/pages\/62853","targetHints":{"allow":["GET"]}}],"collection":[{"href":"https:\/\/www.teleskopshop.ch\/it\/wp-json\/wp\/v2\/pages"}],"about":[{"href":"https:\/\/www.teleskopshop.ch\/it\/wp-json\/wp\/v2\/types\/page"}],"author":[{"embeddable":true,"href":"https:\/\/www.teleskopshop.ch\/it\/wp-json\/wp\/v2\/users\/1"}],"replies":[{"embeddable":true,"href":"https:\/\/www.teleskopshop.ch\/it\/wp-json\/wp\/v2\/comments?post=62853"}],"version-history":[{"count":1,"href":"https:\/\/www.teleskopshop.ch\/it\/wp-json\/wp\/v2\/pages\/62853\/revisions"}],"predecessor-version":[{"id":62854,"href":"https:\/\/www.teleskopshop.ch\/it\/wp-json\/wp\/v2\/pages\/62853\/revisions\/62854"}],"wp:attachment":[{"href":"https:\/\/www.teleskopshop.ch\/it\/wp-json\/wp\/v2\/media?parent=62853"}],"curies":[{"name":"wp","href":"https:\/\/api.w.org\/{rel}","templated":true}]}}