{"id":62845,"date":"2025-01-16T15:51:13","date_gmt":"2025-01-16T14:51:13","guid":{"rendered":"https:\/\/2025.teleskopshop.ch\/impronta\/"},"modified":"2025-01-24T16:30:44","modified_gmt":"2025-01-24T15:30:44","slug":"impronta","status":"publish","type":"page","link":"https:\/\/www.teleskopshop.ch\/it\/impronta\/","title":{"rendered":"Impronta"},"content":{"rendered":"\t\t<div data-elementor-type=\"wp-page\" data-elementor-id=\"62845\" class=\"elementor elementor-62845 elementor-15165\" data-elementor-settings=\"{&quot;ha_cmc_init_switcher&quot;:&quot;no&quot;}\" data-elementor-post-type=\"page\">\n\t\t\t\t\t\t<section class=\"elementor-section elementor-top-section elementor-element elementor-element-2b5fb671 elementor-section-content-space-between elementor-section-boxed elementor-section-height-default elementor-section-height-default\" data-id=\"2b5fb671\" data-element_type=\"section\" data-e-type=\"section\" data-settings=\"{&quot;background_background&quot;:&quot;classic&quot;,&quot;_ha_eqh_enable&quot;:false}\">\n\t\t\t\t\t\t\t<div class=\"elementor-background-overlay\"><\/div>\n\t\t\t\t\t\t\t<div class=\"elementor-container elementor-column-gap-no\">\n\t\t\t\t\t<div class=\"elementor-column elementor-col-100 elementor-top-column elementor-element elementor-element-418cd\" data-id=\"418cd\" data-element_type=\"column\" data-e-type=\"column\">\n\t\t\t<div class=\"elementor-widget-wrap elementor-element-populated\">\n\t\t\t\t\t\t<div class=\"elementor-element elementor-element-48844fe6 elementor-icon-list--layout-inline elementor-list-item-link-full_width elementor-widget elementor-widget-icon-list\" data-id=\"48844fe6\" data-element_type=\"widget\" data-e-type=\"widget\" data-widget_type=\"icon-list.default\">\n\t\t\t\t<div class=\"elementor-widget-container\">\n\t\t\t\t\t\t\t<ul class=\"elementor-icon-list-items elementor-inline-items\">\n\t\t\t\t\t\t\t<li class=\"elementor-icon-list-item elementor-inline-item\">\n\t\t\t\t\t\t\t\t\t\t\t<a href=\"https:\/\/www.teleskopshop.ch\/it\/\">\n\n\t\t\t\t\t\t\t\t\t\t\t<span class=\"elementor-icon-list-text\">Home<\/span>\n\t\t\t\t\t\t\t\t\t\t\t<\/a>\n\t\t\t\t\t\t\t\t\t<\/li>\n\t\t\t\t\t\t\t\t<li class=\"elementor-icon-list-item elementor-inline-item\">\n\t\t\t\t\t\t\t\t\t\t\t<a href=\"https:\/\/www.teleskopshop.ch\/it\/impronta\/\">\n\n\t\t\t\t\t\t\t\t\t\t\t\t<span class=\"elementor-icon-list-icon\">\n\t\t\t\t\t\t\t<svg aria-hidden=\"true\" class=\"e-font-icon-svg e-fas-angle-right\" viewBox=\"0 0 256 512\" xmlns=\"http:\/\/www.w3.org\/2000\/svg\"><path d=\"M224.3 273l-136 136c-9.4 9.4-24.6 9.4-33.9 0l-22.6-22.6c-9.4-9.4-9.4-24.6 0-33.9l96.4-96.4-96.4-96.4c-9.4-9.4-9.4-24.6 0-33.9L54.3 103c9.4-9.4 24.6-9.4 33.9 0l136 136c9.5 9.4 9.5 24.6.1 34z\"><\/path><\/svg>\t\t\t\t\t\t<\/span>\n\t\t\t\t\t\t\t\t\t\t<span class=\"elementor-icon-list-text\">Impronta<\/span>\n\t\t\t\t\t\t\t\t\t\t\t<\/a>\n\t\t\t\t\t\t\t\t\t<\/li>\n\t\t\t\t\t\t<\/ul>\n\t\t\t\t\t\t<\/div>\n\t\t\t\t<\/div>\n\t\t\t\t<div class=\"elementor-element elementor-element-37c7856a elementor-widget elementor-widget-heading\" data-id=\"37c7856a\" data-element_type=\"widget\" data-e-type=\"widget\" data-widget_type=\"heading.default\">\n\t\t\t\t<div class=\"elementor-widget-container\">\n\t\t\t\t\t<h1 class=\"elementor-heading-title elementor-size-default\">Impronta<\/h1>\t\t\t\t<\/div>\n\t\t\t\t<\/div>\n\t\t\t\t\t<\/div>\n\t\t<\/div>\n\t\t\t\t\t<\/div>\n\t\t<\/section>\n\t\t\t\t<section class=\"elementor-section elementor-top-section elementor-element elementor-element-2a3c101 elementor-reverse-tablet elementor-reverse-mobile elementor-section-boxed elementor-section-height-default elementor-section-height-default\" data-id=\"2a3c101\" data-element_type=\"section\" data-e-type=\"section\" data-settings=\"{&quot;_ha_eqh_enable&quot;:false}\">\n\t\t\t\t\t\t<div class=\"elementor-container elementor-column-gap-default\">\n\t\t\t\t\t<div class=\"elementor-column elementor-col-100 elementor-top-column elementor-element elementor-element-14c591d4 elementor-invisible\" data-id=\"14c591d4\" data-element_type=\"column\" data-e-type=\"column\" data-settings=\"{&quot;animation&quot;:&quot;fadeIn&quot;}\">\n\t\t\t<div class=\"elementor-widget-wrap elementor-element-populated\">\n\t\t\t\t\t\t<div class=\"elementor-element elementor-element-51b6811c elementor-widget elementor-widget-text-editor\" data-id=\"51b6811c\" data-element_type=\"widget\" data-e-type=\"widget\" data-widget_type=\"text-editor.default\">\n\t\t\t\t<div class=\"elementor-widget-container\">\n\t\t\t\t\t\t\t\t\t<h4>Indirizzo di contatto<\/h4>\n<p>Teleskopshop.ch Schl\u00f6ssliweg 2 3400 Burgdorf<\/p>\n<p>Tel: 034 423 89 15 Email:<a href=\"mailto:info@teleskopshop.ch\">info@teleskopshop.ch<\/a><\/p>\n<h4>Contatto tecnico<\/h4>\n<p>Webtrics<a href=\"mailto:info@webtrics.ch\" target=\"_blank\" rel=\"noopener noreferrer\">info@<\/a><a href=\"mailto:info@webtrics.ch\" target=\"_blank\" rel=\"noopener noreferrer\">webtrics.ch<\/a><a href=\"mailto:info@webtrics.ch\" target=\"_blank\" rel=\"noopener noreferrer\"><\/a><a href=\"http:\/\/www.webtrics.ch\/\" target=\"_blank\" rel=\"noopener noreferrer\">www.webtrics.ch<\/a><\/p>\n<h4>Persone autorizzate a rappresentare la societ\u00e0<\/h4>\n<p>Thomas Kaderli<\/p>\n<h4>Esclusione di responsabilit\u00e0<\/h4>\n<p>L&#8217;autore non si assume alcuna responsabilit\u00e0 in merito alla correttezza, all&#8217;accuratezza, all&#8217;aggiornamento, all&#8217;affidabilit\u00e0 e alla completezza delle informazioni.<\/p>\n<p>Sono escluse le richieste di responsabilit\u00e0 nei confronti dell&#8217;autore per danni di natura materiale o immateriale derivanti dall&#8217;accesso, dall&#8217;uso o dal mancato uso delle informazioni pubblicate, dall&#8217;uso improprio della connessione o da guasti tecnici.<\/p>\n<p>Tutte le offerte non sono vincolanti. L&#8217;autore si riserva espressamente il diritto di modificare, integrare o cancellare parti delle pagine o l&#8217;intera offerta senza preavviso o di interrompere temporaneamente o definitivamente la pubblicazione. <\/p>\n<h4>Responsabilit\u00e0 per i link<\/h4>\n<p>I riferimenti e i link a siti web di terzi non rientrano nella nostra sfera di responsabilit\u00e0 e non ci assumiamo alcuna responsabilit\u00e0 per tali siti. L&#8217;accesso e l&#8217;utilizzo di tali siti web \u00e8 a rischio dell&#8217;utente. <\/p>\n<h4>Diritti d&#8217;autore<\/h4>\n<p>Il copyright e tutti gli altri diritti su contenuti, immagini, foto o altri file presenti sul sito web appartengono esclusivamente a <strong>Teleskopshop.ch<\/strong> o ai titolari dei diritti specificamente indicati. Per la riproduzione di qualsiasi elemento \u00e8 necessario ottenere preventivamente il consenso scritto dei titolari del copyright. <\/p>\n<h4>La privacy<\/h4>\n<p>In base all&#8217;articolo 13 della Costituzione federale svizzera e alle disposizioni sulla protezione dei dati della Confederazione svizzera (legge sulla protezione dei dati, DSG), ogni persona ha diritto alla tutela della propria privacy e alla protezione dall&#8217;uso improprio dei propri dati personali. Noi rispettiamo queste disposizioni. I dati personali sono trattati in modo strettamente confidenziale e non vengono venduti o ceduti a terzi.  <\/p>\n<p>In stretta collaborazione con i nostri fornitori di hosting, cerchiamo di proteggere al meglio i database da accessi non autorizzati, perdita, uso improprio o falsificazione.<\/p>\n<p>Quando accedi al nostro sito web, i seguenti dati vengono memorizzati nei file di log: Indirizzo IP, data, ora, richiesta del browser e informazioni generali trasmesse sul sistema operativo o sul browser. Questi dati di utilizzo costituiscono la base per analisi statistiche e anonime che consentono di individuare le tendenze in atto e che possono essere utilizzate per migliorare i nostri servizi.   <\/p>\n\t\t\t\t\t\t\t\t<\/div>\n\t\t\t\t<\/div>\n\t\t\t\t\t<\/div>\n\t\t<\/div>\n\t\t\t\t\t<\/div>\n\t\t<\/section>\n\t\t\t\t<\/div>\n\t\t","protected":false},"excerpt":{"rendered":"<p>Home Indirizzo di contatto Teleskopshop.ch Schl\u00f6ssliweg 2 3400 Burgdorf Tel: 034 423 89 15 Email:info@teleskopshop.ch Contatto tecnico Webtricsinfo@webtrics.chwww.webtrics.ch Persone autorizzate a rappresentare la societ\u00e0 Thomas Kaderli Esclusione di responsabilit\u00e0 L&#8217;autore non si assume alcuna responsabilit\u00e0 in merito alla correttezza, all&#8217;accuratezza, all&#8217;aggiornamento, all&#8217;affidabilit\u00e0 e alla completezza delle informazioni. Sono escluse le richieste di responsabilit\u00e0 nei confronti [&hellip;]<\/p>\n","protected":false},"author":1,"featured_media":0,"parent":0,"menu_order":9,"comment_status":"closed","ping_status":"closed","template":"","meta":{"_acf_changed":false,"footnotes":""},"class_list":["post-62845","page","type-page","status-publish","hentry"],"acf":[],"_links":{"self":[{"href":"https:\/\/www.teleskopshop.ch\/it\/wp-json\/wp\/v2\/pages\/62845","targetHints":{"allow":["GET"]}}],"collection":[{"href":"https:\/\/www.teleskopshop.ch\/it\/wp-json\/wp\/v2\/pages"}],"about":[{"href":"https:\/\/www.teleskopshop.ch\/it\/wp-json\/wp\/v2\/types\/page"}],"author":[{"embeddable":true,"href":"https:\/\/www.teleskopshop.ch\/it\/wp-json\/wp\/v2\/users\/1"}],"replies":[{"embeddable":true,"href":"https:\/\/www.teleskopshop.ch\/it\/wp-json\/wp\/v2\/comments?post=62845"}],"version-history":[{"count":1,"href":"https:\/\/www.teleskopshop.ch\/it\/wp-json\/wp\/v2\/pages\/62845\/revisions"}],"predecessor-version":[{"id":62846,"href":"https:\/\/www.teleskopshop.ch\/it\/wp-json\/wp\/v2\/pages\/62845\/revisions\/62846"}],"wp:attachment":[{"href":"https:\/\/www.teleskopshop.ch\/it\/wp-json\/wp\/v2\/media?parent=62845"}],"curies":[{"name":"wp","href":"https:\/\/api.w.org\/{rel}","templated":true}]}}