{"id":64866,"date":"2026-02-03T14:26:26","date_gmt":"2026-02-03T13:26:26","guid":{"rendered":"https:\/\/www.teleskopshop.ch\/shop\/non class\u00e9\/camera-mono-zwo-asi-2600mm-air\/"},"modified":"2026-02-03T14:26:26","modified_gmt":"2026-02-03T13:26:26","slug":"camera-mono-zwo-asi-2600mm-air","status":"publish","type":"product","link":"https:\/\/www.teleskopshop.ch\/fr\/shop\/astronomie-accessoires-fr\/camera-mono-zwo-asi-2600mm-air\/","title":{"rendered":"Cam\u00e9ra mono ZWO ASI 2600MM-AIR"},"content":{"rendered":"<h1>Cam\u00e9ra mono ZWO ASI 2600MM-AIR<\/h1>\n<h2 class=\"page-title\"><span class=\"base\" data-ui-id=\"page-title-wrapper\">ZWO ASI 2600MM-AIR<\/span><\/h2>\n<div>L&rsquo;ASI2600MM Air est la solution id\u00e9ale pour tous ceux qui souhaitent pratiquer l&rsquo;astrophotographie monochrome au plus haut niveau &#8211; tout en \u00e9vitant les enchev\u00eatrements de c\u00e2bles et les techniques compliqu\u00e9es. Cette cam\u00e9ra intelligente combine un syst\u00e8me d&rsquo;imagerie de haute pr\u00e9cision, un guiding int\u00e9gr\u00e9 et un contr\u00f4le intelligent dans un appareil compact et sans fil. <\/div>\n<div><\/div>\n<div>Au centre se trouve un capteur monochrome APS-C de 26 m\u00e9gapixels (IMX571) avec un ADC de 16 bits, une efficacit\u00e9 quantique \u00e9lev\u00e9e et un bruit de lecture extr\u00eamement faible &#8211; id\u00e9al pour les prises de vue d\u00e9taill\u00e9es du ciel profond. Gr\u00e2ce au capteur guide int\u00e9gr\u00e9 SC2210 (1\/1.8&Prime;, 2 MP, 92% QE), il n&rsquo;est plus n\u00e9cessaire de disposer d&rsquo;un guide-scope s\u00e9par\u00e9 &#8211; ce qui permet de gagner du temps et d&rsquo;am\u00e9liorer la pr\u00e9cision du suivi. <\/div>\n<div><\/div>\n<div>Une connexion sans fil ? Pas de probl\u00e8me : l&rsquo;ASI2600MM Air communique directement avec les montures AM3\/AM5 ou les contr\u00f4leurs ASIAIR via Wi-Fi 5G\/2.4G et Bluetooth. Sur le dessus : 256 Go de m\u00e9moire eMMC et 2 Go de DDR-RAM assurent un transfert de donn\u00e9es ultra-rapide (jusqu&rsquo;\u00e0 138 Mo\/s en lecture, 112 Mo\/s en \u00e9criture). L&#8217;empilage en direct int\u00e9gr\u00e9 effectue le traitement des images en temps r\u00e9el &#8211; directement depuis le terrain.   <\/div>\n<div><\/div>\n<div>\n<p>Avec quatre ports USB 2.0, trois sorties DC et un port USB-C, une flexibilit\u00e9 maximale est garantie. Qu&rsquo;elle soit t\u00e9l\u00e9command\u00e9e ou enti\u00e8rement automatis\u00e9e, l&rsquo;ASI2600MM Air rend l&rsquo;astrophotographie plus simple, plus fine et plus intelligente que jamais. <\/p>\n<ul>\n<li>Capteur monochrome APS-C 26MP<\/li>\n<li>Guidage sur l&rsquo;axe int\u00e9gr\u00e9 avec SC2210<\/li>\n<li>WLAN &amp; Bluetooth pour un contr\u00f4le sans fil<\/li>\n<li>M\u00e9moire de 256 Go, vitesse de lecture de 138 Mo\/s<\/li>\n<li>Utilisation de l&#8217;empilement en direct et enti\u00e8rement \u00e0 distance<\/li>\n<\/ul>\n<\/div>\n","protected":false},"excerpt":{"rendered":"<p>Cam\u00e9ra mono ZWO ASI 2600MM-AIR<br \/>\nJe suis heureux de vous accueillir sur teleskopshop.ch et de vous pr\u00e9senter la cam\u00e9ra d&rsquo;astronomie suivante.<\/p>\n","protected":false},"featured_media":64331,"comment_status":"closed","ping_status":"closed","template":"","meta":{"_acf_changed":false},"product_brand":[1788],"product_cat":[1654,1714,1711],"product_tag":[],"class_list":{"0":"post-64866","1":"product","2":"type-product","3":"status-publish","4":"has-post-thumbnail","6":"product_brand-zwo-asi","7":"product_cat-astronomie-accessoires-fr","8":"product_cat-appareil-photo","9":"product_cat-astrophotographie","11":"first","12":"instock","13":"taxable","14":"shipping-taxable","15":"purchasable","16":"product-type-simple"},"acf":[],"_links":{"self":[{"href":"https:\/\/www.teleskopshop.ch\/fr\/wp-json\/wp\/v2\/product\/64866","targetHints":{"allow":["GET"]}}],"collection":[{"href":"https:\/\/www.teleskopshop.ch\/fr\/wp-json\/wp\/v2\/product"}],"about":[{"href":"https:\/\/www.teleskopshop.ch\/fr\/wp-json\/wp\/v2\/types\/product"}],"replies":[{"embeddable":true,"href":"https:\/\/www.teleskopshop.ch\/fr\/wp-json\/wp\/v2\/comments?post=64866"}],"wp:featuredmedia":[{"embeddable":true,"href":"https:\/\/www.teleskopshop.ch\/fr\/wp-json\/wp\/v2\/media\/64331"}],"wp:attachment":[{"href":"https:\/\/www.teleskopshop.ch\/fr\/wp-json\/wp\/v2\/media?parent=64866"}],"wp:term":[{"taxonomy":"product_brand","embeddable":true,"href":"https:\/\/www.teleskopshop.ch\/fr\/wp-json\/wp\/v2\/product_brand?post=64866"},{"taxonomy":"product_cat","embeddable":true,"href":"https:\/\/www.teleskopshop.ch\/fr\/wp-json\/wp\/v2\/product_cat?post=64866"},{"taxonomy":"product_tag","embeddable":true,"href":"https:\/\/www.teleskopshop.ch\/fr\/wp-json\/wp\/v2\/product_tag?post=64866"}],"curies":[{"name":"wp","href":"https:\/\/api.w.org\/{rel}","templated":true}]}}