{"id":64863,"date":"2026-02-03T14:35:44","date_gmt":"2026-02-03T13:35:44","guid":{"rendered":"https:\/\/www.teleskopshop.ch\/shop\/non class\u00e9\/camera-couleur-plein-format-zwo-asi-6200mc-p25\/"},"modified":"2026-02-03T14:35:44","modified_gmt":"2026-02-03T13:35:44","slug":"camera-couleur-plein-format-zwo-asi-6200mc-p25","status":"publish","type":"product","link":"https:\/\/www.teleskopshop.ch\/fr\/shop\/astronomie-accessoires-fr\/camera-couleur-plein-format-zwo-asi-6200mc-p25\/","title":{"rendered":"Cam\u00e9ra couleur plein format ZWO ASI 6200MC-P25"},"content":{"rendered":"<h1>Cam\u00e9ra couleur plein format ZWO ASI 6200MC-P25<\/h1>\n<h2 class=\"page-title\"><span class=\"base\" data-ui-id=\"page-title-wrapper\">ZWO ASI 6200MC-P25<\/span><\/h2>\n<div>L&rsquo;ASI6200MC Pro est une cam\u00e9ra d&rsquo;astronomie couleur plein format moderne, dot\u00e9e d&rsquo;une technologie impressionnante et d&rsquo;un design bien pens\u00e9. Elle est \u00e9quip\u00e9e d&rsquo;un capteur CMOS Sony IMX455 r\u00e9tro-\u00e9clair\u00e9 avec une r\u00e9solution \u00e9norme de 61,2 m\u00e9gapixels (9576 x 6388 pixels). Il est donc parfait pour photographier le ciel profond dans ses moindres d\u00e9tails, les n\u00e9buleuses ou les galaxies sur de grandes surfaces et fournit des images tr\u00e8s nettes, aux couleurs intenses et au contraste \u00e9lev\u00e9.  <\/div>\n<div><\/div>\n<div>Avec une taille de pixel de 3,76 \u00b5m, la cam\u00e9ra allie une haute sensibilit\u00e9 \u00e0 une excellente dynamique. L&rsquo;ADC 16 bits natif g\u00e9n\u00e8re une plage dynamique allant jusqu&rsquo;\u00e0 14 diaphragmes, ce qui permet de visualiser les diff\u00e9rences de luminosit\u00e9 les plus subtiles &#8211; sans transitions abruptes. C&rsquo;est surtout lors de longues expositions que cela joue pleinement ses atouts : La cam\u00e9ra produit une image absolument propre, sans amp-glow, c&rsquo;est-\u00e0-dire sans lueur g\u00eanante \u00e0 des valeurs de gain \u00e9lev\u00e9es.  <\/div>\n<div><\/div>\n<div>Le syst\u00e8me de refroidissement TEC \u00e0 deux niveaux abaisse la temp\u00e9rature du capteur jusqu&rsquo;\u00e0 35 \u00b0C en dessous de la temp\u00e9rature ambiante. Le bruit thermique est ainsi efficacement supprim\u00e9, m\u00eame par nuit chaude et avec des temps d&rsquo;exposition longs. Cette fonction est compl\u00e9t\u00e9e par la technologie innovante de suppression du courant d&rsquo;obscurit\u00e9, qui minimise encore le courant d&rsquo;obscurit\u00e9 &#8211; \u00e0 0 \u00b0C, il n&rsquo;est que de 0,0017e-\/s\/pixel.  <\/div>\n<div><\/div>\n<div>Pour \u00e9viter que la ros\u00e9e ne s&rsquo;installe, un \u00e9l\u00e9ment chauffant \u00e0 base de polyimide est int\u00e9gr\u00e9 \u00e0 l&rsquo;\u00e9cran de protection et emp\u00eache automatiquement l&rsquo;humidit\u00e9 de se condenser. Cela garantit une vision claire, m\u00eame en cas d&rsquo;humidit\u00e9 \u00e9lev\u00e9e ou de temp\u00e9ratures variables. <\/div>\n<div><\/div>\n<div>Le transfert de donn\u00e9es est fiable via USB 3.0, soutenu par une m\u00e9moire tampon DDR3 de 512 Mo qui stabilise la mise en m\u00e9moire tampon des fichiers d&rsquo;images volumineux &#8211; id\u00e9al pour les prises de vue en rafale ou les applications Live View. La cam\u00e9ra ne p\u00e8se que 0,7 kg, ce qui en fait un compagnon l\u00e9ger mais performant pour le t\u00e9lescope. Trois jeux de vis push-pull assurent un r\u00e9glage pr\u00e9cis du capteur, ce qui permet de compenser \u00e9l\u00e9gamment les probl\u00e8mes d&rsquo;inclinaison.  <\/div>\n<div><\/div>\n<div>L&rsquo;ASI6200MC Pro est le choix id\u00e9al pour les astrophotographes ambitieux qui recherchent une qualit\u00e9 d&rsquo;image sans compromis en couleur &#8211; avec un contr\u00f4le total, une excellente technologie et une grande praticit\u00e9.<\/div>\n","protected":false},"excerpt":{"rendered":"<p>Cam\u00e9ra couleur ZWO ASI 6200MC-P25 plein format<\/p>\n<p>Je suis heureux de vous accueillir sur teleskopshop.ch et de vous pr\u00e9senter la cam\u00e9ra d&rsquo;astronomie suivante.<\/p>\n","protected":false},"featured_media":64336,"comment_status":"closed","ping_status":"closed","template":"","meta":{"_acf_changed":false},"product_brand":[1788],"product_cat":[1654,1714,1711],"product_tag":[],"class_list":{"0":"post-64863","1":"product","2":"type-product","3":"status-publish","4":"has-post-thumbnail","6":"product_brand-zwo-asi","7":"product_cat-astronomie-accessoires-fr","8":"product_cat-appareil-photo","9":"product_cat-astrophotographie","11":"first","12":"instock","13":"taxable","14":"shipping-taxable","15":"purchasable","16":"product-type-simple"},"acf":[],"_links":{"self":[{"href":"https:\/\/www.teleskopshop.ch\/fr\/wp-json\/wp\/v2\/product\/64863","targetHints":{"allow":["GET"]}}],"collection":[{"href":"https:\/\/www.teleskopshop.ch\/fr\/wp-json\/wp\/v2\/product"}],"about":[{"href":"https:\/\/www.teleskopshop.ch\/fr\/wp-json\/wp\/v2\/types\/product"}],"replies":[{"embeddable":true,"href":"https:\/\/www.teleskopshop.ch\/fr\/wp-json\/wp\/v2\/comments?post=64863"}],"wp:featuredmedia":[{"embeddable":true,"href":"https:\/\/www.teleskopshop.ch\/fr\/wp-json\/wp\/v2\/media\/64336"}],"wp:attachment":[{"href":"https:\/\/www.teleskopshop.ch\/fr\/wp-json\/wp\/v2\/media?parent=64863"}],"wp:term":[{"taxonomy":"product_brand","embeddable":true,"href":"https:\/\/www.teleskopshop.ch\/fr\/wp-json\/wp\/v2\/product_brand?post=64863"},{"taxonomy":"product_cat","embeddable":true,"href":"https:\/\/www.teleskopshop.ch\/fr\/wp-json\/wp\/v2\/product_cat?post=64863"},{"taxonomy":"product_tag","embeddable":true,"href":"https:\/\/www.teleskopshop.ch\/fr\/wp-json\/wp\/v2\/product_tag?post=64863"}],"curies":[{"name":"wp","href":"https:\/\/api.w.org\/{rel}","templated":true}]}}