{"id":64854,"date":"2026-02-03T14:59:32","date_gmt":"2026-02-03T13:59:32","guid":{"rendered":"https:\/\/www.teleskopshop.ch\/shop\/non class\u00e9\/zwo-asi-2600mm-duo\/"},"modified":"2026-02-03T14:59:32","modified_gmt":"2026-02-03T13:59:32","slug":"zwo-asi-2600mm-duo","status":"publish","type":"product","link":"https:\/\/www.teleskopshop.ch\/fr\/shop\/astronomie-accessoires-fr\/zwo-asi-2600mm-duo\/","title":{"rendered":"ZWO ASI 2600MM-Duo"},"content":{"rendered":"<h1 class=\"page-title\"><span class=\"base\" data-ui-id=\"page-title-wrapper\">ZWO ASI 2600MM-Duo<\/span><\/h1>\n<h2 class=\"page-title\"><span class=\"base\" data-ui-id=\"page-title-wrapper\">Cam\u00e9ra d&rsquo;astronomie\/guidage ZWO ASI 2600MM-Duo<\/span><\/h2>\n<div>\n<div><strong>Capteur principal<\/strong><\/div>\n<div>Le capteur principal IMX571 a un format APS-C et un total de 26MP pixels. La taille est de 23,5 mm de largeur x 15,7 mm de hauteur, la diagonale mesure 28,3 mm. La taille des petits pixels est de 3,76 um x 3,76 um, ce qui permet une profondeur totale impressionnante de 50ke. Avec la nouvelle technologie mat\u00e9rielle, celle-ci est m\u00eame \u00e9tendue \u00e0 80ke.  <\/div>\n<div><\/div>\n<div><strong>Capteur Guide<\/strong><\/div>\n<div>Le capteur SC2210, issu de la mini-cam\u00e9ra ASI220MM, a une sensibilit\u00e9 tr\u00e8s \u00e9lev\u00e9e. Le pic de QE atteint 92% \u00e0 500nm. Le bruit de lecture est aussi faible que 0,6e. En tant que capteur guide de nouvelle g\u00e9n\u00e9ration, il a remport\u00e9 un grand succ\u00e8s dans le guidage des t\u00e9lescopes, comme en t\u00e9moignent des centaines d&rsquo;astrophotographes.   <\/div>\n<div>\n<ul>\n<li>Capteur APS-C (IMX571)<\/li>\n<li>26 m\u00e9gapixels<\/li>\n<li>Pixels de 3.76um<\/li>\n<li>pas d'\u00a0\u00bbamp-glow\u00a0\u00bb disponible<\/li>\n<li>capteur de guide int\u00e9gr\u00e9 (l&rsquo;ASI220Mini)<\/li>\n<\/ul>\n<\/div>\n<\/div>\n<div><\/div>\n<div><\/div>\n<div><strong>Capteur photographique<\/strong><\/div>\n<div><\/div>\n<div><img decoding=\"async\" src=\"https:\/\/login01.myfactory.cloud\/FotoZumstein\/CustomUpload\/374O357O340O370O356O369O350O335O359O366O371O366O341O360O370O360O366O365O345O372O364O370O371O356O360O365O320O326O\/02-10.jpg?dp=1&amp;DocumentID=1424524&amp;DocMail=-1\"><\/div>\n<div><\/div>\n<div><strong>Capteur guide<\/strong><\/div>\n<div><\/div>\n<div><img decoding=\"async\" src=\"https:\/\/login01.myfactory.cloud\/FotoZumstein\/CustomUpload\/374O357O340O370O356O369O350O335O359O366O371O366O341O360O370O360O366O365O345O372O364O370O371O356O360O365O320O326O\/03-9.jpg?dp=1&amp;DocumentID=1424526&amp;DocMail=-1\"><\/div>\n<div><\/div>\n<div><\/div>\n<div><\/div>\n<div><img decoding=\"async\" src=\"https:\/\/login01.myfactory.cloud\/FotoZumstein\/CustomUpload\/374O357O340O370O356O369O350O335O359O366O371O366O341O360O370O360O366O365O345O372O364O370O371O356O360O365O320O326O\/05-9.jpg?dp=1&amp;DocumentID=1424525&amp;DocMail=-1\"><\/div>\n","protected":false},"excerpt":{"rendered":"<p>ZWO ASI 2600MM-Duo<\/p>\n<p>Je suis heureux de vous accueillir sur teleskopshop.ch et de vous pr\u00e9senter la cam\u00e9ra d&rsquo;astronomie suivante.<\/p>\n","protected":false},"featured_media":64399,"comment_status":"closed","ping_status":"closed","template":"","meta":{"_acf_changed":false},"product_brand":[1788],"product_cat":[1654,1714,1711],"product_tag":[],"class_list":{"0":"post-64854","1":"product","2":"type-product","3":"status-publish","4":"has-post-thumbnail","6":"product_brand-zwo-asi","7":"product_cat-astronomie-accessoires-fr","8":"product_cat-appareil-photo","9":"product_cat-astrophotographie","11":"first","12":"instock","13":"taxable","14":"shipping-taxable","15":"purchasable","16":"product-type-simple"},"acf":[],"_links":{"self":[{"href":"https:\/\/www.teleskopshop.ch\/fr\/wp-json\/wp\/v2\/product\/64854","targetHints":{"allow":["GET"]}}],"collection":[{"href":"https:\/\/www.teleskopshop.ch\/fr\/wp-json\/wp\/v2\/product"}],"about":[{"href":"https:\/\/www.teleskopshop.ch\/fr\/wp-json\/wp\/v2\/types\/product"}],"replies":[{"embeddable":true,"href":"https:\/\/www.teleskopshop.ch\/fr\/wp-json\/wp\/v2\/comments?post=64854"}],"wp:featuredmedia":[{"embeddable":true,"href":"https:\/\/www.teleskopshop.ch\/fr\/wp-json\/wp\/v2\/media\/64399"}],"wp:attachment":[{"href":"https:\/\/www.teleskopshop.ch\/fr\/wp-json\/wp\/v2\/media?parent=64854"}],"wp:term":[{"taxonomy":"product_brand","embeddable":true,"href":"https:\/\/www.teleskopshop.ch\/fr\/wp-json\/wp\/v2\/product_brand?post=64854"},{"taxonomy":"product_cat","embeddable":true,"href":"https:\/\/www.teleskopshop.ch\/fr\/wp-json\/wp\/v2\/product_cat?post=64854"},{"taxonomy":"product_tag","embeddable":true,"href":"https:\/\/www.teleskopshop.ch\/fr\/wp-json\/wp\/v2\/product_tag?post=64854"}],"curies":[{"name":"wp","href":"https:\/\/api.w.org\/{rel}","templated":true}]}}