{"id":64851,"date":"2026-02-03T15:08:13","date_gmt":"2026-02-03T14:08:13","guid":{"rendered":"https:\/\/www.teleskopshop.ch\/shop\/non class\u00e9\/bague-de-support-zwo-pour-les-cameras-dastronomie-refroidies-par-asi-90mm-de-diametre\/"},"modified":"2026-02-03T15:08:13","modified_gmt":"2026-02-03T14:08:13","slug":"bague-de-support-zwo-pour-les-cameras-dastronomie-refroidies-par-asi-90mm-de-diametre","status":"publish","type":"product","link":"https:\/\/www.teleskopshop.ch\/fr\/shop\/astronomie-accessoires-fr\/bague-de-support-zwo-pour-les-cameras-dastronomie-refroidies-par-asi-90mm-de-diametre\/","title":{"rendered":"Bague de support ZWO pour les cam\u00e9ras d&rsquo;astronomie refroidies par ASI (90mm de diam\u00e8tre)"},"content":{"rendered":"<h1>Bague de fixation ZWO pour les cam\u00e9ras d&rsquo;astronomie refroidies par ASI (90mm de diam\u00e8tre)<\/h1>\n<ul>\n<li>Bague de support adapt\u00e9e pour :\n<p>ASI 2600MM\/MC Pro<br \/>\nASI 6200MM\/MC Pro<\/li>\n<\/ul>\n","protected":false},"excerpt":{"rendered":"<p>Bague de maintien ZWO pour astrocam\u00e9ras refroidies ASI (90mm de diam\u00e8tre)<\/p>\n<p>C&rsquo;est avec plaisir que je vous accueille sur teleskopshop.ch et que je vous pr\u00e9sente les accessoires pour astrocam\u00e9ras suivants.<\/p>\n","protected":false},"featured_media":64404,"comment_status":"closed","ping_status":"closed","template":"","meta":{"_acf_changed":false},"product_brand":[1788],"product_cat":[1654,1675,1711],"product_tag":[],"class_list":{"0":"post-64851","1":"product","2":"type-product","3":"status-publish","4":"has-post-thumbnail","6":"product_brand-zwo-asi","7":"product_cat-astronomie-accessoires-fr","8":"product_cat-adaptateur-de-camera","9":"product_cat-astrophotographie","11":"first","12":"instock","13":"taxable","14":"shipping-taxable","15":"purchasable","16":"product-type-simple"},"acf":[],"_links":{"self":[{"href":"https:\/\/www.teleskopshop.ch\/fr\/wp-json\/wp\/v2\/product\/64851","targetHints":{"allow":["GET"]}}],"collection":[{"href":"https:\/\/www.teleskopshop.ch\/fr\/wp-json\/wp\/v2\/product"}],"about":[{"href":"https:\/\/www.teleskopshop.ch\/fr\/wp-json\/wp\/v2\/types\/product"}],"replies":[{"embeddable":true,"href":"https:\/\/www.teleskopshop.ch\/fr\/wp-json\/wp\/v2\/comments?post=64851"}],"wp:featuredmedia":[{"embeddable":true,"href":"https:\/\/www.teleskopshop.ch\/fr\/wp-json\/wp\/v2\/media\/64404"}],"wp:attachment":[{"href":"https:\/\/www.teleskopshop.ch\/fr\/wp-json\/wp\/v2\/media?parent=64851"}],"wp:term":[{"taxonomy":"product_brand","embeddable":true,"href":"https:\/\/www.teleskopshop.ch\/fr\/wp-json\/wp\/v2\/product_brand?post=64851"},{"taxonomy":"product_cat","embeddable":true,"href":"https:\/\/www.teleskopshop.ch\/fr\/wp-json\/wp\/v2\/product_cat?post=64851"},{"taxonomy":"product_tag","embeddable":true,"href":"https:\/\/www.teleskopshop.ch\/fr\/wp-json\/wp\/v2\/product_tag?post=64851"}],"curies":[{"name":"wp","href":"https:\/\/api.w.org\/{rel}","templated":true}]}}