{"id":64848,"date":"2026-04-08T16:39:57","date_gmt":"2026-04-08T14:39:57","guid":{"rendered":"https:\/\/www.teleskopshop.ch\/shop\/non class\u00e9\/lunettes-declipse-helios\/"},"modified":"2026-04-08T16:39:57","modified_gmt":"2026-04-08T14:39:57","slug":"lunettes-declipse-helios","status":"publish","type":"product","link":"https:\/\/www.teleskopshop.ch\/fr\/shop\/optique\/extensions-optiques\/filtre-porte-filtre\/observation-solaire\/lunettes-declipse-helios\/","title":{"rendered":"Lunettes d&rsquo;\u00e9clipse Helios"},"content":{"rendered":"<h1>Lunettes d&rsquo;\u00e9clipse Helios<\/h1>\n<h1>LUNETTES D&rsquo;OBSERVATION DU SOLEIL<\/h1>\n<h2>FILM FILTRANT NOIR CONTRE LES REFLETS AVEC IMAGE SOLAIRE ORANGE<\/h2>\n<p>Nos nouvelles lunettes d&rsquo;\u00e9clipse Helios. Certifi\u00e9es conformes \u00e0 la norme de s\u00e9curit\u00e9 oculaire EN ISO 12312-2:2015, elles vous permettront d&rsquo;observer la prochaine \u00e9clipse solaire le 12 ao\u00fbt, par exemple en Espagne ou en 2027 en \u00c9gypte, ou tout simplement d&rsquo;observer \u00e0 l&rsquo;\u0153il nu et en toute s\u00e9curit\u00e9 les grandes taches solaires. La feuille filtrante noire permet une observation sans reflets g\u00eanants ; vous obtenez une belle et agr\u00e9able image orange du soleil.   <\/p>\n<p>Pour plus de s\u00e9curit\u00e9, toutes les instructions d&rsquo;utilisation et les consignes de s\u00e9curit\u00e9 sont imprim\u00e9es sur les lunettes en allemand et en anglais. L&rsquo;impression vous permet \u00e9galement de vous assurer que les lunettes sont conformes \u00e0 la norme de s\u00e9curit\u00e9 oculaire EN ISO 12312-2:2015 et que vous pouvez les utiliser en toute s\u00e9curit\u00e9 apr\u00e8s avoir v\u00e9rifi\u00e9 qu&rsquo;elles ne sont pas endommag\u00e9es. Les enfants ne doivent utiliser les lunettes que sous la surveillance d&rsquo;un parent ou d&rsquo;un tuteur. La dur\u00e9e maximale d&rsquo;observation ininterrompue avec ces lunettes est de 3 minutes. Veillez \u00e0 ce que les lunettes soient stock\u00e9es dans un endroit s\u00fbr, de mani\u00e8re \u00e0 ce que le filtre ne puisse pas \u00eatre endommag\u00e9, d\u00e9chir\u00e9, perc\u00e9 ou s\u00e9par\u00e9 de la monture.    <\/p>\n<p><strong>Contenu de la livraison :<\/strong><\/p>\n<ul>\n<li>Lunettes d&rsquo;\u00e9clipse solaire<\/li>\n<li>Pochette de rangement \/ emballage en film transparent<\/li>\n<\/ul>\n<p>&nbsp;<\/p>\n<div class=\"row-fluid\">\n<div class=\"col-sm-10 partialHeader\">G\u00c9N\u00c9RAL<\/div>\n<div class=\"col-sm-24\">\n<div class=\"row attributrow\">\n<div class=\"col-sm-10\">Poids d&rsquo;exp\u00e9dition 0.01kg<\/div>\n<\/div>\n<\/div>\n<div class=\"col-sm-24\">\n<div class=\"row attributrow\">\n<div class=\"col-sm-10\">Taille d&rsquo;exp\u00e9dition 15x4x0,5cm<\/div>\n<\/div>\n<\/div>\n<\/div>\n<div class=\"row-fluid\">\n<div class=\"col-sm-10 partialHeader\">ACCESSOIRES<\/div>\n<div class=\"col-sm-24\">\n<div class=\"row attributrow\">\n<div class=\"col-sm-10\">Type Lunettes d&rsquo;\u00e9clipse<\/div>\n<\/div>\n<\/div>\n<div class=\"col-sm-24\">\n<div class=\"row attributrow\">\n<div class=\"col-sm-10\">Mat\u00e9riau Carton \/ Film filtrant<\/div>\n<\/div>\n<\/div>\n<\/div>\n","protected":false},"excerpt":{"rendered":"<p>Lunettes d&rsquo;\u00e9clipse Helios &#8211; Je suis heureux de vous pr\u00e9senter ici, sur teleskopshop.ch, ces lunettes d&rsquo;\u00e9clipse.<\/p>\n","protected":false},"featured_media":64828,"comment_status":"closed","ping_status":"closed","template":"","meta":{"_acf_changed":false},"product_brand":[682],"product_cat":[1432,1522,1378,1336,1339,1648],"product_tag":[],"class_list":{"0":"post-64848","1":"product","2":"type-product","3":"status-publish","4":"has-post-thumbnail","6":"product_brand-helios","7":"product_cat-observation-solaire","8":"product_cat-extensions-optiques","9":"product_cat-filtre-porte-filtre","10":"product_cat-nouvelles-et-promotions","11":"product_cat-optique","12":"product_cat-telescopes-solaires","14":"first","15":"instock","16":"taxable","17":"shipping-taxable","18":"purchasable","19":"product-type-simple"},"acf":[],"_links":{"self":[{"href":"https:\/\/www.teleskopshop.ch\/fr\/wp-json\/wp\/v2\/product\/64848","targetHints":{"allow":["GET"]}}],"collection":[{"href":"https:\/\/www.teleskopshop.ch\/fr\/wp-json\/wp\/v2\/product"}],"about":[{"href":"https:\/\/www.teleskopshop.ch\/fr\/wp-json\/wp\/v2\/types\/product"}],"replies":[{"embeddable":true,"href":"https:\/\/www.teleskopshop.ch\/fr\/wp-json\/wp\/v2\/comments?post=64848"}],"wp:featuredmedia":[{"embeddable":true,"href":"https:\/\/www.teleskopshop.ch\/fr\/wp-json\/wp\/v2\/media\/64828"}],"wp:attachment":[{"href":"https:\/\/www.teleskopshop.ch\/fr\/wp-json\/wp\/v2\/media?parent=64848"}],"wp:term":[{"taxonomy":"product_brand","embeddable":true,"href":"https:\/\/www.teleskopshop.ch\/fr\/wp-json\/wp\/v2\/product_brand?post=64848"},{"taxonomy":"product_cat","embeddable":true,"href":"https:\/\/www.teleskopshop.ch\/fr\/wp-json\/wp\/v2\/product_cat?post=64848"},{"taxonomy":"product_tag","embeddable":true,"href":"https:\/\/www.teleskopshop.ch\/fr\/wp-json\/wp\/v2\/product_tag?post=64848"}],"curies":[{"name":"wp","href":"https:\/\/api.w.org\/{rel}","templated":true}]}}