{"id":64815,"date":"2026-02-03T15:18:10","date_gmt":"2026-02-03T14:18:10","guid":{"rendered":"https:\/\/www.teleskopshop.ch\/shop\/non class\u00e9\/smarttelescope-seestar-s30\/"},"modified":"2026-02-03T15:18:10","modified_gmt":"2026-02-03T14:18:10","slug":"smarttelescope-seestar-s30","status":"publish","type":"product","link":"https:\/\/www.teleskopshop.ch\/fr\/shop\/optique\/smarttelescope-seestar-s30\/","title":{"rendered":"SmartTelescope Seestar S30"},"content":{"rendered":"<h1 class=\"page-title\"><span class=\"base\" data-ui-id=\"page-title-wrapper\">SmartTelescope Seestar S30<\/span><\/h1>\n<ul>\n<li>T\u00e9lescope intelligent portable et l\u00e9ger<\/li>\n<li>Filtre solaire magn\u00e9tique<\/li>\n<li>Cam\u00e9ras intelligentes doubles<\/li>\n<li>Performance optique professionnelle<\/li>\n<li>Contr\u00f4le via l&rsquo;application Seestar<\/li>\n<li>\n \t<\/li>\n<li>\n<div><img decoding=\"async\" src=\"https:\/\/login01.myfactory.cloud\/FotoZumstein\/CustomUpload\/374O357O340O370O356O369O350O335O359O366O371O366O341O360O370O360O366O365O345O372O364O370O371O356O360O365O320O326O\/265.jpg?dp=1&amp;DocumentID=1821489&amp;DocMail=-1\"><\/div>\n<div><\/div>\n<div>D\u00e9couvrez les merveilles de l&rsquo;univers avec le Seestar S30 &#8211; votre observatoire de poche portable qui met l&rsquo;astronomie professionnelle au creux de votre main.<\/div>\n<div><\/div>\n<div><strong>Confortable \u00e0 porter &#8211; Aussi l\u00e9ger qu&rsquo;une bouteille de soda<\/strong><\/div>\n<div><\/div>\n<div>Avec un poids de seulement 1 700 g, le Seestar S30 est aussi l\u00e9ger qu&rsquo;une bouteille de soda de taille moyenne. Il se transporte facilement \u00e0 la main ou dans un sac \u00e0 dos, sans vous encombrer. Emportez-le partout avec vous et d\u00e9couvrez les \u00e9toiles o\u00f9 que vous soyez.  <\/div>\n<div><\/div>\n<div><img decoding=\"async\" src=\"https:\/\/login01.myfactory.cloud\/FotoZumstein\/CustomUpload\/374O357O340O370O356O369O350O335O359O366O371O366O341O360O370O360O366O365O345O372O364O370O371O356O360O365O320O326O\/266.jpg?dp=1&amp;DocumentID=1821488&amp;DocMail=-1\"><\/div>\n<div><\/div>\n<div><strong>Filtre solaire magn\u00e9tique innovant &#8211; Facile \u00e0 mettre en place et \u00e0 retirer<\/strong><\/div>\n<div><\/div>\n<div>Le filtre solaire magn\u00e9tique permet une mise en place et un retrait rapides et faciles. Profitez d&rsquo;une observation s\u00fbre du soleil sans manipulation compliqu\u00e9e. <\/div>\n<div><\/div>\n<div><strong>Des cam\u00e9ras intelligentes doubles pour deux fois plus de plaisir &#8211; Des observations quotidiennes performantes<\/strong><\/div>\n<div><\/div>\n<div>Capturer les surprises en grand angle et en gros plan :<\/div>\n<div><\/div>\n<div>  &#8211; Prise de vue et suivi automatiques : Le Seestar S30 suit automatiquement les objets c\u00e9lestes et les maintient au point avec une grande nettet\u00e9.<\/div>\n<div>  &#8211; Changement en temps r\u00e9el entre le grand angle et le gros plan : passez de mani\u00e8re transparente d&rsquo;une vue \u00e0 l&rsquo;autre pour tirer le meilleur parti de chaque observation.<\/div>\n<div>  &#8211; R\u00e9alisez des gros plans d\u00e9taill\u00e9s sous tous les angles du bout des doigts : Contr\u00f4lez facilement votre t\u00e9lescope depuis votre smartphone et capturez des d\u00e9tails impressionnants d&rsquo;une simple pression.<\/div>\n<div><\/div>\n<div><img decoding=\"async\" src=\"https:\/\/login01.myfactory.cloud\/FotoZumstein\/CustomUpload\/374O357O340O370O356O369O350O335O359O366O371O366O341O360O370O360O366O365O345O372O364O370O371O356O360O365O320O326O\/267.jpg?dp=1&amp;DocumentID=1821490&amp;DocMail=-1\"><\/div>\n<div><\/div>\n<div><strong>Des images \u00e9poustouflantes et d\u00e9taill\u00e9es &#8211; Des performances optiques professionnelles<\/strong><\/div>\n<div><\/div>\n<div>\u00c9quip\u00e9 d&rsquo;un design de lentille apochromatique de 30 mm et de verre ED (Extra Low Dispersion), optimis\u00e9 avec pr\u00e9cision par des experts en optique, le Seestar S30 capture chaque constellation d&rsquo;\u00e9toiles avec un niveau de d\u00e9tail impressionnant.<\/div>\n<div><\/div>\n<div><\/div>\n<div><strong>Capteur Sony IMX662 (Starvis 2)<\/strong><\/div>\n<div><\/div>\n<div>Le capteur ultrasensible Sony IMX662 \u00e0 faible bruit garantit une qualit\u00e9 d&rsquo;image stable, m\u00eame avec de longs temps d&rsquo;exposition en photographie du ciel profond. Obtenez des r\u00e9sultats exceptionnels, m\u00eame au plus profond de la nuit. <\/div>\n<div><\/div>\n<div><\/div>\n<div><strong>Triple filtre pour diff\u00e9rents sc\u00e9narios de prise de vue<\/strong><\/div>\n<div><\/div>\n<div>  &#8211; Dark Field Filter : r\u00e9duit automatiquement le bruit g\u00e9n\u00e9r\u00e9 par les expositions longues lors de la prise de vue du ciel profond.<\/div>\n<div>  &#8211; Filtre de blocage UV\/IR : bloque efficacement la lumi\u00e8re infrarouge pour garantir des images plus claires du ciel.<\/div>\n<div>  &#8211; Filtre de pollution lumineuse astronomique : Optimis\u00e9 pour les longueurs d&rsquo;onde OIII et Ha, il minimise l&rsquo;impact du clair de lune et de la pollution lumineuse urbaine et fournit des images cristallines des n\u00e9buleuses d&rsquo;\u00e9mission.<\/div>\n<div><\/div>\n<div><strong>R\u00e9duction intelligente du bruit avec post-traitement automatique<\/strong><\/div>\n<div><\/div>\n<div>Cr\u00e9ez des images \u00e0 bruit r\u00e9duit en un seul clic, tout en pr\u00e9servant les d\u00e9tails subtils du ciel. Vous obtiendrez des images claires m\u00eame dans des zones pollu\u00e9es par la lumi\u00e8re. Personnalisez le style d&rsquo;image et partagez instantan\u00e9ment vos superbes photos.  <\/div>\n<div><\/div>\n<div><strong>Photographier sans souci &#8211; Espace de stockage g\u00e9n\u00e9reux<\/strong><\/div>\n<div><\/div>\n<div>Avec 64 Go de m\u00e9moire eMMC, le Seestar S30 stocke facilement les images de plusieurs cibles. Plus de 300 tests rigoureux garantissent la stabilit\u00e9 du syst\u00e8me, ce qui vous permet de vous concentrer pleinement sur vos exp\u00e9riences d&rsquo;astronomie. <\/div>\n<div><\/div>\n<div><strong>WLAN double bande pour des connexions stables<\/strong><\/div>\n<div><\/div>\n<div>L&rsquo;antenne externe bi-bande renforc\u00e9e prend en charge les fr\u00e9quences 2.4G et 5G et assure une connexion stable et fluide dans un rayon de 20 m\u00e8tres. (Remarque : la 2.4G couvre de plus grandes distances, mais transmet un peu plus lentement. La port\u00e9e de 20 m\u00e8tres est la moyenne de plusieurs tests effectu\u00e9s dans des zones ouvertes sur la bande 2.4G). <\/div>\n<div><\/div>\n<div><strong>Les \u00e9toiles \u00e0 port\u00e9e de main &#8211; Avec l&rsquo;application intelligente Seestar<\/strong><\/div>\n<div><\/div>\n<div>Explorez le syst\u00e8me solaire, observez le ciel \u00e9toil\u00e9 ou profitez de vues pittoresques avec l&rsquo;application intelligente Seestar. Gr\u00e2ce aux diff\u00e9rents modes d&rsquo;image, aux instructions vocales et au contr\u00f4le transparent du smartphone, le Seestar S30 transforme facilement les d\u00e9butants en professionnels de l&rsquo;astronomie. <\/div>\n<div><\/div>\n<div><strong>Plongez dans la fascination du ciel nocturne et d\u00e9couvrez l&rsquo;astronomie sous un nouveau jour &#8211; avec le Seestar S30, tout le monde devient un observateur d&rsquo;\u00e9toiles !<\/strong><\/div>\n<div><\/div>\n<div><img decoding=\"async\" src=\"https:\/\/login01.myfactory.cloud\/FotoZumstein\/CustomUpload\/374O357O340O370O356O369O350O335O359O366O371O366O341O360O370O360O366O365O345O372O364O370O371O356O360O365O320O326O\/268.jpg?dp=1&amp;DocumentID=1821491&amp;DocMail=-1\"><\/div>\n<\/li>\n<\/ul>\n","protected":false},"excerpt":{"rendered":"<p>Seestar S30 SmartTelescope<\/p>\n<p>Je suis heureux de vous accueillir sur teleskopshop.ch et de vous pr\u00e9senter cet int\u00e9ressant SmartTelescope.<\/p>\n","protected":false},"featured_media":64421,"comment_status":"closed","ping_status":"closed","template":"","meta":{"_acf_changed":false},"product_brand":[1788],"product_cat":[1339,1779],"product_tag":[],"class_list":{"0":"post-64815","1":"product","2":"type-product","3":"status-publish","4":"has-post-thumbnail","6":"product_brand-zwo-asi","7":"product_cat-optique","8":"product_cat-telescope-intelligent","10":"first","11":"instock","12":"taxable","13":"shipping-taxable","14":"purchasable","15":"product-type-simple"},"acf":[],"_links":{"self":[{"href":"https:\/\/www.teleskopshop.ch\/fr\/wp-json\/wp\/v2\/product\/64815","targetHints":{"allow":["GET"]}}],"collection":[{"href":"https:\/\/www.teleskopshop.ch\/fr\/wp-json\/wp\/v2\/product"}],"about":[{"href":"https:\/\/www.teleskopshop.ch\/fr\/wp-json\/wp\/v2\/types\/product"}],"replies":[{"embeddable":true,"href":"https:\/\/www.teleskopshop.ch\/fr\/wp-json\/wp\/v2\/comments?post=64815"}],"wp:featuredmedia":[{"embeddable":true,"href":"https:\/\/www.teleskopshop.ch\/fr\/wp-json\/wp\/v2\/media\/64421"}],"wp:attachment":[{"href":"https:\/\/www.teleskopshop.ch\/fr\/wp-json\/wp\/v2\/media?parent=64815"}],"wp:term":[{"taxonomy":"product_brand","embeddable":true,"href":"https:\/\/www.teleskopshop.ch\/fr\/wp-json\/wp\/v2\/product_brand?post=64815"},{"taxonomy":"product_cat","embeddable":true,"href":"https:\/\/www.teleskopshop.ch\/fr\/wp-json\/wp\/v2\/product_cat?post=64815"},{"taxonomy":"product_tag","embeddable":true,"href":"https:\/\/www.teleskopshop.ch\/fr\/wp-json\/wp\/v2\/product_tag?post=64815"}],"curies":[{"name":"wp","href":"https:\/\/api.w.org\/{rel}","templated":true}]}}