{"id":64812,"date":"2026-02-03T15:27:37","date_gmt":"2026-02-03T14:27:37","guid":{"rendered":"https:\/\/www.teleskopshop.ch\/shop\/non class\u00e9\/smarttelescope-seestar-s30-pro\/"},"modified":"2026-02-03T15:27:37","modified_gmt":"2026-02-03T14:27:37","slug":"smarttelescope-seestar-s30-pro","status":"publish","type":"product","link":"https:\/\/www.teleskopshop.ch\/fr\/shop\/optique\/smarttelescope-seestar-s30-pro\/","title":{"rendered":"SmartTelescope Seestar S30 Pro"},"content":{"rendered":"<h1 class=\"page-title\"><span class=\"base\" data-ui-id=\"page-title-wrapper\">SmartTelescope Seestar S30 Pro<\/span><\/h1>\n<h3 class=\"page-title\"><span class=\"base\" data-ui-id=\"page-title-wrapper\">SmartTelescope Seestar S30 Pro<\/span><\/h3>\n<h4>Pr\u00e9commande<\/h4>\n<p>Le Seestar S30 Pro est un t\u00e9lescope intelligent compact avec une optique, une cam\u00e9ra, une monture, un contr\u00f4leur et une alimentation enti\u00e8rement int\u00e9gr\u00e9s. Il est con\u00e7u pour l&rsquo;observation automatis\u00e9e du ciel et l&rsquo;astrophotographie et permet de fonctionner sans composants externes suppl\u00e9mentaires. <\/p>\n<p>Le syst\u00e8me utilise un syst\u00e8me de cam\u00e9ra double avec deux capteurs Sony. Pour le t\u00e9l\u00e9objectif, un capteur Sony IMX585 de 8,3 m\u00e9gapixels est utilis\u00e9, compl\u00e9t\u00e9 par un capteur Sony IMX586 pour le grand angle, \u00e9galement de 8,3 m\u00e9gapixels. Tous deux fournissent une r\u00e9solution de 2160 \u00d7 3840 pixels. Le champ de vision est de 4,6\u00b0 au t\u00e9l\u00e9objectif et de 63\u00b0 au grand angle.   <\/p>\n<p>Le t\u00e9l\u00e9objectif poss\u00e8de une ouverture de 30 mm pour un rapport d&rsquo;ouverture de f\/5.3 et une longueur focale de 160 mm. L&rsquo;optique grand angle fonctionne avec une ouverture de 3,4 mm, f\/1,75 et une distance focale de 6 mm. Les deux optiques sont bas\u00e9es sur une conception apochromatique \u00e0 4 lentilles avec du verre ED. L&rsquo;autofocus est pris en charge au grand angle. La plage de mise au point s&rsquo;\u00e9tend de 6 m \u00e0 l&rsquo;infini dans le canal t\u00e9l\u00e9 et de 0,1 m \u00e0 l&rsquo;infini dans le canal grand angle.   <\/p>\n<p>Plusieurs filtres sont int\u00e9gr\u00e9s en interne, dont un filtre de coupure UV\/IR, un filtre de pollution lumineuse astronomique avec une bande passante OIII (30 nm) et Ha (20 nm) et un filtre de champ sombre. En outre, un filtre solaire magn\u00e9tique peut \u00eatre fix\u00e9 \u00e0 l&rsquo;ext\u00e9rieur. Le stockage des images se fait sur une m\u00e9moire eMMC int\u00e9gr\u00e9e de 128 Go, la sortie est possible en JPEG et FITS, les vid\u00e9os sont enregistr\u00e9es en MP4 ou AVI.  <\/p>\n<p>La monture Alt-Azimut int\u00e9gr\u00e9e prend \u00e9galement en charge un mode \u00e9quatorial. Le contr\u00f4le se fait par WLAN, Bluetooth ou USB-C. Le WLAN est pris en charge en 2,4 GHz et 5 GHz. L&rsquo;alimentation est fournie par USB-C avec 5 V et jusqu&rsquo;\u00e0 3 A. La batterie int\u00e9gr\u00e9e de 6000 mAh permet, selon le fabricant, une autonomie de 6 heures. Le bo\u00eetier est con\u00e7u pour un fonctionnement entre -10 \u00b0C et +40 \u00b0C.    <\/p>\n<ul>\n<li>Syst\u00e8me \u00e0 double capteur avec Sony IMX585 et IMX586<\/li>\n<li>Apochromate \u00e0 4 \u00e9l\u00e9ments avec verre ED<\/li>\n<li>Filtres astro et anti-pollution lumineuse int\u00e9gr\u00e9s<\/li>\n<li>128 Go de m\u00e9moire interne<\/li>\n<li>Monture Alt-Az avec mode EQ<\/li>\n<li>Batterie offrant jusqu&rsquo;\u00e0 six heures de fonctionnement<\/li>\n<\/ul>\n","protected":false},"excerpt":{"rendered":"<p>Seestar S30 Pro SmartTelescope<\/p>\n<p>Je suis heureux de vous accueillir sur teleskopshop.ch et de vous pr\u00e9senter ce SmartTelescope.<\/p>\n","protected":false},"featured_media":64438,"comment_status":"closed","ping_status":"closed","template":"","meta":{"_acf_changed":false},"product_brand":[1788],"product_cat":[1339,1779],"product_tag":[],"class_list":{"0":"post-64812","1":"product","2":"type-product","3":"status-publish","4":"has-post-thumbnail","6":"product_brand-zwo-asi","7":"product_cat-optique","8":"product_cat-telescope-intelligent","10":"first","11":"instock","12":"taxable","13":"shipping-taxable","14":"purchasable","15":"product-type-simple"},"acf":[],"_links":{"self":[{"href":"https:\/\/www.teleskopshop.ch\/fr\/wp-json\/wp\/v2\/product\/64812","targetHints":{"allow":["GET"]}}],"collection":[{"href":"https:\/\/www.teleskopshop.ch\/fr\/wp-json\/wp\/v2\/product"}],"about":[{"href":"https:\/\/www.teleskopshop.ch\/fr\/wp-json\/wp\/v2\/types\/product"}],"replies":[{"embeddable":true,"href":"https:\/\/www.teleskopshop.ch\/fr\/wp-json\/wp\/v2\/comments?post=64812"}],"wp:featuredmedia":[{"embeddable":true,"href":"https:\/\/www.teleskopshop.ch\/fr\/wp-json\/wp\/v2\/media\/64438"}],"wp:attachment":[{"href":"https:\/\/www.teleskopshop.ch\/fr\/wp-json\/wp\/v2\/media?parent=64812"}],"wp:term":[{"taxonomy":"product_brand","embeddable":true,"href":"https:\/\/www.teleskopshop.ch\/fr\/wp-json\/wp\/v2\/product_brand?post=64812"},{"taxonomy":"product_cat","embeddable":true,"href":"https:\/\/www.teleskopshop.ch\/fr\/wp-json\/wp\/v2\/product_cat?post=64812"},{"taxonomy":"product_tag","embeddable":true,"href":"https:\/\/www.teleskopshop.ch\/fr\/wp-json\/wp\/v2\/product_tag?post=64812"}],"curies":[{"name":"wp","href":"https:\/\/api.w.org\/{rel}","templated":true}]}}