{"id":64809,"date":"2026-04-08T15:12:49","date_gmt":"2026-04-08T13:12:49","guid":{"rendered":"https:\/\/www.teleskopshop.ch\/shop\/non%20class\u00e9\/oculaire-skywatcher-emerald-9mm\/"},"modified":"2026-04-08T16:16:56","modified_gmt":"2026-04-08T14:16:56","slug":"oculaire-skywatcher-emerald-9mm","status":"publish","type":"product","link":"https:\/\/www.teleskopshop.ch\/fr\/shop\/nouvelles-et-promotions\/oculaire-skywatcher-emerald-9mm\/","title":{"rendered":"Oculaire Skywatcher Emerald 9mm"},"content":{"rendered":"<h1>Oculaire Skywatcher Emerald 9mm<\/h1>\n<h2>9MM 82\u00b0 1,25&Prime; ULTRA GRAND ANGLE OCULAIRE<\/h2>\n<p>Sky-Watcher pr\u00e9sente le nouvel oculaire Emerald 9mm, con\u00e7u pour les astronomes qui pr\u00e9f\u00e8rent un contraste \u00e9lev\u00e9, un grand champ et un maximum de clart\u00e9. Il comprend un syst\u00e8me Premium \u00e0 7 lentilles. Cet oculaire de 1,25&Prime; offre un grand champ de vision de 82\u00b0, parfait pour l&rsquo;observation du ciel profond, de la Lune et l&rsquo;observation intensive des plan\u00e8tes.  <\/p>\n<p>Toutes les lentilles ont \u00e9t\u00e9 enti\u00e8rement trait\u00e9es antireflet \u00e0 large bande pour une transmission de lumi\u00e8re sup\u00e9rieure, un contraste \u00e9lev\u00e9 et des r\u00e9flexions internes minimales. Avec un d\u00e9gagement oculaire de 8 mm, l&rsquo;oculaire Emerald est \u00e9galement adapt\u00e9 \u00e0 l&rsquo;observation de longue dur\u00e9e. <\/p>\n<p>Fabriqu\u00e9s avec une grande pr\u00e9cision \u00e0 l&rsquo;aide de la technologie CNC, les oculaires de la s\u00e9rie Emerald allient des performances optiques \u00e9lev\u00e9es \u00e0 une \u00e9l\u00e9gance et une construction robuste qui s\u00e9duisent.<\/p>\n<p>Que vous scanniez la Voie lact\u00e9e ou observiez de fins d\u00e9tails sur la Lune, l&rsquo;oculaire Sky-Watcher Emerald 9mm offre des performances sans compromis pour tous vos besoins d&rsquo;observation astronomique.<\/p>\n<p>Magnifiquement fini avec une finition en aluminium anodis\u00e9 brillant. Filetage permettant d&rsquo;ins\u00e9rer des filtres standard de 1,25&Prime; dans le manchon enfichable. <\/p>\n<p><strong>\u00c9quipement :<\/strong><\/p>\n<ul>\n<li>Longueur focale : 9 mm<\/li>\n<li>Douille : 1,25&Prime; (31.75mm)<\/li>\n<li>Champ visuel apparent : 82\u00b0 ultra grand angle<\/li>\n<li>Distance entre les yeux : 8mm<\/li>\n<li>Oeilleton en caoutchouc souple pour une observation confortable<\/li>\n<li>Filetage pour filtre de 1,25<\/li>\n<li>Optique : Design \u00e0 7 \u00e9l\u00e9ments avec rev\u00eatement antireflet \u00e0 large bande<\/li>\n<li>Bords de lentilles noircis<\/li>\n<li>Construction : bo\u00eetier usin\u00e9 CNC avec une finition attrayante<\/li>\n<li>Poids : 165g<\/li>\n<\/ul>\n<p><strong>Contenu de la livraison :<\/strong><\/p>\n<ul>\n<li>Oculaire grand angle 9mm<\/li>\n<li>Oeilleton<\/li>\n<li>Capuchons anti-poussi\u00e8re<\/li>\n<\/ul>\n<p>&nbsp;<\/p>\n<div class=\"row-fluid\">\n<div class=\"col-sm-10 partialHeader\">G\u00c9N\u00c9RAL<\/div>\n<div class=\"col-sm-24\">\n<div class=\"row attributrow\">\n<div class=\"col-sm-10\">Poids d&rsquo;exp\u00e9dition 0.3kg<\/div>\n<\/div>\n<\/div>\n<div class=\"col-sm-24\">\n<div class=\"row attributrow\">\n<div class=\"col-sm-10\">Taille d&rsquo;exp\u00e9dition 15x7x7cm<\/div>\n<\/div>\n<\/div>\n<\/div>\n<div class=\"row-fluid\">\n<div class=\"col-sm-10 partialHeader\">ACCESSOIRES<\/div>\n<div class=\"col-sm-24\">\n<div class=\"row attributrow\">\n<div class=\"col-sm-10\">Type<\/div>\n<div class=\"col-sm-14\">Oculaire ultra grand angle<\/div>\n<\/div>\n<\/div>\n<div class=\"col-sm-24\">\n<div class=\"row attributrow\">\n<div class=\"col-sm-10\">Longueur focale (mm) 9<\/div>\n<\/div>\n<\/div>\n<div class=\"col-sm-24\">\n<div class=\"row attributrow\">\n<div class=\"col-sm-10\">Champ de vision propre (\u00b0) 82<\/div>\n<\/div>\n<\/div>\n<div class=\"col-sm-24\">\n<div class=\"row attributrow\">\n<div class=\"col-sm-10\">Connecteur 1.25<\/div>\n<\/div>\n<\/div>\n<div class=\"col-sm-24\">\n<div class=\"row attributrow\">\n<div class=\"col-sm-10\">R\u00e9mun\u00e9ration Large bande Coating<\/div>\n<\/div>\n<\/div>\n<div class=\"col-sm-24\">\n<div class=\"row attributrow\">\n<div class=\"col-sm-10\">Mat\u00e9riau Alu<\/div>\n<\/div>\n<\/div>\n<\/div>\n","protected":false},"excerpt":{"rendered":"<p>Je suis heureux de pr\u00e9senter cet oculaire ici sur teleskophop.ch.<\/p>\n","protected":false},"featured_media":64766,"comment_status":"closed","ping_status":"closed","template":"","meta":{"_acf_changed":false},"product_brand":[675],"product_cat":[1336,1522,1477,1480,1339],"product_tag":[],"class_list":{"0":"post-64809","1":"product","2":"type-product","3":"status-publish","4":"has-post-thumbnail","6":"product_brand-skywatcher","7":"product_cat-nouvelles-et-promotions","8":"product_cat-extensions-optiques","9":"product_cat-oculaires","10":"product_cat-oculaires-1-25","11":"product_cat-optique","13":"first","14":"instock","15":"taxable","16":"shipping-taxable","17":"purchasable","18":"product-type-simple"},"acf":[],"_links":{"self":[{"href":"https:\/\/www.teleskopshop.ch\/fr\/wp-json\/wp\/v2\/product\/64809","targetHints":{"allow":["GET"]}}],"collection":[{"href":"https:\/\/www.teleskopshop.ch\/fr\/wp-json\/wp\/v2\/product"}],"about":[{"href":"https:\/\/www.teleskopshop.ch\/fr\/wp-json\/wp\/v2\/types\/product"}],"replies":[{"embeddable":true,"href":"https:\/\/www.teleskopshop.ch\/fr\/wp-json\/wp\/v2\/comments?post=64809"}],"wp:featuredmedia":[{"embeddable":true,"href":"https:\/\/www.teleskopshop.ch\/fr\/wp-json\/wp\/v2\/media\/64766"}],"wp:attachment":[{"href":"https:\/\/www.teleskopshop.ch\/fr\/wp-json\/wp\/v2\/media?parent=64809"}],"wp:term":[{"taxonomy":"product_brand","embeddable":true,"href":"https:\/\/www.teleskopshop.ch\/fr\/wp-json\/wp\/v2\/product_brand?post=64809"},{"taxonomy":"product_cat","embeddable":true,"href":"https:\/\/www.teleskopshop.ch\/fr\/wp-json\/wp\/v2\/product_cat?post=64809"},{"taxonomy":"product_tag","embeddable":true,"href":"https:\/\/www.teleskopshop.ch\/fr\/wp-json\/wp\/v2\/product_tag?post=64809"}],"curies":[{"name":"wp","href":"https:\/\/api.w.org\/{rel}","templated":true}]}}