{"id":64803,"date":"2026-04-08T16:08:02","date_gmt":"2026-04-08T14:08:02","guid":{"rendered":"https:\/\/www.teleskopshop.ch\/shop\/non%20class\u00e9\/acuter-luma-x-40ed-telescope-solaire-h-alpha\/"},"modified":"2026-04-10T14:23:04","modified_gmt":"2026-04-10T12:23:04","slug":"acuter-luma-x-40ed-telescope-solaire-h-alpha","status":"publish","type":"product","link":"https:\/\/www.teleskopshop.ch\/fr\/shop\/nouvelles-et-promotions\/acuter-luma-x-40ed-telescope-solaire-h-alpha\/","title":{"rendered":"Acuter Luma-X 40ED T\u00e9lescope solaire H-Alpha"},"content":{"rendered":"<h1>Acuter Luma-X 40ED T\u00e9lescope solaire H-Alpha<\/h1>\n<h2>40MM ED F\/6,25 T\u00c9LESCOPE \u00c0 DOUBLE USAGE H-ALPHA PROTUB\u00c9RANCES \/ TACHES DE LUMI\u00c8RE BLANCHE DU SOLEIL<\/h2>\n<h3><em><strong>Il n&rsquo;existe que 250 exemplaires de ce t\u00e9lescope solaire dans le monde. J&rsquo;ai r\u00e9ussi \u00e0 en obtenir un ! N&rsquo;h\u00e9sitez pas \u00e0 en profiter. \u00ab\u00a0La fin est le commencement\u00a0\u00bb.   <\/strong><\/em><br \/>\nLa livraison aura lieu au cours du printemps<\/h3>\n<p><strong>Acuter est une marque leader mondial de produits innovants et de haute qualit\u00e9 pour l&rsquo;astronomie amateur et l&rsquo;enseignement.<\/strong><\/p>\n<p>Le Luma-X 40ED r\u00e9volutionnaire d&rsquo;Acuter repr\u00e9sente un niveau remarquable de sp\u00e9cifications et de performances \u00e0 un prix abordable. Il est dot\u00e9 d&rsquo;innovations r\u00e9volutionnaires, disponibles pour la premi\u00e8re fois au monde, telles que le design du tube t\u00e9lescopique carr\u00e9 et le design exclusif du miroir z\u00e9nithal r\u00e9versible, qui permet de passer d&rsquo;un t\u00e9lescope pour protub\u00e9rances H-Alpha \u00e0 un t\u00e9lescope solaire en lumi\u00e8re blanche pour l&rsquo;observation des taches solaires. Le t\u00e9lescope contient un \u00e9l\u00e9ment en verre ED qui am\u00e9liore la nettet\u00e9 et le contraste, ainsi que la fid\u00e9lit\u00e9 des couleurs et la reproduction des d\u00e9tails. <\/p>\n<p>L&rsquo;Acuter Luma-X 40ED est un t\u00e9lescope solaire s\u00fbr, \u00e9quip\u00e9 d&rsquo;un \u00e9talon frontal de 40 mm avec une demi-largeur Angstrom de 0,6 ou plus pour l&rsquo;observation des protub\u00e9rances solaires actives et d&rsquo;autres d\u00e9tails de la surface solaire dans la bande H-Alpha.<\/p>\n<p>En observant le Soleil dans la bande \u00e9troite H-Alpha, vous serez r\u00e9compens\u00e9 par des observations en temps r\u00e9el impressionnantes, \u00e9poustouflantes et majestueuses de notre \u00e9toile la plus proche, avec de superbes d\u00e9tails tels que les \u00e9ruptions solaires, les protub\u00e9rances, les spicules, la granulation, les taches solaires et bien plus encore !<\/p>\n<p>Le kit comprend un adaptateur universel pour appareil photo de smartphone afin d&rsquo;immortaliser vos observations.<\/p>\n<p>Le Luma-X 40ED d&rsquo;Acuter est conforme et satisfait aux exigences de transmission de la norme ISO 12312-2:2015 (filtres pour l&rsquo;observation directe du soleil). Suivez toujours les instructions du manuel. <\/p>\n<p><strong>Informations sur la s\u00e9curit\u00e9 :<\/strong><\/p>\n<p><strong>Soyez extr\u00eamement prudent lorsque vous observez le soleil. Une mauvaise utilisation peut entra\u00eener des dommages oculaires graves et irr\u00e9versibles ! <\/strong><\/p>\n<p><strong>Le filtre bloquant de 8 mm dans le miroir z\u00e9nithal d\u00e9montable fait partie de l&rsquo;\u00e9quipement de s\u00e9curit\u00e9 du Luma-X 40ED. N&rsquo;utilisez jamais le t\u00e9lescope avec un autre miroir z\u00e9nithal pour l&rsquo;observation du soleil. <\/strong><\/p>\n<ul>\n<li>Diam\u00e8tre optique : 40mm (avec \u00e9l\u00e9ment ED Glass)<\/li>\n<li>Grossissement (avec l&rsquo;oculaire fourni) : 15,6x &#8211; 50x<\/li>\n<li>Oculaire inclus (1,25&Prime;) : zoom 5-16mm<\/li>\n<li>Longueur focale du t\u00e9lescope : 250mm (f\/6,25)<\/li>\n<li>Etalon avant : diam\u00e8tre : 40mm, demi-largeur : &lt;0,6 Angstrom<\/li>\n<li>M\u00e9thode de r\u00e9glage : R\u00e9glage de la pression<\/li>\n<li>Filtre bloquant de 8 mm<\/li>\n<li>Filtre vert et densit\u00e9 neutre mont\u00e9 en interne pour l&rsquo;observation des taches solaires<\/li>\n<li>Miroir solaire z\u00e9nithal \u00e0 90\u00b0 (1,25&Prime;)<\/li>\n<li>Viseur solaire de s\u00e9curit\u00e9<\/li>\n<li>\u00c9cran lumineux pour une observation confortable<\/li>\n<li>Focalisateur Crayford<\/li>\n<li>Rail prismatique de 45 mm avec filetage photo 1\/4<\/li>\n<li>Adaptateur universel pour smartphone inclus<\/li>\n<li>Utilisable avec des cam\u00e9ras CCD dot\u00e9es d&rsquo;un adaptateur 1,25&Prime; et d&rsquo;un backfocus maximal de 25 mm ou moins<\/li>\n<li>Sky-Watcher SolarQuest Solar Go-To\/Tracking Monture recommand\u00e9e (en option, non incluse)<\/li>\n<li>Certification de conformit\u00e9 \u00e0 la s\u00e9curit\u00e9 : ISO12312-2:2015<\/li>\n<li>Longueur de l&rsquo;OTA : 275mm<\/li>\n<li>Poids de l&rsquo;OTA : 1,9kg<\/li>\n<li>Mallette de transport Hard Shell<\/li>\n<\/ul>\n<p><strong>Contenu de la livraison :<\/strong><\/p>\n<ul>\n<li>T\u00e9lescope solaire Luma-X 40ED<\/li>\n<li>Miroir z\u00e9nithal \u00e0 double usage<\/li>\n<li>Chercheur de soleil<\/li>\n<li>Panneau lumineux<\/li>\n<li>Oculaire zoom<\/li>\n<li>Support pour smartphone<\/li>\n<li>Rail prismatique<\/li>\n<li>Mallette de transport<\/li>\n<\/ul>\n<p>&nbsp;<\/p>\n<div class=\"row-fluid\">\n<div class=\"col-sm-10 partialHeader\">G\u00c9N\u00c9RAL<\/div>\n<div class=\"col-sm-24\">\n<div class=\"row attributrow\">\n<div class=\"col-sm-10\">Poids d&rsquo;exp\u00e9dition 4kg<\/div>\n<\/div>\n<\/div>\n<div class=\"col-sm-24\">\n<div class=\"row attributrow\">\n<div class=\"col-sm-10\">Taille d&rsquo;exp\u00e9dition 40x30x20cm<\/div>\n<\/div>\n<\/div>\n<\/div>\n<div class=\"row-fluid\">\n<div class=\"col-sm-10 partialHeader\">OPTIQUE<\/div>\n<div class=\"col-sm-24\">\n<div class=\"row attributrow\">\n<div class=\"col-sm-10\">Type de r\u00e9fracteur avec filtre Etalon H-alpha<\/div>\n<\/div>\n<\/div>\n<div class=\"col-sm-24\">\n<div class=\"row attributrow\">\n<div class=\"col-sm-10\">Longueur focale (mm) 250<\/div>\n<\/div>\n<\/div>\n<div class=\"col-sm-24\">\n<div class=\"row attributrow\">\n<div class=\"col-sm-10\">Ouverture (mm) 40<\/div>\n<\/div>\n<\/div>\n<div class=\"col-sm-24\">\n<div class=\"row attributrow\">\n<div class=\"col-sm-10\">Rapport d&rsquo;ouverture f\/6,25<\/div>\n<\/div>\n<\/div>\n<div class=\"col-sm-24\">\n<div class=\"row attributrow\">\n<div class=\"col-sm-10\">Porte-oculaire Crayford<\/div>\n<\/div>\n<\/div>\n<div class=\"col-sm-24\">\n<div class=\"row attributrow\">\n<div class=\"col-sm-10\">Poids du tube (kg) 1,9<\/div>\n<\/div>\n<\/div>\n<\/div>\n","protected":false},"excerpt":{"rendered":"<p>Acuter Luma-X 40ED H-Alpha T\u00e9lescope solaire Je suis heureux de vous pr\u00e9senter ce t\u00e9lescope solaire unique pour la lumi\u00e8re blanche et H-Alpha ici sur teleskopshop.ch<\/p>\n","protected":false},"featured_media":64800,"comment_status":"closed","ping_status":"closed","template":"","meta":{"_acf_changed":false},"product_brand":[678],"product_cat":[1336,1339,1648],"product_tag":[],"class_list":{"0":"post-64803","1":"product","2":"type-product","3":"status-publish","4":"has-post-thumbnail","6":"product_brand-acuter","7":"product_cat-nouvelles-et-promotions","8":"product_cat-optique","9":"product_cat-telescopes-solaires","11":"first","12":"instock","13":"taxable","14":"shipping-taxable","15":"purchasable","16":"product-type-simple"},"acf":[],"_links":{"self":[{"href":"https:\/\/www.teleskopshop.ch\/fr\/wp-json\/wp\/v2\/product\/64803","targetHints":{"allow":["GET"]}}],"collection":[{"href":"https:\/\/www.teleskopshop.ch\/fr\/wp-json\/wp\/v2\/product"}],"about":[{"href":"https:\/\/www.teleskopshop.ch\/fr\/wp-json\/wp\/v2\/types\/product"}],"replies":[{"embeddable":true,"href":"https:\/\/www.teleskopshop.ch\/fr\/wp-json\/wp\/v2\/comments?post=64803"}],"wp:featuredmedia":[{"embeddable":true,"href":"https:\/\/www.teleskopshop.ch\/fr\/wp-json\/wp\/v2\/media\/64800"}],"wp:attachment":[{"href":"https:\/\/www.teleskopshop.ch\/fr\/wp-json\/wp\/v2\/media?parent=64803"}],"wp:term":[{"taxonomy":"product_brand","embeddable":true,"href":"https:\/\/www.teleskopshop.ch\/fr\/wp-json\/wp\/v2\/product_brand?post=64803"},{"taxonomy":"product_cat","embeddable":true,"href":"https:\/\/www.teleskopshop.ch\/fr\/wp-json\/wp\/v2\/product_cat?post=64803"},{"taxonomy":"product_tag","embeddable":true,"href":"https:\/\/www.teleskopshop.ch\/fr\/wp-json\/wp\/v2\/product_tag?post=64803"}],"curies":[{"name":"wp","href":"https:\/\/api.w.org\/{rel}","templated":true}]}}