{"id":64121,"date":"2025-11-24T13:53:49","date_gmt":"2025-11-24T12:53:49","guid":{"rendered":"https:\/\/www.teleskopshop.ch\/?post_type=product&#038;p=64121"},"modified":"2025-11-24T13:53:49","modified_gmt":"2025-11-24T12:53:49","slug":"skywatcher-photovisuelles-20mm-okular","status":"publish","type":"product","link":"https:\/\/www.teleskopshop.ch\/fr\/shop\/optik\/skywatcher-photovisuelles-20mm-okular\/","title":{"rendered":"Skywatcher Photovisuelles 20mm Okular"},"content":{"rendered":"<h1>Skywatcher Photovisuelles 20mm Okular<\/h1>\n<h2>PHOTOVISUELLES OKULAR F\u00dcR DIE VERWENDUNG MIT DEM SMARTPHOTO\u2122 ADAPTER<\/h2>\n<p>Das neue Photovisuelle Sky-Watcher Okular mit 20mm Brennweite wurde speziell f\u00fcr die Verwendung mit dem\u00a0SmartPhoto\u2122 Smartphone Adapter entwickelt. Das Okular erm\u00f6glicht die Fotografie mit einer hohen Vergr\u00f6\u00dferung am Teleskop mit Ihrem Smartphone. Nat\u00fcrlich kann das Okular aber auch als visuelles Okular f\u00fcr die Beobachtung genutzt werden.<\/p>\n<p><strong>Lieferumfang:<\/strong><\/p>\n<ul>\n<li>20mm Okular<\/li>\n<li>2 Staubkappen<\/li>\n<\/ul>\n<div class=\"row-fluid\">\n<div class=\"col-sm-10 partialHeader\">ALLGEMEIN<\/div>\n<div class=\"col-sm-24\">\n<div class=\"row attributrow\">\n<div class=\"col-sm-10\">Versandgewicht<\/div>\n<div class=\"col-sm-14\">0.05kg<\/div>\n<\/div>\n<\/div>\n<div class=\"col-sm-24\">\n<div class=\"row attributrow\">\n<div class=\"col-sm-10\">Versandgr\u00f6\u00dfe<\/div>\n<div class=\"col-sm-14\">6x3x3cm<\/div>\n<\/div>\n<\/div>\n<\/div>\n<div class=\"row-fluid\">\n<div class=\"col-sm-10 partialHeader\">ZUBEH\u00d6R<\/div>\n<div class=\"col-sm-24\">\n<div class=\"row attributrow\">\n<div class=\"col-sm-10\">Typ<\/div>\n<div class=\"col-sm-14\">Photovisuelles Okular<\/div>\n<\/div>\n<\/div>\n<div class=\"col-sm-24\">\n<div class=\"row attributrow\">\n<div class=\"col-sm-10\">Brennweite (mm)<\/div>\n<div class=\"col-sm-14\">20<\/div>\n<\/div>\n<\/div>\n<div class=\"col-sm-24\">\n<div class=\"row attributrow\">\n<div class=\"col-sm-10\">Anschluss<\/div>\n<div class=\"col-sm-14\">1,25&Prime;<\/div>\n<\/div>\n<\/div>\n<\/div>\n","protected":false},"excerpt":{"rendered":"<p>Skywatcher Photovisuelles 20mm Okular<br \/>\nEs freut mich Sie auf teleskopshop.ch zu begr\u00fcssen und Ihnen folgendes Okular pr\u00e4sentieren zu k\u00f6nnen.<\/p>\n","protected":false},"featured_media":64122,"comment_status":"closed","ping_status":"closed","template":"","meta":{"_acf_changed":false},"product_brand":[675],"product_cat":[495,532,496,497,498,591,592],"product_tag":[],"class_list":{"0":"post-64121","1":"product","2":"type-product","3":"status-publish","4":"has-post-thumbnail","6":"product_brand-skywatcher","7":"product_cat-optik","8":"product_cat-optische-erweiterungen","9":"product_cat-okulare","10":"product_cat-125-okulare","11":"product_cat-zubehoer","12":"product_cat-astrofotografie","13":"product_cat-astro-smartphone-adapter","15":"first","16":"instock","17":"taxable","18":"shipping-taxable","19":"purchasable","20":"product-type-simple"},"acf":[],"_links":{"self":[{"href":"https:\/\/www.teleskopshop.ch\/fr\/wp-json\/wp\/v2\/product\/64121","targetHints":{"allow":["GET"]}}],"collection":[{"href":"https:\/\/www.teleskopshop.ch\/fr\/wp-json\/wp\/v2\/product"}],"about":[{"href":"https:\/\/www.teleskopshop.ch\/fr\/wp-json\/wp\/v2\/types\/product"}],"replies":[{"embeddable":true,"href":"https:\/\/www.teleskopshop.ch\/fr\/wp-json\/wp\/v2\/comments?post=64121"}],"wp:featuredmedia":[{"embeddable":true,"href":"https:\/\/www.teleskopshop.ch\/fr\/wp-json\/wp\/v2\/media\/64122"}],"wp:attachment":[{"href":"https:\/\/www.teleskopshop.ch\/fr\/wp-json\/wp\/v2\/media?parent=64121"}],"wp:term":[{"taxonomy":"product_brand","embeddable":true,"href":"https:\/\/www.teleskopshop.ch\/fr\/wp-json\/wp\/v2\/product_brand?post=64121"},{"taxonomy":"product_cat","embeddable":true,"href":"https:\/\/www.teleskopshop.ch\/fr\/wp-json\/wp\/v2\/product_cat?post=64121"},{"taxonomy":"product_tag","embeddable":true,"href":"https:\/\/www.teleskopshop.ch\/fr\/wp-json\/wp\/v2\/product_tag?post=64121"}],"curies":[{"name":"wp","href":"https:\/\/api.w.org\/{rel}","templated":true}]}}