{"id":64087,"date":"2025-10-15T15:08:04","date_gmt":"2025-10-15T13:08:04","guid":{"rendered":"https:\/\/www.teleskopshop.ch\/shop\/non class\u00e9\/telescope-skywatcher-startravel-102-az-pronto\/"},"modified":"2025-10-15T15:08:04","modified_gmt":"2025-10-15T13:08:04","slug":"telescope-skywatcher-startravel-102-az-pronto","status":"publish","type":"product","link":"https:\/\/www.teleskopshop.ch\/fr\/shop\/optique\/telescope-skywatcher-startravel-102-az-pronto\/","title":{"rendered":"T\u00e9lescope Skywatcher Startravel-102 AZ Pronto"},"content":{"rendered":"<h1>T\u00e9lescope Skywatcher Startravel-102 AZ Pronto<\/h1>\n<h2>T\u00c9LESCOPE R\u00c9FRACTEUR 102MM (4&Prime;) F\/500 SUR MONTURE PRONTO AZIMUTALE<\/h2>\n<p><strong>Le t\u00e9lescope id\u00e9al, simple et maniable pour l&rsquo;astronomie visuelle, mais aussi pour l&rsquo;observation de la nature en journ\u00e9e !<\/strong><\/p>\n<p>Les t\u00e9lescopes Startravel de Sky-Watcher sont des r\u00e9fracteurs achromatiques \u00e0 fente d&rsquo;air \u00e0 2 \u00e9l\u00e9ments de haute qualit\u00e9, id\u00e9aux pour l&rsquo;observation \u00e0 grand champ des com\u00e8tes, des champs stellaires, des amas d&rsquo;\u00e9toiles, des n\u00e9buleuses, des galaxies lumineuses et des plan\u00e8tes, de la Lune et, avec des filtres sp\u00e9ciaux et s\u00fbrs, du Soleil, mais aussi pour l&rsquo;observation de la nature en plein jour. Ces t\u00e9lescopes \u00e0 grand champ courts sont parfaits pour l&rsquo;astrophotographie et la photographie terrestre avec votre appareil photo DSLR. Leur rapport d&rsquo;ouverture court les rend id\u00e9ales pour la photographie d&rsquo;\u00e9clipses de lune et de soleil, mais aussi pour la photographie de nature. La monture azimutale AZ Pronto de haute qualit\u00e9 et facile \u00e0 utiliser offre une grande stabilit\u00e9 en combinaison avec le tr\u00e9pied en acier inoxydable inclus et permet un r\u00e9glage pr\u00e9cis via les arbres flexibles sur les axes horizontaux (azimut) et verticaux (altitude). Pour une hauteur suppl\u00e9mentaire, le kit comprend une colonne d&rsquo;extension de 21,5 cm si n\u00e9cessaire. Un kit t\u00e9lescope\/monture performant et facile \u00e0 utiliser, particuli\u00e8rement recommand\u00e9 pour les d\u00e9butants, mais \u00e9galement utilisable par les observateurs exp\u00e9riment\u00e9s pour l&#8217;emporter partout avec eux.     <\/p>\n<p><strong>Avec l&rsquo;adaptateur pour smartphone inclus, vous pouvez faire vos premiers essais d&rsquo;astrophotographie !<\/strong><\/p>\n<ul>\n<li>Grossissement avec oculaires inclus : 25x &amp; 50x<\/li>\n<li>Agrandissement maximal utile : 204x<\/li>\n<li>Diam\u00e8tre de l&rsquo;objectif : 102mm<\/li>\n<li>Longueur focale du t\u00e9lescope : 500mm (f\/4,9)<\/li>\n<li>Oculaires inclus (1.25&Prime;) : 10mm &amp; 20mm Photovisuel<\/li>\n<li>Filetage de raccordement direct de la cam\u00e9ra (T2)<\/li>\n<li>Viseur \u00e0 point rouge<\/li>\n<li>Adaptateur universel pour appareil photo de smartphone (convient aux smartphones d&rsquo;une largeur de 54 \u00e0 90 mm)<\/li>\n<li>Focalisateur Dual-Fit 1.25&Prime;\/2<\/li>\n<li>45\u00ba Prisme d&rsquo;Amici 1,25<\/li>\n<li>Objectif multi-couches<\/li>\n<li>Monture azimutale AZ Pronto &amp; tr\u00e9pied Deluxe en acier inoxydable avec rangement pour accessoires<\/li>\n<li>Colonne d&rsquo;extension de 21,5cm<\/li>\n<li>Tr\u00e9pied extensible de 680mm \u00e0 1160mm<\/li>\n<li>Plage d&rsquo;orientation de la monture : 360\u00b0 (azimut), -70\u00b0 \u00e0 + 90\u00b0 (altitude)<\/li>\n<li>62,5% de capacit\u00e9 de collecte de lumi\u00e8re en plus par rapport \u00e0 un t\u00e9lescope de 80 mm<\/li>\n<\/ul>\n<p><strong>Contenu de la livraison :<\/strong><\/p>\n<ul>\n<li>T\u00eate de montage azimutale AZ Pronto<\/li>\n<li>2 arbres flexibles<\/li>\n<li>Tr\u00e9pied en acier inoxydable<\/li>\n<li>Startravel 102 T\u00e9lescope<\/li>\n<li>Viseur point rouge<\/li>\n<li>Oculaire de 10 mm &amp; 20 mm<\/li>\n<li>45\u00b0 Prisme d&rsquo;Amici 1,25<\/li>\n<li>Support pour smartphone<\/li>\n<\/ul>\n<p>&nbsp;<\/p>\n<div class=\"row-fluid\">\n<div class=\"col-sm-10 partialHeader\">G\u00c9N\u00c9RAL<\/div>\n<div class=\"col-sm-24\">\n<div class=\"row attributrow\">\n<div class=\"col-sm-10\">Poids d&rsquo;exp\u00e9dition<\/div>\n<div class=\"col-sm-14\">10kg<\/div>\n<\/div>\n<\/div>\n<div class=\"col-sm-24\">\n<div class=\"row attributrow\">\n<div class=\"col-sm-10\">Taille d&rsquo;exp\u00e9dition<\/div>\n<div class=\"col-sm-14\">86x44x26cm<\/div>\n<\/div>\n<\/div>\n<\/div>\n<div class=\"row-fluid\">\n<div class=\"col-sm-10 partialHeader\">OPTIQUE<\/div>\n<div class=\"col-sm-24\">\n<div class=\"row attributrow\">\n<div class=\"col-sm-10\">Type de construction<\/div>\n<div class=\"col-sm-14\">R\u00e9fracteur \u00e0 entrefer achromatique<\/div>\n<\/div>\n<\/div>\n<div class=\"col-sm-24\">\n<div class=\"row attributrow\">\n<div class=\"col-sm-10\">Longueur focale (mm)<\/div>\n<div class=\"col-sm-14\">500<\/div>\n<\/div>\n<\/div>\n<div class=\"col-sm-24\">\n<div class=\"row attributrow\">\n<div class=\"col-sm-10\">Ouverture (mm)<\/div>\n<div class=\"col-sm-14\">102<\/div>\n<\/div>\n<\/div>\n<div class=\"col-sm-24\">\n<div class=\"row attributrow\">\n<div class=\"col-sm-10\">Rapport d&rsquo;ouverture<\/div>\n<div class=\"col-sm-14\">f:4,9<\/div>\n<\/div>\n<\/div>\n<div class=\"col-sm-24\">\n<div class=\"row attributrow\">\n<div class=\"col-sm-10\">Porte-oculaire<\/div>\n<div class=\"col-sm-14\">Coulisse \u00e0 cr\u00e9maill\u00e8re 2<\/div>\n<\/div>\n<\/div>\n<div class=\"col-sm-24\">\n<div class=\"row attributrow\">\n<div class=\"col-sm-10\">Poids du tube (kg)<\/div>\n<div class=\"col-sm-14\">2<\/div>\n<\/div>\n<\/div>\n<\/div>\n<div class=\"row-fluid\">\n<div class=\"col-sm-10 partialHeader\">MONTAGE<\/div>\n<div class=\"col-sm-24\">\n<div class=\"row attributrow\">\n<div class=\"col-sm-10\">Type<\/div>\n<div class=\"col-sm-14\">Monture azimutale<\/div>\n<\/div>\n<\/div>\n<div class=\"col-sm-24\">\n<div class=\"row attributrow\">\n<div class=\"col-sm-10\">Max. Charge utile visuelle (kg) <\/div>\n<div class=\"col-sm-14\">3<\/div>\n<\/div>\n<\/div>\n<div class=\"col-sm-24\">\n<div class=\"row attributrow\">\n<div class=\"col-sm-10\">Poids total de la monture (kg)<\/div>\n<div class=\"col-sm-14\">4<\/div>\n<\/div>\n<\/div>\n<\/div>\n","protected":false},"excerpt":{"rendered":"<p>Skywatcher Startravel-102 (AZ Pronto) T\u00e9lescope<br \/>\nJe suis heureux de vous accueillir sur teleskopshop.ch et de vous pr\u00e9senter le t\u00e9lescope suivant.<\/p>\n","protected":false},"featured_media":64082,"comment_status":"closed","ping_status":"closed","template":"","meta":{"_acf_changed":false},"product_brand":[675],"product_cat":[1339,1633,1579,1630,1576,1567],"product_tag":[],"class_list":{"0":"post-64087","1":"product","2":"type-product","3":"status-publish","4":"has-post-thumbnail","6":"product_brand-skywatcher","7":"product_cat-optique","8":"product_cat-avec-monture-azimutale","9":"product_cat-azimutales","10":"product_cat-refracteur","11":"product_cat-telescope-pour-debutants","12":"product_cat-telescopes-fr","14":"first","15":"instock","16":"sale","17":"taxable","18":"shipping-taxable","19":"purchasable","20":"product-type-simple"},"acf":[],"_links":{"self":[{"href":"https:\/\/www.teleskopshop.ch\/fr\/wp-json\/wp\/v2\/product\/64087","targetHints":{"allow":["GET"]}}],"collection":[{"href":"https:\/\/www.teleskopshop.ch\/fr\/wp-json\/wp\/v2\/product"}],"about":[{"href":"https:\/\/www.teleskopshop.ch\/fr\/wp-json\/wp\/v2\/types\/product"}],"replies":[{"embeddable":true,"href":"https:\/\/www.teleskopshop.ch\/fr\/wp-json\/wp\/v2\/comments?post=64087"}],"wp:featuredmedia":[{"embeddable":true,"href":"https:\/\/www.teleskopshop.ch\/fr\/wp-json\/wp\/v2\/media\/64082"}],"wp:attachment":[{"href":"https:\/\/www.teleskopshop.ch\/fr\/wp-json\/wp\/v2\/media?parent=64087"}],"wp:term":[{"taxonomy":"product_brand","embeddable":true,"href":"https:\/\/www.teleskopshop.ch\/fr\/wp-json\/wp\/v2\/product_brand?post=64087"},{"taxonomy":"product_cat","embeddable":true,"href":"https:\/\/www.teleskopshop.ch\/fr\/wp-json\/wp\/v2\/product_cat?post=64087"},{"taxonomy":"product_tag","embeddable":true,"href":"https:\/\/www.teleskopshop.ch\/fr\/wp-json\/wp\/v2\/product_tag?post=64087"}],"curies":[{"name":"wp","href":"https:\/\/api.w.org\/{rel}","templated":true}]}}