{"id":64068,"date":"2025-10-14T14:18:48","date_gmt":"2025-10-14T12:18:48","guid":{"rendered":"https:\/\/www.teleskopshop.ch\/shop\/non class\u00e9\/telescope-newtonien-skywatcher-starquest-dx130p\/"},"modified":"2025-10-14T14:18:48","modified_gmt":"2025-10-14T12:18:48","slug":"telescope-newtonien-skywatcher-starquest-dx130p","status":"publish","type":"product","link":"https:\/\/www.teleskopshop.ch\/fr\/shop\/optique\/telescope-newtonien-skywatcher-starquest-dx130p\/","title":{"rendered":"T\u00e9lescope newtonien Skywatcher Starquest DX130P"},"content":{"rendered":"<h1>T\u00e9lescope newtonien Skywatcher Starquest DX130P<\/h1>\n<h2>130MM (5,1&Prime;) F\/5 PARABOLIQUE NEWTONIEN T\u00c9LESCOPE R\u00c9FLECTEUR SUR MONTURE \u00c9QUATORIALE<\/h2>\n<p><strong>T\u00e9lescope de haute qualit\u00e9 pour les d\u00e9butants, mais aussi pour les astronomes amateurs exp\u00e9riment\u00e9s.<\/strong><\/p>\n<p>La <strong>s\u00e9rie Starquest DX<\/strong> se compose de kits de t\u00e9lescopes enti\u00e8rement \u00e9quip\u00e9s avec une s\u00e9lection d&rsquo;optiques Sky-Watcher de haute qualit\u00e9 et \u00e9prouv\u00e9es et la nouvelle monture pr\u00e9cise StarQuest DX Deluxe, qui a donn\u00e9 son nom \u00e0 cette s\u00e9rie. Ces t\u00e9lescopes sont particuli\u00e8rement adapt\u00e9s aux d\u00e9butants, mais aussi aux astronomes amateurs plus exp\u00e9riment\u00e9s qui ne veulent pas faire de compromis sur la qualit\u00e9. Nous sommes certains que quel que soit le kit que vous choisirez, vous serez satisfait des performances optiques et de la monture solide qui vous permettront de vous lancer dans ce loisir fascinant qu&rsquo;est l&rsquo;astronomie.  <\/p>\n<p>Avec une ouverture de 130 mm et un superbe miroir parabolique principal, le r\u00e9flecteur newtonien <strong>Starquest DX130P<\/strong> est un puissant instrument polyvalent pour l&rsquo;observation de la Lune, des plan\u00e8tes brillantes, des n\u00e9buleuses, des galaxies et des amas d&rsquo;\u00e9toiles.<\/p>\n<p>La <strong>monture Starquest DX <\/strong>de nouvelle g\u00e9n\u00e9ration est une monture l\u00e9g\u00e8re de haute qualit\u00e9, facile \u00e0 utiliser, qui convient aussi bien aux d\u00e9butants qu&rsquo;aux observateurs exp\u00e9riment\u00e9s. Une fois align\u00e9e sur l&rsquo;\u00e9toile polaire, la monture permet de suivre facilement les objets c\u00e9lestes \u00e0 l&rsquo;aide des arbres flexibles. La monture offre une charge maximale de 5 kg et est livr\u00e9e sur un tr\u00e9pied en acier inoxydable stable et r\u00e9glable en hauteur pour une stabilit\u00e9 maximale. La monture est \u00e9quip\u00e9e d&rsquo;entra\u00eenements \u00e0 360\u00b0 sur les axes d&rsquo;ascension droite et de d\u00e9clinaison. En option, un entra\u00eenement motoris\u00e9 DC (n\u00b0 20940) peut \u00eatre install\u00e9 sur l&rsquo;axe de rectitude pour un suivi automatique. Pour les premiers essais de photographie du ciel nocturne, le kit comprend un adaptateur pour smartphone.     <\/p>\n<ul>\n<li>Grossissement avec les oculaires inclus : 32,5x &amp; 65x<\/li>\n<li>Agrandissement maximal raisonnable : 260x<\/li>\n<li>Diam\u00e8tre du miroir principal : 130mm<\/li>\n<li>Miroir principal parabolique &amp; miroir secondaire avec rev\u00eatement Radiant\u2122 Aluminum Quartz (RAQ\u2122) offrant jusqu&rsquo;\u00e0 94% de r\u00e9flectivit\u00e9 avec une stabilit\u00e9 optimale \u00e0 long terme<\/li>\n<li>Miroir principal parabolique dans une cellule enti\u00e8rement ajustable<\/li>\n<li>Longueur focale du t\u00e9lescope : 650mm (f\/5)<\/li>\n<li>Oculaires inclus : 10mm &amp; 20mm photovisuel<\/li>\n<li>Colliers de serrage avec rail prismatique de 45 mm<\/li>\n<li>Coulisse \u00e0 cr\u00e9maill\u00e8re<\/li>\n<li>Viseur \u00e0 point rouge<\/li>\n<li>Adaptateur universel pour smartphone (utilisable pour les smartphones de 54 \u00e0 90 mm de large)<\/li>\n<li>Monture \u00e9quatoriale StarQuest DX Deluxe<\/li>\n<li>Tr\u00e9pied en acier inoxydable r\u00e9glable en hauteur avec rangement pour les accessoires<\/li>\n<li>Arbres flexibles pour les axes RA et DEK<\/li>\n<li>Barre de contrepoids avec contrepoids de 3,5 kg<\/li>\n<li>Charge maximale : 5kg<\/li>\n<li>R\u00e9ducteur \u00e0 vis sans fin<\/li>\n<li>Grande roue dent\u00e9e de 95 mm en RA (avec 93 dents)<\/li>\n<li>Roue dent\u00e9e de 62mm en DEK (avec 60 dents)<\/li>\n<li>Accouplements dans l&rsquo;axe R. et DEK<\/li>\n<li>Cercles gradu\u00e9s r\u00e9glables sur les deux axes<\/li>\n<li>Pince \u00e0 prisme de 45 mm<\/li>\n<li>Poids de la t\u00eate de montage : 1,4kg<\/li>\n<li>Poids du tr\u00e9pied : 2,4kg<\/li>\n<li>Tr\u00e9pied extensible de 680mm \u00e0 1160mm<\/li>\n<li>Entra\u00eenement motoris\u00e9 RA disponible en option (n\u00b0 20940)<\/li>\n<li>Capacit\u00e9 de collecte de la lumi\u00e8re 30% sup\u00e9rieure \u00e0 celle d&rsquo;un t\u00e9lescope de 114 mm<\/li>\n<\/ul>\n<p><img decoding=\"async\" src=\"https:\/\/www.opticalvision.de\/fileadmin\/_processed_\/8\/7\/csm_RAQLogo_3afca0bcf4.jpg\" width=\"200\" height=\"133\"><\/p>\n<p><strong>Contenu de la livraison :<\/strong><\/p>\n<ul>\n<li>Tube de t\u00e9lescope newtonien de 130 mm<\/li>\n<li>Viseur \u00e0 point rouge<\/li>\n<li>Oculaires de 10 mm \/ 20 mm<\/li>\n<li>Support pour smartphone<\/li>\n<li>Monture Starquest DX avec tr\u00e9pied en acier inoxydable et repose-oculaire<\/li>\n<li>Arbres flexibles<\/li>\n<\/ul>\n<p>&nbsp;<\/p>\n<div class=\"row-fluid\">\n<div class=\"col-sm-10 partialHeader\">G\u00c9N\u00c9RAL<\/div>\n<div class=\"col-sm-24\">\n<div class=\"row attributrow\">\n<div class=\"col-sm-10\">Poids d&rsquo;exp\u00e9dition<\/div>\n<div class=\"col-sm-14\">12,0kg<\/div>\n<\/div>\n<\/div>\n<div class=\"col-sm-24\">\n<div class=\"row attributrow\">\n<div class=\"col-sm-10\">Taille d&rsquo;exp\u00e9dition<\/div>\n<div class=\"col-sm-14\">106x50x28cm<\/div>\n<\/div>\n<\/div>\n<\/div>\n<div class=\"row-fluid\">\n<div class=\"col-sm-10 partialHeader\">OPTIQUE<\/div>\n<div class=\"col-sm-24\">\n<div class=\"row attributrow\">\n<div class=\"col-sm-10\">Type de construction<\/div>\n<div class=\"col-sm-14\">T\u00e9lescope \u00e0 miroir Newton<\/div>\n<\/div>\n<\/div>\n<div class=\"col-sm-24\">\n<div class=\"row attributrow\">\n<div class=\"col-sm-10\">Longueur focale (mm)<\/div>\n<div class=\"col-sm-14\">650<\/div>\n<\/div>\n<\/div>\n<div class=\"col-sm-24\">\n<div class=\"row attributrow\">\n<div class=\"col-sm-10\">Ouverture (mm)<\/div>\n<div class=\"col-sm-14\">130<\/div>\n<\/div>\n<\/div>\n<div class=\"col-sm-24\">\n<div class=\"row attributrow\">\n<div class=\"col-sm-10\">Rapport d&rsquo;ouverture<\/div>\n<div class=\"col-sm-14\">f:5<\/div>\n<\/div>\n<\/div>\n<div class=\"col-sm-24\">\n<div class=\"row attributrow\">\n<div class=\"col-sm-10\">Porte-oculaire<\/div>\n<div class=\"col-sm-14\">Coulisse \u00e0 cr\u00e9maill\u00e8re<\/div>\n<\/div>\n<\/div>\n<div class=\"col-sm-24\">\n<div class=\"row attributrow\">\n<div class=\"col-sm-10\">Poids du tube (kg)<\/div>\n<div class=\"col-sm-14\">4<\/div>\n<\/div>\n<\/div>\n<\/div>\n<div class=\"row-fluid\">\n<div class=\"col-sm-10 partialHeader\">MONTAGE<\/div>\n<div class=\"col-sm-24\">\n<div class=\"row attributrow\">\n<div class=\"col-sm-10\">Type<\/div>\n<div class=\"col-sm-14\">Monture \u00e9quatoriale<\/div>\n<\/div>\n<\/div>\n<div class=\"col-sm-24\">\n<div class=\"row attributrow\">\n<div class=\"col-sm-10\">Nombre max. Charge utile visuelle (kg) <\/div>\n<div class=\"col-sm-14\">5<\/div>\n<\/div>\n<\/div>\n<div class=\"col-sm-24\">\n<div class=\"row attributrow\">\n<div class=\"col-sm-10\">Poids total de la monture (kg)<\/div>\n<div class=\"col-sm-14\">3.8<\/div>\n<\/div>\n<\/div>\n<\/div>\n","protected":false},"excerpt":{"rendered":"<p>T\u00e9lescope Skywatcher Starquest DX130P Newton<br \/>\nJe suis heureux de vous accueillir sur Teleskopshop.ch et de vous pr\u00e9senter ce produit.<\/p>\n","protected":false},"featured_media":64009,"comment_status":"closed","ping_status":"closed","template":"","meta":{"_acf_changed":false},"product_brand":[675],"product_cat":[1339,1606,1588,1600,1576,1567],"product_tag":[],"class_list":{"0":"post-64068","1":"product","2":"type-product","3":"status-publish","4":"has-post-thumbnail","6":"product_brand-skywatcher","7":"product_cat-optique","8":"product_cat-manuel","9":"product_cat-newtonien","10":"product_cat-reflecteur-newtonien","11":"product_cat-telescope-pour-debutants","12":"product_cat-telescopes-fr","14":"first","15":"instock","16":"sale","17":"taxable","18":"shipping-taxable","19":"purchasable","20":"product-type-simple"},"acf":[],"_links":{"self":[{"href":"https:\/\/www.teleskopshop.ch\/fr\/wp-json\/wp\/v2\/product\/64068","targetHints":{"allow":["GET"]}}],"collection":[{"href":"https:\/\/www.teleskopshop.ch\/fr\/wp-json\/wp\/v2\/product"}],"about":[{"href":"https:\/\/www.teleskopshop.ch\/fr\/wp-json\/wp\/v2\/types\/product"}],"replies":[{"embeddable":true,"href":"https:\/\/www.teleskopshop.ch\/fr\/wp-json\/wp\/v2\/comments?post=64068"}],"wp:featuredmedia":[{"embeddable":true,"href":"https:\/\/www.teleskopshop.ch\/fr\/wp-json\/wp\/v2\/media\/64009"}],"wp:attachment":[{"href":"https:\/\/www.teleskopshop.ch\/fr\/wp-json\/wp\/v2\/media?parent=64068"}],"wp:term":[{"taxonomy":"product_brand","embeddable":true,"href":"https:\/\/www.teleskopshop.ch\/fr\/wp-json\/wp\/v2\/product_brand?post=64068"},{"taxonomy":"product_cat","embeddable":true,"href":"https:\/\/www.teleskopshop.ch\/fr\/wp-json\/wp\/v2\/product_cat?post=64068"},{"taxonomy":"product_tag","embeddable":true,"href":"https:\/\/www.teleskopshop.ch\/fr\/wp-json\/wp\/v2\/product_tag?post=64068"}],"curies":[{"name":"wp","href":"https:\/\/api.w.org\/{rel}","templated":true}]}}