{"id":64058,"date":"2025-10-14T13:57:40","date_gmt":"2025-10-14T11:57:40","guid":{"rendered":"https:\/\/www.teleskopshop.ch\/shop\/non class\u00e9\/telescope-cassegrain-macsutov-skywatcher-starquest-dx102mc\/"},"modified":"2025-10-14T13:57:40","modified_gmt":"2025-10-14T11:57:40","slug":"telescope-cassegrain-macsutov-skywatcher-starquest-dx102mc","status":"publish","type":"product","link":"https:\/\/www.teleskopshop.ch\/fr\/shop\/optique\/telescope-cassegrain-macsutov-skywatcher-starquest-dx102mc\/","title":{"rendered":"T\u00e9lescope Cassegrain Macsutov Skywatcher Starquest DX102MC"},"content":{"rendered":"<h1>T\u00e9lescope Skywatcher Starquest DX102MC Maksutov Cassegrain<\/h1>\n<h2>102MM (4&Prime;) F\/12,7 MAKSUTOV CASSEGRAIN T\u00c9LESCOPE SUR MONTURE \u00c9QUATORIALE<\/h2>\n<p><strong>T\u00e9lescope de haute qualit\u00e9 pour les d\u00e9butants, mais aussi pour les astronomes amateurs exp\u00e9riment\u00e9s.<\/strong><\/p>\n<p>La <strong>s\u00e9rie Starquest DX<\/strong> se compose de kits de t\u00e9lescopes enti\u00e8rement \u00e9quip\u00e9s avec une s\u00e9lection d&rsquo;optiques Sky-Watcher de haute qualit\u00e9 et \u00e9prouv\u00e9es et la nouvelle monture pr\u00e9cise StarQuest DX Deluxe, qui a donn\u00e9 son nom \u00e0 cette s\u00e9rie. Ces t\u00e9lescopes sont particuli\u00e8rement adapt\u00e9s aux d\u00e9butants, mais aussi aux astronomes amateurs plus exp\u00e9riment\u00e9s qui ne veulent pas faire de compromis sur la qualit\u00e9. Nous sommes certains que quel que soit le kit que vous choisirez, vous serez satisfait des performances optiques et de la monture solide qui vous permettront de vous lancer dans ce loisir fascinant qu&rsquo;est l&rsquo;astronomie.  <\/p>\n<p>Le t\u00e9lescope compact mais tr\u00e8s puissant <strong>Starquest DX102MC<\/strong> Maksutov Cassegrain avec une ouverture de 102mm est id\u00e9al pour observer les \u00e9toiles doubles, les d\u00e9tails de la surface lunaire ou m\u00eame les plan\u00e8tes brillantes. Le Cassegrain Maksutov est une conception catadioptique qui utilise un miroir principal et un correcteur frontal, ce qui permet de plier efficacement la longue focale dans un tube de t\u00e9lescope compact. L&rsquo;optique \u00e0 longue focale et \u00e0 haute r\u00e9solution est multicouche pour un contraste et une nettet\u00e9 d&rsquo;image maximum.  <\/p>\n<p>La <strong>monture Starquest DX <\/strong>de nouvelle g\u00e9n\u00e9ration est une monture l\u00e9g\u00e8re de haute qualit\u00e9, facile \u00e0 utiliser, qui convient aussi bien aux d\u00e9butants qu&rsquo;aux observateurs exp\u00e9riment\u00e9s. Une fois align\u00e9e sur l&rsquo;\u00e9toile polaire, la monture permet de suivre facilement les objets c\u00e9lestes \u00e0 l&rsquo;aide des arbres flexibles. La monture offre une charge maximale de 5 kg et est livr\u00e9e sur un tr\u00e9pied en acier inoxydable stable et r\u00e9glable en hauteur pour une stabilit\u00e9 maximale. La monture est \u00e9quip\u00e9e d&rsquo;entra\u00eenements \u00e0 360\u00b0 sur les axes d&rsquo;ascension droite et de d\u00e9clinaison. En option, un entra\u00eenement motoris\u00e9 DC (n\u00b0 20940) peut \u00eatre install\u00e9 sur l&rsquo;axe de rectitude pour un suivi automatique. Pour les premiers essais de photographie du ciel nocturne, le kit comprend un adaptateur pour smartphone.     <\/p>\n<ul>\n<li>Grossissement avec oculaires inclus : 65x &amp; 130x<\/li>\n<li>Agrandissement maximal utile : 204x<\/li>\n<li>Diam\u00e8tre du miroir principal : 102mm<\/li>\n<li>Miroir principal parabolique &amp; miroir secondaire avec rev\u00eatement Radiant\u2122 Aluminum Quartz (RAQ\u2122) offrant jusqu&rsquo;\u00e0 94% de r\u00e9flectivit\u00e9 avec une stabilit\u00e9 optimale \u00e0 long terme<\/li>\n<li>Longueur focale du t\u00e9lescope : 1300mm (f\/12,7)<\/li>\n<li>Oculaires inclus : 10mm &amp; 20mm photovisuel<\/li>\n<li>Viseur \u00e0 point rouge<\/li>\n<li>Adaptateur universel pour smartphone (utilisable pour les smartphones de 54 \u00e0 90 mm de large)<\/li>\n<li>Miroir z\u00e9nithal \u00e0 90\u00ba 1,25<\/li>\n<li>Monture \u00e9quatoriale StarQuest DX Deluxe<\/li>\n<li>Tr\u00e9pied en acier inoxydable r\u00e9glable en hauteur avec rangement pour les accessoires<\/li>\n<li>Arbres flexibles pour les axes RA et DEK<\/li>\n<li>Barre de contrepoids avec contrepoids de 1 kg<\/li>\n<li>Charge maximale : 5kg<\/li>\n<li>R\u00e9ducteur \u00e0 vis sans fin<\/li>\n<li>Grande roue dent\u00e9e de 95 mm en RA (avec 93 dents)<\/li>\n<li>Roue dent\u00e9e de 62mm en DEK (avec 60 dents)<\/li>\n<li>Accouplements dans l&rsquo;axe R. et DEK<\/li>\n<li>Cercles gradu\u00e9s r\u00e9glables sur les deux axes<\/li>\n<li>Pince \u00e0 prisme de 45 mm<\/li>\n<li>Poids de la t\u00eate de montage : 1,4kg<\/li>\n<li>Poids du tr\u00e9pied : 2,4kg<\/li>\n<li>Tr\u00e9pied extensible de 680mm \u00e0 1160mm<\/li>\n<li>Entra\u00eenement motoris\u00e9 RA disponible en option (n\u00b0 20940)<\/li>\n<li>Capacit\u00e9 de collecte de la lumi\u00e8re sup\u00e9rieure de 28,4% \u00e0 celle d&rsquo;un t\u00e9lescope de 90 mm<\/li>\n<\/ul>\n<p><img decoding=\"async\" src=\"https:\/\/www.opticalvision.de\/fileadmin\/_processed_\/8\/7\/csm_RAQLogo_3afca0bcf4.jpg\" width=\"200\" height=\"133\"><\/p>\n<p><strong>Contenu de la livraison :<\/strong><\/p>\n<ul>\n<li>Tube de t\u00e9lescope Cassegrain Maksutov de 102 mm<\/li>\n<li>Viseur \u00e0 point rouge<\/li>\n<li>Oculaires de 10 mm \/ 20 mm<\/li>\n<li>Support pour smartphone<\/li>\n<li>Monture Starquest DX avec tr\u00e9pied en acier inoxydable et repose-oculaire<\/li>\n<li>Arbres flexibles<\/li>\n<\/ul>\n<p>&nbsp;<\/p>\n<div class=\"row-fluid\">\n<div class=\"col-sm-10 partialHeader\">G\u00c9N\u00c9RAL<\/div>\n<div class=\"col-sm-24\">\n<div class=\"row attributrow\">\n<div class=\"col-sm-10\">Poids d&rsquo;exp\u00e9dition<\/div>\n<div class=\"col-sm-14\">10,0kg<\/div>\n<\/div>\n<\/div>\n<div class=\"col-sm-24\">\n<div class=\"row attributrow\">\n<div class=\"col-sm-10\">Taille d&rsquo;exp\u00e9dition<\/div>\n<div class=\"col-sm-14\">85x36x23cm<\/div>\n<\/div>\n<\/div>\n<\/div>\n<div class=\"row-fluid\">\n<div class=\"col-sm-10 partialHeader\">OPTIQUE<\/div>\n<div class=\"col-sm-24\">\n<div class=\"row attributrow\">\n<div class=\"col-sm-10\">Type de construction<\/div>\n<div class=\"col-sm-14\">Macsutov Cassegrain<\/div>\n<\/div>\n<\/div>\n<div class=\"col-sm-24\">\n<div class=\"row attributrow\">\n<div class=\"col-sm-10\">Longueur focale (mm)<\/div>\n<div class=\"col-sm-14\">1300<\/div>\n<\/div>\n<\/div>\n<div class=\"col-sm-24\">\n<div class=\"row attributrow\">\n<div class=\"col-sm-10\">Ouverture (mm)<\/div>\n<div class=\"col-sm-14\">102<\/div>\n<\/div>\n<\/div>\n<div class=\"col-sm-24\">\n<div class=\"row attributrow\">\n<div class=\"col-sm-10\">Rapport d&rsquo;ouverture<\/div>\n<div class=\"col-sm-14\">f:12,7<\/div>\n<\/div>\n<\/div>\n<div class=\"col-sm-24\">\n<div class=\"row attributrow\">\n<div class=\"col-sm-10\">Porte-oculaire<\/div>\n<div class=\"col-sm-14\">Mise au point du miroir principal<\/div>\n<\/div>\n<\/div>\n<div class=\"col-sm-24\">\n<div class=\"row attributrow\">\n<div class=\"col-sm-10\">Poids du tube (kg)<\/div>\n<div class=\"col-sm-14\">3<\/div>\n<\/div>\n<\/div>\n<\/div>\n<div class=\"row-fluid\">\n<div class=\"col-sm-10 partialHeader\">MONTAGE<\/div>\n<div class=\"col-sm-24\">\n<div class=\"row attributrow\">\n<div class=\"col-sm-10\">Type<\/div>\n<div class=\"col-sm-14\">Monture \u00e9quatoriale<\/div>\n<\/div>\n<\/div>\n<div class=\"col-sm-24\">\n<div class=\"row attributrow\">\n<div class=\"col-sm-10\">Nombre max. Charge utile visuelle (kg) <\/div>\n<div class=\"col-sm-14\">5<\/div>\n<\/div>\n<\/div>\n<div class=\"col-sm-24\">\n<div class=\"row attributrow\">\n<div class=\"col-sm-10\">Poids total de la monture (kg)<\/div>\n<div class=\"col-sm-14\">3.5<\/div>\n<\/div>\n<\/div>\n<\/div>\n","protected":false},"excerpt":{"rendered":"<p>T\u00e9lescope Skywatcher Starquest DX102MC Maksutov Cassegrain<br \/>\nJe suis heureux de vous accueillir sur Teleskopshop.ch et de vous pr\u00e9senter ce produit.<\/p>\n","protected":false},"featured_media":63983,"comment_status":"closed","ping_status":"closed","template":"","meta":{"_acf_changed":false},"product_brand":[675],"product_cat":[1339,1585,1591,1576,1567],"product_tag":[],"class_list":{"0":"post-64058","1":"product","2":"type-product","3":"status-publish","4":"has-post-thumbnail","6":"product_brand-skywatcher","7":"product_cat-optique","8":"product_cat-cassegrain-de-maksutov","9":"product_cat-equatorial-fr","10":"product_cat-telescope-pour-debutants","11":"product_cat-telescopes-fr","13":"first","14":"instock","15":"sale","16":"taxable","17":"shipping-taxable","18":"purchasable","19":"product-type-simple"},"acf":[],"_links":{"self":[{"href":"https:\/\/www.teleskopshop.ch\/fr\/wp-json\/wp\/v2\/product\/64058","targetHints":{"allow":["GET"]}}],"collection":[{"href":"https:\/\/www.teleskopshop.ch\/fr\/wp-json\/wp\/v2\/product"}],"about":[{"href":"https:\/\/www.teleskopshop.ch\/fr\/wp-json\/wp\/v2\/types\/product"}],"replies":[{"embeddable":true,"href":"https:\/\/www.teleskopshop.ch\/fr\/wp-json\/wp\/v2\/comments?post=64058"}],"wp:featuredmedia":[{"embeddable":true,"href":"https:\/\/www.teleskopshop.ch\/fr\/wp-json\/wp\/v2\/media\/63983"}],"wp:attachment":[{"href":"https:\/\/www.teleskopshop.ch\/fr\/wp-json\/wp\/v2\/media?parent=64058"}],"wp:term":[{"taxonomy":"product_brand","embeddable":true,"href":"https:\/\/www.teleskopshop.ch\/fr\/wp-json\/wp\/v2\/product_brand?post=64058"},{"taxonomy":"product_cat","embeddable":true,"href":"https:\/\/www.teleskopshop.ch\/fr\/wp-json\/wp\/v2\/product_cat?post=64058"},{"taxonomy":"product_tag","embeddable":true,"href":"https:\/\/www.teleskopshop.ch\/fr\/wp-json\/wp\/v2\/product_tag?post=64058"}],"curies":[{"name":"wp","href":"https:\/\/api.w.org\/{rel}","templated":true}]}}