{"id":64056,"date":"2025-10-14T14:32:45","date_gmt":"2025-10-14T12:32:45","guid":{"rendered":"https:\/\/www.teleskopshop.ch\/shop\/non%20class\u00e9\/skywatcher-starquest-dx-deluxe-monture-equatoriale\/"},"modified":"2025-10-15T13:32:39","modified_gmt":"2025-10-15T11:32:39","slug":"skywatcher-starquest-dx-deluxe-monture-equatoriale","status":"publish","type":"product","link":"https:\/\/www.teleskopshop.ch\/fr\/shop\/montures\/skywatcher-starquest-dx-deluxe-monture-equatoriale\/","title":{"rendered":"Skywatcher Starquest DX Deluxe Monture \u00e9quatoriale"},"content":{"rendered":"<h1>Skywatcher Starquest DX Deluxe Monture \u00e9quatoriale<\/h1>\n<h2>MONTURE \u00c9QUATORIALE COMPACTE STARQUEST DX DELUXE<\/h2>\n<p>La <strong>monture Starquest DX <\/strong>de nouvelle g\u00e9n\u00e9ration est une monture l\u00e9g\u00e8re de haute qualit\u00e9, facile \u00e0 utiliser, qui convient aussi bien aux d\u00e9butants qu&rsquo;aux observateurs exp\u00e9riment\u00e9s. Une fois align\u00e9e sur l&rsquo;\u00e9toile polaire, la monture permet de suivre facilement les objets c\u00e9lestes \u00e0 l&rsquo;aide des arbres flexibles. La monture offre une charge maximale de 5 kg et est livr\u00e9e sur un tr\u00e9pied en acier inoxydable stable et r\u00e9glable en hauteur pour une stabilit\u00e9 maximale. La monture est \u00e9quip\u00e9e d&rsquo;entra\u00eenements \u00e0 360\u00b0 sur les axes d&rsquo;ascension droite et de d\u00e9clinaison. En option, un entra\u00eenement motoris\u00e9 DC (n\u00b0 20940) peut \u00eatre install\u00e9 sur l&rsquo;axe de rectitude pour un suivi automatique. Pour les premiers essais de photographie du ciel nocturne, le kit comprend un adaptateur pour smartphone.     <\/p>\n<ul>\n<li>Barre de contrepoids avec contrepoids de 2,5 kg<\/li>\n<li>Charge maximale : 5kg<\/li>\n<li>R\u00e9ducteur \u00e0 vis sans fin<\/li>\n<li>Grande roue dent\u00e9e de 95 mm en RA (avec 93 dents)<\/li>\n<li>Roue dent\u00e9e de 62mm en DEK (avec 60 dents)<\/li>\n<li>Accouplements dans l&rsquo;axe R. et DEK<\/li>\n<li>Cercles gradu\u00e9s r\u00e9glables sur les deux axes<\/li>\n<li>Pince \u00e0 prisme de 45 mm<\/li>\n<li>Poids de la t\u00eate de montage : 1,4kg<\/li>\n<li>Poids du tr\u00e9pied : 2,4kg<\/li>\n<li>Tr\u00e9pied extensible de 680mm \u00e0 1160mm<\/li>\n<li>Entra\u00eenement motoris\u00e9 RA disponible en option (n\u00b0 20940)<\/li>\n<\/ul>\n<p><strong>Contenu de la livraison :<\/strong><\/p>\n<ul>\n<li>Monture Starquest DX avec tr\u00e9pied en acier inoxydable et repose-oculaire<\/li>\n<li>Arbres flexibles<\/li>\n<li>Barre de contrepoids avec contrepoids 2,5kg<\/li>\n<\/ul>\n<p>&nbsp;<\/p>\n<div class=\"row-fluid\">\n<div class=\"col-sm-10 partialHeader\">G\u00c9N\u00c9RAL<\/div>\n<div class=\"col-sm-24\">\n<div class=\"row attributrow\">\n<div class=\"col-sm-10\">Poids d&rsquo;exp\u00e9dition<\/div>\n<div class=\"col-sm-14\">8kg<\/div>\n<\/div>\n<\/div>\n<div class=\"col-sm-24\">\n<div class=\"row attributrow\">\n<div class=\"col-sm-10\">Taille d&rsquo;exp\u00e9dition<\/div>\n<div class=\"col-sm-14\">80x40x20cm<\/div>\n<\/div>\n<\/div>\n<\/div>\n<div class=\"row-fluid\">\n<div class=\"col-sm-10 partialHeader\">MONTAGE<\/div>\n<div class=\"col-sm-24\">\n<div class=\"row attributrow\">\n<div class=\"col-sm-10\">Type<\/div>\n<div class=\"col-sm-14\">Monture \u00e9quatoriale<\/div>\n<\/div>\n<\/div>\n<div class=\"col-sm-24\">\n<div class=\"row attributrow\">\n<div class=\"col-sm-10\">Nombre max. Charge utile visuelle (kg) <\/div>\n<div class=\"col-sm-14\">5<\/div>\n<\/div>\n<\/div>\n<div class=\"col-sm-24\">\n<div class=\"row attributrow\">\n<div class=\"col-sm-10\">Poids total de la monture (kg)<\/div>\n<div class=\"col-sm-14\">3.8<\/div>\n<\/div>\n<\/div>\n<\/div>\n","protected":false},"excerpt":{"rendered":"<p>Skywatcher Starquest DX Deluxe Monture \u00e9quatoriale<\/p>\n<p>Je suis heureux de vous accueillir sur Teleskopshop.ch et de vous pr\u00e9senter ce produit.<\/p>\n","protected":false},"featured_media":64039,"comment_status":"closed","ping_status":"closed","template":"","meta":{"_acf_changed":false},"product_brand":[675],"product_cat":[1279,1333],"product_tag":[],"class_list":{"0":"post-64056","1":"product","2":"type-product","3":"status-publish","4":"has-post-thumbnail","6":"product_brand-skywatcher","7":"product_cat-montures","8":"product_cat-montures-equatoriales","10":"first","11":"instock","12":"taxable","13":"shipping-taxable","14":"purchasable","15":"product-type-simple"},"acf":[],"_links":{"self":[{"href":"https:\/\/www.teleskopshop.ch\/fr\/wp-json\/wp\/v2\/product\/64056","targetHints":{"allow":["GET"]}}],"collection":[{"href":"https:\/\/www.teleskopshop.ch\/fr\/wp-json\/wp\/v2\/product"}],"about":[{"href":"https:\/\/www.teleskopshop.ch\/fr\/wp-json\/wp\/v2\/types\/product"}],"replies":[{"embeddable":true,"href":"https:\/\/www.teleskopshop.ch\/fr\/wp-json\/wp\/v2\/comments?post=64056"}],"wp:featuredmedia":[{"embeddable":true,"href":"https:\/\/www.teleskopshop.ch\/fr\/wp-json\/wp\/v2\/media\/64039"}],"wp:attachment":[{"href":"https:\/\/www.teleskopshop.ch\/fr\/wp-json\/wp\/v2\/media?parent=64056"}],"wp:term":[{"taxonomy":"product_brand","embeddable":true,"href":"https:\/\/www.teleskopshop.ch\/fr\/wp-json\/wp\/v2\/product_brand?post=64056"},{"taxonomy":"product_cat","embeddable":true,"href":"https:\/\/www.teleskopshop.ch\/fr\/wp-json\/wp\/v2\/product_cat?post=64056"},{"taxonomy":"product_tag","embeddable":true,"href":"https:\/\/www.teleskopshop.ch\/fr\/wp-json\/wp\/v2\/product_tag?post=64056"}],"curies":[{"name":"wp","href":"https:\/\/api.w.org\/{rel}","templated":true}]}}