{"id":63933,"date":"2025-09-02T10:56:43","date_gmt":"2025-09-02T08:56:43","guid":{"rendered":"https:\/\/www.teleskopshop.ch\/shop\/non class\u00e9\/oculaire-skywatcher-emerald-22mm\/"},"modified":"2025-09-02T10:56:43","modified_gmt":"2025-09-02T08:56:43","slug":"oculaire-skywatcher-emerald-22mm","status":"publish","type":"product","link":"https:\/\/www.teleskopshop.ch\/fr\/shop\/optique\/extensions-optiques\/oculaires\/oculaire-skywatcher-emerald-22mm\/","title":{"rendered":"Oculaire Skywatcher Emerald 22mm"},"content":{"rendered":"<h1>Oculaire Skywatcher Emerald 22mm<\/h1>\n<h2>22MM 82\u00b0 2&Prime; ULTRA GRAND ANGLE OCULAIRE<\/h2>\n<p>Sky-Watcher pr\u00e9sente le nouvel oculaire Emerald 22mm, con\u00e7u pour les astronomes qui recherchent un contraste \u00e9lev\u00e9, un grand champ et un maximum de clart\u00e9. Il comprend un syst\u00e8me Premium \u00e0 7 lentilles. Cet oculaire de 2&Prime; offre un grand champ de vision de 82\u00b0, parfait pour l&rsquo;observation du ciel profond, de la Lune et des plan\u00e8tes.  <\/p>\n<p>Toutes les lentilles sont trait\u00e9es antireflet \u00e0 large bande pour une transmission lumineuse sup\u00e9rieure, un contraste \u00e9lev\u00e9 et un minimum de reflets internes. Avec un d\u00e9gagement oculaire de 18 mm, l&rsquo;oculaire Emerald est confortable pour les observations de longue dur\u00e9e, m\u00eame avec des lunettes. <\/p>\n<p>Fabriqu\u00e9s avec une grande pr\u00e9cision \u00e0 l&rsquo;aide de la technologie CNC, les oculaires de la s\u00e9rie Emerald allient des performances optiques \u00e9lev\u00e9es \u00e0 une \u00e9l\u00e9gance et une construction robuste qui s\u00e9duisent.<\/p>\n<p>Que vous scanniez la Voie lact\u00e9e ou observiez de fins d\u00e9tails sur la Lune, l&rsquo;oculaire Sky-Watcher Emerald 22mm offre des performances sans compromis pour tous vos besoins d&rsquo;observation astronomique.<\/p>\n<p>Magnifiquement fini avec une finition en aluminium anodis\u00e9 brillant. Filetage permettant d&rsquo;ins\u00e9rer des filtres standard de 2&Prime; dans le manchon enfichable. <\/p>\n<p><strong>\u00c9quipement :<\/strong><\/p>\n<ul>\n<li>Longueur focale : 22mm<\/li>\n<li>Douille : 2&Prime; (50.8mm)<\/li>\n<li>Champ visuel apparent : 82\u00b0 ultra grand angle<\/li>\n<li>Distance entre les yeux : 18mm &#8211; id\u00e9al pour les porteurs de lunettes<\/li>\n<li>Oeilleton en caoutchouc souple pour une observation confortable<\/li>\n<li>Filetage pour filtre 2<\/li>\n<li>Optique : Design \u00e0 7 \u00e9l\u00e9ments avec rev\u00eatement antireflet \u00e0 large bande<\/li>\n<li>Bords de lentilles noircis<\/li>\n<li>Construction : bo\u00eetier usin\u00e9 CNC avec une finition attrayante<\/li>\n<li>Poids : 600g<\/li>\n<\/ul>\n<p><strong>Contenu de la livraison :<\/strong><\/p>\n<ul>\n<li>Oculaire grand angle 22mm<\/li>\n<li>Oeilleton<\/li>\n<li>Capuchons anti-poussi\u00e8re<\/li>\n<\/ul>\n<p>&nbsp;<\/p>\n<div class=\"row-fluid\">\n<div class=\"col-sm-10 partialHeader\">G\u00c9N\u00c9RAL<\/div>\n<div class=\"col-sm-24\">\n<div class=\"row attributrow\">\n<div class=\"col-sm-10\">Poids d&rsquo;exp\u00e9dition<\/div>\n<div class=\"col-sm-14\">0.7kg<\/div>\n<\/div>\n<\/div>\n<div class=\"col-sm-24\">\n<div class=\"row attributrow\">\n<div class=\"col-sm-10\">Taille d&rsquo;exp\u00e9dition<\/div>\n<div class=\"col-sm-14\">16x8x8cm<\/div>\n<\/div>\n<\/div>\n<\/div>\n<div class=\"row-fluid\">\n<div class=\"col-sm-10 partialHeader\">ACCESSOIRES<\/div>\n<div class=\"col-sm-24\">\n<div class=\"row attributrow\">\n<div class=\"col-sm-10\">Type<\/div>\n<div class=\"col-sm-14\">Oculaire ultra grand angle<\/div>\n<\/div>\n<\/div>\n<div class=\"col-sm-24\">\n<div class=\"row attributrow\">\n<div class=\"col-sm-10\">Longueur focale (mm)<\/div>\n<div class=\"col-sm-14\">22<\/div>\n<\/div>\n<\/div>\n<div class=\"col-sm-24\">\n<div class=\"row attributrow\">\n<div class=\"col-sm-10\">Champ de vision propre (\u00b0)<\/div>\n<div class=\"col-sm-14\">82<\/div>\n<\/div>\n<\/div>\n<div class=\"col-sm-24\">\n<div class=\"row attributrow\">\n<div class=\"col-sm-10\">Connexion<\/div>\n<div class=\"col-sm-14\">2&Prime;<\/div>\n<\/div>\n<\/div>\n<div class=\"col-sm-24\">\n<div class=\"row attributrow\">\n<div class=\"col-sm-10\">R\u00e9mun\u00e9ration<\/div>\n<div class=\"col-sm-14\">Rev\u00eatement large bande<\/div>\n<\/div>\n<\/div>\n<div class=\"col-sm-24\">\n<div class=\"row attributrow\">\n<div class=\"col-sm-10\">Mat\u00e9riau<\/div>\n<div class=\"col-sm-14\">Alu<\/div>\n<\/div>\n<\/div>\n<\/div>\n","protected":false},"excerpt":{"rendered":"<p>Skywatcher Emerald 22mm Oculaire<br \/>\nJe suis heureux de vous accueillir sur Teleskopshop.ch et de vous pr\u00e9senter ce produit.<\/p>\n","protected":false},"featured_media":63909,"comment_status":"closed","ping_status":"closed","template":"","meta":{"_acf_changed":false},"product_brand":[675],"product_cat":[1477,1522,1483,1510,1339],"product_tag":[],"class_list":{"0":"post-63933","1":"product","2":"type-product","3":"status-publish","4":"has-post-thumbnail","6":"product_brand-skywatcher","7":"product_cat-oculaires","8":"product_cat-extensions-optiques","9":"product_cat-oculaires-2","10":"product_cat-oculaires-grand-angle","11":"product_cat-optique","13":"first","14":"instock","15":"taxable","16":"shipping-taxable","17":"purchasable","18":"product-type-simple"},"acf":[],"_links":{"self":[{"href":"https:\/\/www.teleskopshop.ch\/fr\/wp-json\/wp\/v2\/product\/63933","targetHints":{"allow":["GET"]}}],"collection":[{"href":"https:\/\/www.teleskopshop.ch\/fr\/wp-json\/wp\/v2\/product"}],"about":[{"href":"https:\/\/www.teleskopshop.ch\/fr\/wp-json\/wp\/v2\/types\/product"}],"replies":[{"embeddable":true,"href":"https:\/\/www.teleskopshop.ch\/fr\/wp-json\/wp\/v2\/comments?post=63933"}],"wp:featuredmedia":[{"embeddable":true,"href":"https:\/\/www.teleskopshop.ch\/fr\/wp-json\/wp\/v2\/media\/63909"}],"wp:attachment":[{"href":"https:\/\/www.teleskopshop.ch\/fr\/wp-json\/wp\/v2\/media?parent=63933"}],"wp:term":[{"taxonomy":"product_brand","embeddable":true,"href":"https:\/\/www.teleskopshop.ch\/fr\/wp-json\/wp\/v2\/product_brand?post=63933"},{"taxonomy":"product_cat","embeddable":true,"href":"https:\/\/www.teleskopshop.ch\/fr\/wp-json\/wp\/v2\/product_cat?post=63933"},{"taxonomy":"product_tag","embeddable":true,"href":"https:\/\/www.teleskopshop.ch\/fr\/wp-json\/wp\/v2\/product_tag?post=63933"}],"curies":[{"name":"wp","href":"https:\/\/api.w.org\/{rel}","templated":true}]}}