{"id":63764,"date":"2025-07-22T10:59:51","date_gmt":"2025-07-22T08:59:51","guid":{"rendered":"https:\/\/www.teleskopshop.ch\/shop\/non class\u00e9\/skywatcher-0-77x-focal-reducer-correcteur-pour-evostar-150edx\/"},"modified":"2025-07-22T10:59:51","modified_gmt":"2025-07-22T08:59:51","slug":"skywatcher-0-77x-focal-reducer-correcteur-pour-evostar-150edx","status":"publish","type":"product","link":"https:\/\/www.teleskopshop.ch\/fr\/shop\/astronomie-accessoires-fr\/skywatcher-0-77x-focal-reducer-correcteur-pour-evostar-150edx\/","title":{"rendered":"Skywatcher 0.77x Focal Reducer\/Correcteur pour Evostar-150EDX"},"content":{"rendered":"<h1>Skywatcher 0.77x Focal Reducer\/Correcteur pour Evostar-150EDX<\/h1>\n<h2>0.77X FOCAL REDUCER \/ CORRECTEUR POUR LES T\u00c9LESCOPES EVOSTAR-150EDX<\/h2>\n<p>Con\u00e7u pour la photographie et optimis\u00e9 pour les t\u00e9lescopes Evostar-150EDX, cet accessoire de haute qualit\u00e9 r\u00e9duit la distance focale des t\u00e9lescopes d&rsquo;un facteur 0,77x et permet une correction consid\u00e9rablement am\u00e9lior\u00e9e dans les coins de l&rsquo;image. Pour connecter votre appareil photo, vous pouvez utiliser les adaptateurs Sky-Watcher M48 sur Canon ou Nikon (20237 &amp; 20238). <\/p>\n<p><strong>Contenu de la livraison :<\/strong><\/p>\n<ul>\n<li>Focal Reducer \/ Correcteur<\/li>\n<li>Cache-poussi\u00e8re<\/li>\n<\/ul>\n<p><em>Disponibilit\u00e9 pr\u00e9vue pour la fin de l&rsquo;ann\u00e9e<\/em><\/p>\n<div class=\"row-fluid\">\n<div class=\"col-sm-10 partialHeader\">G\u00c9N\u00c9RAL<\/div>\n<div class=\"col-sm-24\">\n<div class=\"row attributrow\">\n<div class=\"col-sm-10\">Poids d&rsquo;exp\u00e9dition<\/div>\n<div class=\"col-sm-14\">0,5 kg<\/div>\n<\/div>\n<\/div>\n<div class=\"col-sm-24\">\n<div class=\"row attributrow\">\n<div class=\"col-sm-10\">Taille d&rsquo;exp\u00e9dition<\/div>\n<div class=\"col-sm-14\">10x10x15cm<\/div>\n<\/div>\n<\/div>\n<\/div>\n<div class=\"row-fluid\">\n<div class=\"col-sm-10 partialHeader\">ACCESSOIRES<\/div>\n<div class=\"col-sm-24\">\n<div class=\"row attributrow\">\n<div class=\"col-sm-10\">Type<\/div>\n<div class=\"col-sm-14\">Focal Reducer \/ Correcteur<\/div>\n<\/div>\n<\/div>\n<div class=\"col-sm-24\">\n<div class=\"row attributrow\">\n<div class=\"col-sm-10\">Facteur d&rsquo;agrandissement<\/div>\n<div class=\"col-sm-14\">0.77x<\/div>\n<\/div>\n<\/div>\n<div class=\"col-sm-24\">\n<div class=\"row attributrow\">\n<div class=\"col-sm-10\">Connexion<\/div>\n<div class=\"col-sm-14\">C\u00f4t\u00e9 cam\u00e9ra M48<\/div>\n<\/div>\n<\/div>\n<div class=\"col-sm-24\">\n<div class=\"row attributrow\">\n<div class=\"col-sm-10\">R\u00e9mun\u00e9ration<\/div>\n<div class=\"col-sm-14\">Multicoating<\/div>\n<\/div>\n<\/div>\n<\/div>\n","protected":false},"excerpt":{"rendered":"<p>Skywatcher 0.77x Focal Reducer\/Korrektor for Evostar-150EDX<br \/>\nC&rsquo;est avec plaisir que je vous accueille sur Teleskopshop.ch et que je vous pr\u00e9sente ce nouveau r\u00e9ducteur\/correcteur Skywatcher.<\/p>\n","protected":false},"featured_media":63733,"comment_status":"closed","ping_status":"closed","template":"","meta":{"_acf_changed":false},"product_brand":[675],"product_cat":[1654,1534,1711,1528,1522,1339,1543],"product_tag":[],"class_list":{"0":"post-63764","1":"product","2":"type-product","3":"status-publish","4":"has-post-thumbnail","6":"product_brand-skywatcher","7":"product_cat-astronomie-accessoires-fr","8":"product_cat-aplatisseurs","9":"product_cat-astrophotographie","10":"product_cat-correcteurs-optiques","11":"product_cat-extensions-optiques","12":"product_cat-optique","13":"product_cat-reducteur","15":"first","16":"instock","17":"taxable","18":"shipping-taxable","19":"purchasable","20":"product-type-simple"},"acf":[],"_links":{"self":[{"href":"https:\/\/www.teleskopshop.ch\/fr\/wp-json\/wp\/v2\/product\/63764","targetHints":{"allow":["GET"]}}],"collection":[{"href":"https:\/\/www.teleskopshop.ch\/fr\/wp-json\/wp\/v2\/product"}],"about":[{"href":"https:\/\/www.teleskopshop.ch\/fr\/wp-json\/wp\/v2\/types\/product"}],"replies":[{"embeddable":true,"href":"https:\/\/www.teleskopshop.ch\/fr\/wp-json\/wp\/v2\/comments?post=63764"}],"wp:featuredmedia":[{"embeddable":true,"href":"https:\/\/www.teleskopshop.ch\/fr\/wp-json\/wp\/v2\/media\/63733"}],"wp:attachment":[{"href":"https:\/\/www.teleskopshop.ch\/fr\/wp-json\/wp\/v2\/media?parent=63764"}],"wp:term":[{"taxonomy":"product_brand","embeddable":true,"href":"https:\/\/www.teleskopshop.ch\/fr\/wp-json\/wp\/v2\/product_brand?post=63764"},{"taxonomy":"product_cat","embeddable":true,"href":"https:\/\/www.teleskopshop.ch\/fr\/wp-json\/wp\/v2\/product_cat?post=63764"},{"taxonomy":"product_tag","embeddable":true,"href":"https:\/\/www.teleskopshop.ch\/fr\/wp-json\/wp\/v2\/product_tag?post=63764"}],"curies":[{"name":"wp","href":"https:\/\/api.w.org\/{rel}","templated":true}]}}