{"id":63761,"date":"2025-07-22T11:07:52","date_gmt":"2025-07-22T09:07:52","guid":{"rendered":"https:\/\/www.teleskopshop.ch\/shop\/non class\u00e9\/skywatcher-esprit-70edx\/"},"modified":"2025-07-22T11:07:52","modified_gmt":"2025-07-22T09:07:52","slug":"skywatcher-esprit-70edx","status":"publish","type":"product","link":"https:\/\/www.teleskopshop.ch\/fr\/shop\/optique\/skywatcher-esprit-70edx\/","title":{"rendered":"Skywatcher Esprit-70EDX"},"content":{"rendered":"<h1>Skywatcher Esprit-70EDX<\/h1>\n<h2>F\/7 SUPER APO TRIPLET R\u00c9FRACTEUR T\u00c9LESCOPE<\/h2>\n<p><strong>Sky-Watcher Esprit, dans un esprit de perfection !<\/strong><\/p>\n<p>Les nouveaux t\u00e9lescopes haut de gamme Esprit EDX de Sky-Watcher, \u00e9quip\u00e9s d&rsquo;une optique apochromatique ED \u00e0 3 \u00e9l\u00e9ments, sont des instruments haut de gamme de la plus haute qualit\u00e9 avec des performances vraiment impressionnantes, \u00e9quivalentes ou m\u00eame sup\u00e9rieures \u00e0 celles des t\u00e9lescopes comparables des marques de t\u00e9lescopes haut de gamme connues.<\/p>\n<p>Les triplets Esprit EDX Super Apo ont \u00e9t\u00e9 con\u00e7us principalement pour les astrophotographes exigeants, mais aussi comme des t\u00e9lescopes raffin\u00e9s pour les observateurs visuels. Le syst\u00e8me optique haut de gamme, superbement corrig\u00e9, fournit des images d\u00e9taill\u00e9es avec un contraste maximal et une imperceptible aberration chromatique, m\u00eame sur les objets les plus brillants avec un contraste et une nettet\u00e9 exceptionnels. <\/p>\n<p>L&rsquo;Esprit-70EDX est un nouveau mod\u00e8le dans la gamme et est particuli\u00e8rement compact, mais avec des performances compl\u00e8tes. Il int\u00e8gre un syst\u00e8me optique f\/7 exceptionnel, qui comprend une lentille premium en verre japonais Hoya FCD100 ED. Chaque surface verre-air a \u00e9t\u00e9 trait\u00e9e avec un rev\u00eatement m\u00e9tallique exotique anti-reflet pour obtenir une transmission lumineuse maximale de 99,5%. Le rev\u00eatement m\u00e9tallique \u00e0 haute transmission (MHTC), propre \u00e0 Sky-Watcher, est le rev\u00eatement antireflet de la plus haute qualit\u00e9 dans sa cat\u00e9gorie !   <\/p>\n<p>L&rsquo;Esprit-70EDX n&rsquo;est pas \u00e9quip\u00e9 d&rsquo;un oculaire rotatif, mais un adaptateur rotatif a \u00e9t\u00e9 install\u00e9 sur le tube d&rsquo;extension pour aider \u00e0 cadrer l&rsquo;image. Pour plus de commodit\u00e9, le t\u00e9lescope est \u00e9quip\u00e9 d&rsquo;une poign\u00e9e de transport. Le dispositif de mise au point lin\u00e9aire \u00e0 double vitesse et \u00e0 cr\u00e9maill\u00e8re, extr\u00eamement stable et usin\u00e9 par CNC, a une grande capacit\u00e9 de charge et aucun jeu, et est \u00e9quip\u00e9 d&rsquo;un tube d&rsquo;extension gradu\u00e9 de 2,8&Prime;. Le t\u00e9lescope est livr\u00e9 dans une valise solide avec un cadre en aluminium et un rev\u00eatement en mousse.   <\/p>\n<p>Un r\u00e9ducteur focal \/ aplatisseur 0,92x (20332) adapt\u00e9 \u00e0 la photographie est disponible en option.<\/p>\n<p><em>Le t\u00e9lescope est livr\u00e9 sans oculaires, miroir z\u00e9nithal et viseur !<\/em><\/p>\n<p><strong>\u00c9quipement<\/strong>:<\/p>\n<ul>\n<li>Diam\u00e8tre de l&rsquo;objectif : 70mm<\/li>\n<li>Longueur focale du t\u00e9lescope : 490mm (f\/7)<\/li>\n<li>Focalisateur lin\u00e9aire de puissance hybride \u00e0 double vitesse 11:1 \u00e0 cr\u00e9maill\u00e8re (fabriqu\u00e9 par CNC)<\/li>\n<li>Tube d&rsquo;extension de 2,8&Prime; avec \u00e9chelle et adaptateur de rotation de 360<\/li>\n<li>Focalisateur sans jeu avec charge utile \u00e9lev\u00e9e<\/li>\n<li>Objectif MHTC multi-coated triplet avec une lentille Hoya FC100 ED<\/li>\n<li>Cache-plongeur r\u00e9tractable<\/li>\n<li>Connecteur d&rsquo;oculaire 2<\/li>\n<li>Sabot de chercheur (compatible avec tous les viseurs Sky-Watcher)<\/li>\n<li>Colliers de serrage en aluminium usin\u00e9s CNC avec poign\u00e9e de transport<\/li>\n<li>Rail de prisme de 45mm<\/li>\n<li>OTA en aluminium avec caches internes<\/li>\n<li>Longueur de l&rsquo;OTA : 368mm (capuchon de corde ins\u00e9r\u00e9), 420mm (capuchon de corde d\u00e9ploy\u00e9)<\/li>\n<li>Poids OTA : 3,2kg<\/li>\n<li>Valise de transport en aluminium<\/li>\n<\/ul>\n<p><strong>Contenu de la livraison :<\/strong><\/p>\n<ul>\n<li>T\u00e9lescope Esprit-70EDX<\/li>\n<li>Colliers de serrage avec poign\u00e9e<\/li>\n<li>Rail de prisme de 45mm<\/li>\n<li>Valise de transport en aluminium<\/li>\n<\/ul>\n<p>&nbsp;<\/p>\n<div class=\"row-fluid\">\n<div class=\"col-sm-10 partialHeader\">G\u00c9N\u00c9RAL<\/div>\n<div class=\"col-sm-24\">\n<div class=\"row attributrow\">\n<div class=\"col-sm-10\">Poids d&rsquo;exp\u00e9dition<\/div>\n<div class=\"col-sm-14\">15.0kg<\/div>\n<\/div>\n<\/div>\n<div class=\"col-sm-24\">\n<div class=\"row attributrow\">\n<div class=\"col-sm-10\">Taille d&rsquo;exp\u00e9dition<\/div>\n<div class=\"col-sm-14\">68x51x40cm<\/div>\n<\/div>\n<\/div>\n<\/div>\n<div class=\"row-fluid\">\n<div class=\"col-sm-10 partialHeader\">OPTIQUE<\/div>\n<div class=\"col-sm-24\">\n<div class=\"row attributrow\">\n<div class=\"col-sm-10\">Type de construction<\/div>\n<div class=\"col-sm-14\">r\u00e9fracteur apochromatique triplet ED<\/div>\n<\/div>\n<\/div>\n<div class=\"col-sm-24\">\n<div class=\"row attributrow\">\n<div class=\"col-sm-10\">Longueur focale (mm)<\/div>\n<div class=\"col-sm-14\">490<\/div>\n<\/div>\n<\/div>\n<div class=\"col-sm-24\">\n<div class=\"row attributrow\">\n<div class=\"col-sm-10\">Ouverture (mm)<\/div>\n<div class=\"col-sm-14\">70<\/div>\n<\/div>\n<\/div>\n<div class=\"col-sm-24\">\n<div class=\"row attributrow\">\n<div class=\"col-sm-10\">Rapport d&rsquo;ouverture<\/div>\n<div class=\"col-sm-14\">f:7<\/div>\n<\/div>\n<\/div>\n<div class=\"col-sm-24\">\n<div class=\"row attributrow\">\n<div class=\"col-sm-10\">Porte-oculaire<\/div>\n<div class=\"col-sm-14\">Focalisateur lin\u00e9aire de puissance 2.8&Prime; \u00e0 double vitesse 11:1 hybride \u00e0 cr\u00e9maill\u00e8re<\/div>\n<\/div>\n<\/div>\n<div class=\"col-sm-24\">\n<div class=\"row attributrow\">\n<div class=\"col-sm-10\">Poids du tube (kg)<\/div>\n<div class=\"col-sm-14\">3.2<\/div>\n<\/div>\n<\/div>\n<\/div>\n","protected":false},"excerpt":{"rendered":"<p>Skywatcher Esprit-70EDX<br \/>\nC&rsquo;est avec plaisir que je vous accueille sur Teleskopshop.ch et que je vous pr\u00e9sente ce nouveau t\u00e9lescope Skywatcher.<\/p>\n","protected":false},"featured_media":63758,"comment_status":"closed","ping_status":"closed","template":"","meta":{"_acf_changed":false},"product_brand":[675],"product_cat":[1339,1618,1612,1567,1609],"product_tag":[],"class_list":{"0":"post-63761","1":"product","2":"type-product","3":"status-publish","4":"has-post-thumbnail","6":"product_brand-skywatcher","7":"product_cat-optique","8":"product_cat-apochromats-ed","9":"product_cat-refracteurs","10":"product_cat-telescopes-fr","11":"product_cat-tubes-optiques-ota","13":"first","14":"instock","15":"sale","16":"taxable","17":"shipping-taxable","18":"purchasable","19":"product-type-simple"},"acf":[],"_links":{"self":[{"href":"https:\/\/www.teleskopshop.ch\/fr\/wp-json\/wp\/v2\/product\/63761","targetHints":{"allow":["GET"]}}],"collection":[{"href":"https:\/\/www.teleskopshop.ch\/fr\/wp-json\/wp\/v2\/product"}],"about":[{"href":"https:\/\/www.teleskopshop.ch\/fr\/wp-json\/wp\/v2\/types\/product"}],"replies":[{"embeddable":true,"href":"https:\/\/www.teleskopshop.ch\/fr\/wp-json\/wp\/v2\/comments?post=63761"}],"wp:featuredmedia":[{"embeddable":true,"href":"https:\/\/www.teleskopshop.ch\/fr\/wp-json\/wp\/v2\/media\/63758"}],"wp:attachment":[{"href":"https:\/\/www.teleskopshop.ch\/fr\/wp-json\/wp\/v2\/media?parent=63761"}],"wp:term":[{"taxonomy":"product_brand","embeddable":true,"href":"https:\/\/www.teleskopshop.ch\/fr\/wp-json\/wp\/v2\/product_brand?post=63761"},{"taxonomy":"product_cat","embeddable":true,"href":"https:\/\/www.teleskopshop.ch\/fr\/wp-json\/wp\/v2\/product_cat?post=63761"},{"taxonomy":"product_tag","embeddable":true,"href":"https:\/\/www.teleskopshop.ch\/fr\/wp-json\/wp\/v2\/product_tag?post=63761"}],"curies":[{"name":"wp","href":"https:\/\/api.w.org\/{rel}","templated":true}]}}