{"id":63725,"date":"2025-07-22T10:38:09","date_gmt":"2025-07-22T08:38:09","guid":{"rendered":"https:\/\/www.teleskopshop.ch\/shop\/non class\u00e9\/skywatcher-evostar-150edx\/"},"modified":"2025-07-22T10:38:09","modified_gmt":"2025-07-22T08:38:09","slug":"skywatcher-evostar-150edx","status":"publish","type":"product","link":"https:\/\/www.teleskopshop.ch\/fr\/shop\/optique\/skywatcher-evostar-150edx\/","title":{"rendered":"Skywatcher Evostar-150EDX"},"content":{"rendered":"<h1>Skywatcher Evostar-150EDX<\/h1>\n<h2>T\u00c9LESCOPE R\u00c9FRACTEUR APOCHROMATIQUE 150MM (6&Prime;) F\/1200 ED<\/h2>\n<p>Le r\u00e9fracteur apochromatique doublet Sky-Watcher Evostar-150ED a subi de fantastiques am\u00e9liorations. Nous sommes heureux de vous pr\u00e9senter le nouveau mod\u00e8le Evostar-150EDX, qui a re\u00e7u un certain nombre d&rsquo;am\u00e9liorations m\u00e9caniques tr\u00e8s utiles. Il est livr\u00e9 dans une belle finition blanche\/verte. L&rsquo;Evostar-150EDX est un excellent instrument aussi bien pour l&rsquo;observation visuelle que pour l&rsquo;utilisation photographique avec tous les accessoires n\u00e9cessaires.   <\/p>\n<p>Le nouvel Evostar-150EDX est d\u00e9sormais \u00e9quip\u00e9 d&rsquo;un dispositif de mise au point \u00e0 cr\u00e9maill\u00e8re de 3&Prime; usin\u00e9 CNC avec \u00e9chelle, d&rsquo;un adaptateur rotatif \u00e0 360\u00b0, d&rsquo;un capuchon de corde r\u00e9tractable et d&rsquo;une poign\u00e9e qui sert \u00e9galement de rail de montage. Il est \u00e9galement \u00e9quip\u00e9 de solides colliers de serrage en aluminium anodis\u00e9 et d&rsquo;un rail de prisme de 75 mm. <\/p>\n<p>Il contient la m\u00eame optique f\/8 \u00e9prouv\u00e9e que le mod\u00e8le pr\u00e9c\u00e9dent, qui comprend une lentille en verre Ohara FPL-53 ED haut de gamme japonais, qui \u00e9limine l&rsquo;aberration chromatique visible. Un r\u00e9ducteur de focale \/ aplatisseur de champ 0.77x (20333) est disponible en option pour la photographie. <\/p>\n<p>L&rsquo;optique fournit des \u00e9toiles d&rsquo;une grande nettet\u00e9 avec un fond de ciel noir comme le goudron et tr\u00e8s contrast\u00e9. Chaque surface verre-air est rev\u00eatue d&rsquo;un traitement m\u00e9tallique exotique qui permet une transmission de la lumi\u00e8re impressionnante de 99,5%. Le rev\u00eatement m\u00e9tallique \u00e0 haute transmittance (MHTC) de Sky-Watcher est l&rsquo;un des rev\u00eatements antireflets les plus fins de sa cat\u00e9gorie.  <\/p>\n<p>Les r\u00e9fracteurs apochromatiques produisent l&rsquo;image optique la plus nette et de la plus haute qualit\u00e9 possible pour cette ouverture, parmi tous les syst\u00e8mes optiques disponibles, gr\u00e2ce \u00e0 leurs figures de diffraction non obstru\u00e9es, semblables \u00e0 celles d&rsquo;un livre d&rsquo;images.<\/p>\n<p>Depuis longtemps, les doublets Evostar-ED sont le meilleur choix de r\u00e9fracteurs photographiques pour de nombreux astrophotographes, gr\u00e2ce \u00e0 leur combinaison d&rsquo;excellentes performances d&rsquo;imagerie et de prix abordable. En raison de l&rsquo;utilisation de peu de verre dans leur construction, ils sont g\u00e9n\u00e9ralement plus l\u00e9gers et donc plus confortables \u00e0 transporter que les triplets comparables ou d&rsquo;autres r\u00e9fracteurs ED multi-lentilles avec cette ouverture. <\/p>\n<p><em>Attention : livr\u00e9 sans oculaires, miroir z\u00e9nithal et viseur<\/em><\/p>\n<p><strong>\u00c9quipement :<\/strong><\/p>\n<ul>\n<li>Agrandissement maximal raisonnable : 300x<\/li>\n<li>Ouverture : 150mm<\/li>\n<li>Distance focale : 1200mm (f\/8)<\/li>\n<li>Focalisateur \u00e0 double vitesse 11:1 3&Prime; \u00e0 cr\u00e9maill\u00e8re (fabriqu\u00e9 par CNC)<\/li>\n<li>Tube d&rsquo;extension de 3&Prime; avec \u00e9chelle et adaptateur de rotation de 360<\/li>\n<li>Objectif multicouche avec traitement MHTC<\/li>\n<li>Cache-plongeur r\u00e9tractable<\/li>\n<li>Connecteur d&rsquo;oculaire 2<\/li>\n<li>Sabot de chercheur compatible avec tous les viseurs Sky-Watcher<\/li>\n<li>Colliers de serrage avec poign\u00e9e<\/li>\n<li>Rail de prisme de 75mm<\/li>\n<li>Aluminium OTA avec diffuseurs<\/li>\n<li>Longueur de l&rsquo;OTA : 1067mm (capuchon de corde ins\u00e9r\u00e9), 1250mm (capuchon de corde d\u00e9ploy\u00e9)<\/li>\n<li>Poids OTA : 15kg<\/li>\n<li>Valise de transport en aluminium<\/li>\n<\/ul>\n<p><strong>Contenu de la livraison :<\/strong><\/p>\n<ul>\n<li>Tube t\u00e9lescopique Evostar-150EDX<\/li>\n<li>Colliers de serrage avec poign\u00e9e<\/li>\n<li>Rail de prisme de 75mm<\/li>\n<li>Valise de transport en aluminium<\/li>\n<\/ul>\n<p><em>Disponibilit\u00e9 pr\u00e9vue pour la fin de l&rsquo;ann\u00e9e<\/em><\/p>\n<div class=\"row-fluid\">\n<div class=\"col-sm-10 partialHeader\">G\u00c9N\u00c9RAL<\/div>\n<div class=\"col-sm-24\">\n<div class=\"row attributrow\">\n<div class=\"col-sm-10\">Poids d&rsquo;exp\u00e9dition<\/div>\n<div class=\"col-sm-14\">28.0kg<\/div>\n<\/div>\n<\/div>\n<div class=\"col-sm-24\">\n<div class=\"row attributrow\">\n<div class=\"col-sm-10\">Taille d&rsquo;exp\u00e9dition<\/div>\n<div class=\"col-sm-14\">150x47x37cm<\/div>\n<\/div>\n<\/div>\n<\/div>\n<div class=\"row-fluid\">\n<div class=\"col-sm-10 partialHeader\">OPTIQUE<\/div>\n<div class=\"col-sm-24\">\n<div class=\"row attributrow\">\n<div class=\"col-sm-10\">Type de construction<\/div>\n<div class=\"col-sm-14\">R\u00e9fracteur apochromatique<\/div>\n<\/div>\n<\/div>\n<div class=\"col-sm-24\">\n<div class=\"row attributrow\">\n<div class=\"col-sm-10\">Longueur focale (mm)<\/div>\n<div class=\"col-sm-14\">1200<\/div>\n<\/div>\n<\/div>\n<div class=\"col-sm-24\">\n<div class=\"row attributrow\">\n<div class=\"col-sm-10\">Ouverture (mm)<\/div>\n<div class=\"col-sm-14\">150<\/div>\n<\/div>\n<\/div>\n<div class=\"col-sm-24\">\n<div class=\"row attributrow\">\n<div class=\"col-sm-10\">Rapport d&rsquo;ouverture<\/div>\n<div class=\"col-sm-14\">f\/8<\/div>\n<\/div>\n<\/div>\n<div class=\"col-sm-24\">\n<div class=\"row attributrow\">\n<div class=\"col-sm-10\">Porte-oculaire<\/div>\n<div class=\"col-sm-14\">Focalisateur \u00e0 double vitesse 11:1 3&Prime; \u00e0 cr\u00e9maill\u00e8re (fabriqu\u00e9 par CNC)<\/div>\n<\/div>\n<\/div>\n<div class=\"col-sm-24\">\n<div class=\"row attributrow\">\n<div class=\"col-sm-10\">Poids du tube (kg)<\/div>\n<div class=\"col-sm-14\">15<\/div>\n<\/div>\n<\/div>\n<\/div>\n","protected":false},"excerpt":{"rendered":"<p>Skywatcher Evostar-150EDX<br \/>\nC&rsquo;est avec plaisir que je vous accueille sur Teleskopshop.ch et que je vous pr\u00e9sente ce nouveau t\u00e9lescope Skywatcher.<\/p>\n","protected":false},"featured_media":63722,"comment_status":"closed","ping_status":"closed","template":"","meta":{"_acf_changed":false},"product_brand":[675],"product_cat":[1339,1618,1612,1567,1609],"product_tag":[],"class_list":{"0":"post-63725","1":"product","2":"type-product","3":"status-publish","4":"has-post-thumbnail","6":"product_brand-skywatcher","7":"product_cat-optique","8":"product_cat-apochromats-ed","9":"product_cat-refracteurs","10":"product_cat-telescopes-fr","11":"product_cat-tubes-optiques-ota","13":"first","14":"instock","15":"sale","16":"taxable","17":"shipping-taxable","18":"purchasable","19":"product-type-simple"},"acf":[],"_links":{"self":[{"href":"https:\/\/www.teleskopshop.ch\/fr\/wp-json\/wp\/v2\/product\/63725","targetHints":{"allow":["GET"]}}],"collection":[{"href":"https:\/\/www.teleskopshop.ch\/fr\/wp-json\/wp\/v2\/product"}],"about":[{"href":"https:\/\/www.teleskopshop.ch\/fr\/wp-json\/wp\/v2\/types\/product"}],"replies":[{"embeddable":true,"href":"https:\/\/www.teleskopshop.ch\/fr\/wp-json\/wp\/v2\/comments?post=63725"}],"wp:featuredmedia":[{"embeddable":true,"href":"https:\/\/www.teleskopshop.ch\/fr\/wp-json\/wp\/v2\/media\/63722"}],"wp:attachment":[{"href":"https:\/\/www.teleskopshop.ch\/fr\/wp-json\/wp\/v2\/media?parent=63725"}],"wp:term":[{"taxonomy":"product_brand","embeddable":true,"href":"https:\/\/www.teleskopshop.ch\/fr\/wp-json\/wp\/v2\/product_brand?post=63725"},{"taxonomy":"product_cat","embeddable":true,"href":"https:\/\/www.teleskopshop.ch\/fr\/wp-json\/wp\/v2\/product_cat?post=63725"},{"taxonomy":"product_tag","embeddable":true,"href":"https:\/\/www.teleskopshop.ch\/fr\/wp-json\/wp\/v2\/product_tag?post=63725"}],"curies":[{"name":"wp","href":"https:\/\/api.w.org\/{rel}","templated":true}]}}