{"id":63681,"date":"2025-07-21T16:31:00","date_gmt":"2025-07-21T14:31:00","guid":{"rendered":"https:\/\/www.teleskopshop.ch\/shop\/non class\u00e9\/skywatcher-evostar-100edx\/"},"modified":"2025-07-21T16:31:00","modified_gmt":"2025-07-21T14:31:00","slug":"skywatcher-evostar-100edx","status":"publish","type":"product","link":"https:\/\/www.teleskopshop.ch\/fr\/shop\/optique\/skywatcher-evostar-100edx\/","title":{"rendered":"Skywatcher Evostar 100EDX"},"content":{"rendered":"<h2>Skywatcher Evostar 100EDX<\/h2>\n<h3>T\u00c9LESCOPE R\u00c9FRACTEUR APOCHROMATIQUE 100MM (4&Prime;) F\/700 ED<\/h3>\n<p>Le r\u00e9fracteur apochromatique doublet Sky-Watcher Evostar-100ED a subi de fantastiques am\u00e9liorations. Nous sommes heureux de pr\u00e9senter le nouveau mod\u00e8le Evostar-100EDX, qui a re\u00e7u un certain nombre d&rsquo;am\u00e9liorations m\u00e9caniques tr\u00e8s utiles. En outre, le rapport d&rsquo;ouverture a \u00e9t\u00e9 am\u00e9lior\u00e9 de f\/9 \u00e0 f\/7, plus facile \u00e0 photographier. Il est livr\u00e9 dans une belle finition blanche\/verte. L&rsquo;Evostar-100EDX est un excellent instrument aussi bien pour l&rsquo;observation visuelle que pour l&rsquo;utilisation photographique avec tous les accessoires n\u00e9cessaires.    <\/p>\n<p>Le nouvel Evostar-100EDX est d\u00e9sormais \u00e9quip\u00e9 d&rsquo;un dispositif de mise au point gradu\u00e9 de 2,8&Prime; agrandi, d&rsquo;un adaptateur rotatif \u00e0 360\u00b0, d&rsquo;un cache-plongeur r\u00e9tractable et d&rsquo;une solide poign\u00e9e.<\/p>\n<p>Il contient une nouvelle optique f\/7 qui comprend une lentille en verre japonais Ohara FPL-53 ED de premi\u00e8re qualit\u00e9, qui \u00e9limine l&rsquo;aberration chromatique visible. Un r\u00e9ducteur de focale \/ aplatisseur de champ 0.92x (20332) adapt\u00e9 \u00e0 la photographie est disponible en option. <\/p>\n<p>L&rsquo;optique fournit des \u00e9toiles d&rsquo;une grande nettet\u00e9 avec un fond de ciel noir comme le goudron et tr\u00e8s contrast\u00e9. Chaque surface verre-air est rev\u00eatue d&rsquo;un traitement m\u00e9tallique exotique qui permet une transmission de la lumi\u00e8re impressionnante de 99,5%. Le rev\u00eatement m\u00e9tallique \u00e0 haute transmittance (MHTC) de Sky-Watcher est l&rsquo;un des rev\u00eatements antireflets les plus fins de sa cat\u00e9gorie.  <\/p>\n<p>Les r\u00e9fracteurs apochromatiques produisent l&rsquo;image optique la plus nette et de la plus haute qualit\u00e9 possible pour cette ouverture, parmi tous les syst\u00e8mes optiques disponibles, gr\u00e2ce \u00e0 leurs figures de diffraction non obstru\u00e9es, semblables \u00e0 celles d&rsquo;un livre d&rsquo;images.<\/p>\n<p>Depuis longtemps, les doublets Evostar-ED sont le meilleur choix de r\u00e9fracteurs photographiques pour de nombreux astrophotographes, gr\u00e2ce \u00e0 leur combinaison d&rsquo;excellentes performances d&rsquo;imagerie et de prix abordable. En raison de l&rsquo;utilisation de peu de verre dans leur construction, ils sont g\u00e9n\u00e9ralement plus l\u00e9gers et donc plus confortables \u00e0 transporter que les triplets comparables ou d&rsquo;autres r\u00e9fracteurs ED multi-lentilles avec cette ouverture. <\/p>\n<p><em>Attention : livr\u00e9 sans oculaires, miroir z\u00e9nithal et viseur<\/em><\/p>\n<p><strong>\u00c9quipement :<\/strong><\/p>\n<ul>\n<li>Agrandissement maximal raisonnable : 200x<\/li>\n<li>Ouverture : 100mm<\/li>\n<li>Distance focale : 700mm (f\/7)<\/li>\n<li>Focalisateur Crayford 11:1 2&Prime; \u00e0 double vitesse<\/li>\n<li>Tube d&rsquo;extension de 2,8&Prime; avec \u00e9chelle et adaptateur de rotation de 360<\/li>\n<li>Objectif multicouche avec traitement MHTC<\/li>\n<li>Cache-plongeur r\u00e9tractable<\/li>\n<li>Connecteur d&rsquo;oculaire 2<\/li>\n<li>Sabot de chercheur compatible avec tous les viseurs Sky-Watcher<\/li>\n<li>Colliers de serrage avec poign\u00e9e<\/li>\n<li>Rail de prisme de 45mm<\/li>\n<li>Aluminium OTA avec diffuseurs<\/li>\n<li>Longueur de l&rsquo;OTA : 570mm (capuchon de corde ins\u00e9r\u00e9), 675mm (capuchon de corde d\u00e9ploy\u00e9)<\/li>\n<li>Poids OTA : 5,5kg<\/li>\n<li>Valise de transport en aluminium<\/li>\n<\/ul>\n<p><strong>Contenu de la livraison :<\/strong><\/p>\n<ul>\n<li>Tube t\u00e9lescopique Evostar-100EDX<\/li>\n<li>Colliers de serrage avec poign\u00e9e<\/li>\n<li>Rail de prisme de 45mm<\/li>\n<li>Valise de transport en aluminium<\/li>\n<\/ul>\n<p><em>Disponibilit\u00e9 pr\u00e9vue pour la fin de l&rsquo;ann\u00e9e<\/em><\/p>\n","protected":false},"excerpt":{"rendered":"<p>Skywatcher Evostar 100EDX<br \/>\nC&rsquo;est avec plaisir que je vous accueille sur Teleskopshop.ch et que je vous pr\u00e9sente ce nouveau t\u00e9lescope Skywatcher.<\/p>\n","protected":false},"featured_media":63670,"comment_status":"closed","ping_status":"closed","template":"","meta":{"_acf_changed":false},"product_brand":[675],"product_cat":[1339,1618,1612,1567,1609],"product_tag":[],"class_list":{"0":"post-63681","1":"product","2":"type-product","3":"status-publish","4":"has-post-thumbnail","6":"product_brand-skywatcher","7":"product_cat-optique","8":"product_cat-apochromats-ed","9":"product_cat-refracteurs","10":"product_cat-telescopes-fr","11":"product_cat-tubes-optiques-ota","13":"first","14":"instock","15":"sale","16":"taxable","17":"shipping-taxable","18":"purchasable","19":"product-type-simple"},"acf":[],"_links":{"self":[{"href":"https:\/\/www.teleskopshop.ch\/fr\/wp-json\/wp\/v2\/product\/63681","targetHints":{"allow":["GET"]}}],"collection":[{"href":"https:\/\/www.teleskopshop.ch\/fr\/wp-json\/wp\/v2\/product"}],"about":[{"href":"https:\/\/www.teleskopshop.ch\/fr\/wp-json\/wp\/v2\/types\/product"}],"replies":[{"embeddable":true,"href":"https:\/\/www.teleskopshop.ch\/fr\/wp-json\/wp\/v2\/comments?post=63681"}],"wp:featuredmedia":[{"embeddable":true,"href":"https:\/\/www.teleskopshop.ch\/fr\/wp-json\/wp\/v2\/media\/63670"}],"wp:attachment":[{"href":"https:\/\/www.teleskopshop.ch\/fr\/wp-json\/wp\/v2\/media?parent=63681"}],"wp:term":[{"taxonomy":"product_brand","embeddable":true,"href":"https:\/\/www.teleskopshop.ch\/fr\/wp-json\/wp\/v2\/product_brand?post=63681"},{"taxonomy":"product_cat","embeddable":true,"href":"https:\/\/www.teleskopshop.ch\/fr\/wp-json\/wp\/v2\/product_cat?post=63681"},{"taxonomy":"product_tag","embeddable":true,"href":"https:\/\/www.teleskopshop.ch\/fr\/wp-json\/wp\/v2\/product_tag?post=63681"}],"curies":[{"name":"wp","href":"https:\/\/api.w.org\/{rel}","templated":true}]}}