{"id":63678,"date":"2025-07-21T16:42:15","date_gmt":"2025-07-21T14:42:15","guid":{"rendered":"https:\/\/www.teleskopshop.ch\/shop\/non class\u00e9\/skywatcher-reducteur-correcteur-focal\/"},"modified":"2025-07-21T16:42:15","modified_gmt":"2025-07-21T14:42:15","slug":"skywatcher-reducteur-correcteur-focal","status":"publish","type":"product","link":"https:\/\/www.teleskopshop.ch\/fr\/shop\/produits-generaux\/skywatcher-reducteur-correcteur-focal\/","title":{"rendered":"Skywatcher R\u00e9ducteur\/correcteur focal"},"content":{"rendered":"<h1>Skywatcher R\u00e9ducteur\/correcteur focal<\/h1>\n<h3>0.92X FOCAL REDUCER \/ CORRECTEUR POUR LES T\u00c9LESCOPES EVOSTAR-100EDX ET ESPRIT-70EDX<\/h3>\n<p>Con\u00e7u pour la photographie et optimis\u00e9 pour les mod\u00e8les de t\u00e9lescopes Evostar-100EDX et Esprit-70EDX, cet accessoire de haute qualit\u00e9 r\u00e9duit la distance focale des t\u00e9lescopes d&rsquo;un facteur 0,92x et permet une correction consid\u00e9rablement am\u00e9lior\u00e9e dans les coins de l&rsquo;image. Pour connecter votre appareil photo, vous pouvez utiliser les adaptateurs Sky-Watcher M48 sur Canon ou Nikon (20237 &amp; 20238). <\/p>\n<p><strong>Contenu de la livraison :<\/strong><\/p>\n<ul>\n<li>Focal Reducer \/ Correcteur<\/li>\n<li>Cache-poussi\u00e8re<\/li>\n<\/ul>\n<p><em>Disponibilit\u00e9 pr\u00e9vue pour la fin de l&rsquo;ann\u00e9e<\/em><\/p>\n<div class=\"row-fluid\">\n<div class=\"col-sm-10 partialHeader\">G\u00c9N\u00c9RAL<\/div>\n<div class=\"col-sm-24\">\n<div class=\"row attributrow\">\n<div class=\"col-sm-10\">Poids d&rsquo;exp\u00e9dition<\/div>\n<div class=\"col-sm-14\">0.4kg<\/div>\n<\/div>\n<\/div>\n<div class=\"col-sm-24\">\n<div class=\"row attributrow\">\n<div class=\"col-sm-10\">Taille d&rsquo;exp\u00e9dition<\/div>\n<div class=\"col-sm-14\">10x10x15cm<\/div>\n<\/div>\n<\/div>\n<\/div>\n<div class=\"row-fluid\">\n<div class=\"col-sm-10 partialHeader\">ACCESSOIRES<\/div>\n<div class=\"col-sm-24\">\n<div class=\"row attributrow\">\n<div class=\"col-sm-10\">Type<\/div>\n<div class=\"col-sm-14\">R\u00e9ducteur \/ Correcteur<\/div>\n<\/div>\n<\/div>\n<div class=\"col-sm-24\">\n<div class=\"row attributrow\">\n<div class=\"col-sm-10\">Facteur d&rsquo;agrandissement<\/div>\n<div class=\"col-sm-14\">0.92x<\/div>\n<\/div>\n<\/div>\n<div class=\"col-sm-24\">\n<div class=\"row attributrow\">\n<div class=\"col-sm-10\">Connexion<\/div>\n<div class=\"col-sm-14\">C\u00f4t\u00e9 cam\u00e9ra M48<\/div>\n<\/div>\n<\/div>\n<div class=\"col-sm-24\">\n<div class=\"row attributrow\">\n<div class=\"col-sm-10\">R\u00e9mun\u00e9ration<\/div>\n<div class=\"col-sm-14\">Multicoating<\/div>\n<\/div>\n<\/div>\n<\/div>\n","protected":false},"excerpt":{"rendered":"<p>Skywatcher Focal Reducer\/Korrektor<br \/>\nJ&rsquo;ai le plaisir de vous pr\u00e9senter ce nouveau r\u00e9ducteur\/correcteur de Skywatcher.<\/p>\n","protected":false},"featured_media":63675,"comment_status":"closed","ping_status":"closed","template":"","meta":{"_acf_changed":false},"product_brand":[675],"product_cat":[1276,1315,1534,1528,1522,1543],"product_tag":[],"class_list":{"0":"post-63678","1":"product","2":"type-product","3":"status-publish","4":"has-post-thumbnail","6":"product_brand-skywatcher","7":"product_cat-produits-generaux","8":"product_cat-accessoires","9":"product_cat-aplatisseurs","10":"product_cat-correcteurs-optiques","11":"product_cat-extensions-optiques","12":"product_cat-reducteur","14":"first","15":"instock","16":"taxable","17":"shipping-taxable","18":"purchasable","19":"product-type-simple"},"acf":[],"_links":{"self":[{"href":"https:\/\/www.teleskopshop.ch\/fr\/wp-json\/wp\/v2\/product\/63678","targetHints":{"allow":["GET"]}}],"collection":[{"href":"https:\/\/www.teleskopshop.ch\/fr\/wp-json\/wp\/v2\/product"}],"about":[{"href":"https:\/\/www.teleskopshop.ch\/fr\/wp-json\/wp\/v2\/types\/product"}],"replies":[{"embeddable":true,"href":"https:\/\/www.teleskopshop.ch\/fr\/wp-json\/wp\/v2\/comments?post=63678"}],"wp:featuredmedia":[{"embeddable":true,"href":"https:\/\/www.teleskopshop.ch\/fr\/wp-json\/wp\/v2\/media\/63675"}],"wp:attachment":[{"href":"https:\/\/www.teleskopshop.ch\/fr\/wp-json\/wp\/v2\/media?parent=63678"}],"wp:term":[{"taxonomy":"product_brand","embeddable":true,"href":"https:\/\/www.teleskopshop.ch\/fr\/wp-json\/wp\/v2\/product_brand?post=63678"},{"taxonomy":"product_cat","embeddable":true,"href":"https:\/\/www.teleskopshop.ch\/fr\/wp-json\/wp\/v2\/product_cat?post=63678"},{"taxonomy":"product_tag","embeddable":true,"href":"https:\/\/www.teleskopshop.ch\/fr\/wp-json\/wp\/v2\/product_tag?post=63678"}],"curies":[{"name":"wp","href":"https:\/\/api.w.org\/{rel}","templated":true}]}}