{"id":63612,"date":"2025-07-17T12:16:56","date_gmt":"2025-07-17T10:16:56","guid":{"rendered":"https:\/\/www.teleskopshop.ch\/shop\/non class\u00e9\/telescope-solaire-skywatcher-heliostar-100ha-100mm-f-8-h-alpha\/"},"modified":"2025-07-17T12:16:56","modified_gmt":"2025-07-17T10:16:56","slug":"telescope-solaire-skywatcher-heliostar-100ha-100mm-f-8-h-alpha","status":"publish","type":"product","link":"https:\/\/www.teleskopshop.ch\/fr\/shop\/optique\/extensions-optiques\/filtre-porte-filtre\/observation-solaire\/telescope-solaire-skywatcher-heliostar-100ha-100mm-f-8-h-alpha\/","title":{"rendered":"T\u00e9lescope solaire Skywatcher Heliostar-100Ha 100mm f\/8 H-Alpha"},"content":{"rendered":"<h2>T\u00e9lescope solaire Skywatcher Heliostar-100Ha 100mm f\/8 H-Alpha<\/h2>\n<p>L&rsquo;HELIOSTAR 100H\u03b1 de Sky-Watcher est un t\u00e9lescope solaire H-Alpha 100mm premium de haute performance, con\u00e7u pour l&rsquo;observateur solaire et le photographe int\u00e9ress\u00e9s, offrant des performances exceptionnelles de 0,5 Angstrom ou mieux. L&rsquo;Heliostar 100H\u03b1 est un outil pr\u00e9cis pour l&rsquo;astronomie solaire et est livr\u00e9 avec de nombreux accessoires, y compris un oculaire grand angle de 22mm 70\u00b0, un prisme de z\u00e9nith solaire et un chercheur solaire. <\/p>\n<p>L&rsquo;observation solaire Hydrog\u00e8ne-Alpha vous permet d&rsquo;observer l&rsquo;incroyable dynamique de la surface du Soleil qu&rsquo;un filtre solaire \u00e0 lumi\u00e8re blanche ne peut pas vous offrir. En commen\u00e7ant par les protub\u00e9rances sur le bord du Soleil, les r\u00e9gions actives des taches solaires, les \u00e9ruptions, la granulation solaire, les filaments de plasma fins et serpentins et bien d&rsquo;autres choses encore que vous pouvez voir ou photographier lors d&rsquo;observations \u00e0 couper le souffle. En observant le Soleil dans la longueur d&rsquo;onde \u00e9troite H-Alpha, l&rsquo;observateur est r\u00e9compens\u00e9 par des observations en temps r\u00e9el passionnantes et impressionnantes de notre \u00e9toile la plus proche, avec son activit\u00e9 ardente et majestueuse.  <\/p>\n<p>L&rsquo;HELIOSTAR-100H\u03b1 utilise une vari\u00e9t\u00e9 de technologies pour prot\u00e9ger l&rsquo;\u0153il humain pendant l&rsquo;observation, y compris un rev\u00eatement qui r\u00e9fl\u00e9chit le rayonnement infrarouge, un filtre sp\u00e9cial qui bloque la chaleur et un filtre qui bloque la lumi\u00e8re UV et emp\u00eache les effets de la lumi\u00e8re parasite. Il utilise une combinaison de filtres avant et arri\u00e8re pour ne laisser entrer que la lumi\u00e8re monochromatique d&rsquo;une longueur d&rsquo;onde de 656,28 nanom\u00e8tres \u00e9mise par les atomes d&rsquo;hydrog\u00e8ne et bloquer toutes les autres longueurs d&rsquo;onde. Cela permet d&rsquo;observer des protub\u00e9rances actives dans la longueur d&rsquo;onde H-Alpha.  <\/p>\n<p>La technologie Solis Etalon de Sky-Watcher permet \u00e0 l&rsquo;Heliostar-100H\u03b1 d&rsquo;avoir une bande passante tr\u00e8s \u00e9troite de seulement 0,5Angstrom sans avoir besoin d&rsquo;un deuxi\u00e8me Etalon co\u00fbteux avec les m\u00eames performances. Cela permet \u00e0 l&rsquo;observateur de faire l&rsquo;exp\u00e9rience du soleil dans des images d\u00e9taill\u00e9es directement \u00ab\u00a0out of the box\u00a0\u00bb sans autres accessoires co\u00fbteux. <\/p>\n<p>Le Sky-Watcher HELIOSTAR-100H\u03b1 est conforme aux exigences de transmission de la norme ISO 12312-2:2015 (filtres pour l&rsquo;observation directe du Soleil). Utilisez toujours le t\u00e9lescope conform\u00e9ment aux instructions et soyez toujours tr\u00e8s prudent lorsque vous observez le Soleil ! <\/p>\n<p><em><strong>Informations sur la s\u00e9curit\u00e9 :<\/strong><\/em><\/p>\n<p><em><strong>Soyez toujours tr\u00e8s prudent lorsque vous observez le soleil. Une utilisation inappropri\u00e9e du t\u00e9lescope peut entra\u00eener des l\u00e9sions oculaires graves et permanentes !<br \/>\nAttention : Le filtre bloquant de 20mm dans le miroir z\u00e9nithal amovible fait partie de l&rsquo;\u00e9quipement de s\u00e9curit\u00e9 Heliostar. N&rsquo;utilisez jamais le t\u00e9lescope avec un autre miroir z\u00e9nithal ! <\/strong><\/em><\/p>\n<p><em>Disponibilit\u00e9 pr\u00e9vue en octobre<\/em><\/p>\n<p><strong>\u00c9quipement :<\/strong><\/p>\n<ul>\n<li>Grossissement (avec l&rsquo;oculaire fourni) : 36,4x<\/li>\n<li>Oculaire (1,25&Prime;) : 22mm, oculaire ultra grand angle 70<\/li>\n<li>Longueur focale du t\u00e9lescope : 800mm (f\/8)<\/li>\n<li>Ouverture : 100mm<\/li>\n<li>Bande passante Etalon : &lt;0,5 Angstrom<\/li>\n<li>M\u00e9thode de r\u00e9glage : R\u00e9glage de la pression<\/li>\n<li>Tuner Sky-Watcher Trifid int\u00e9gr\u00e9 et technologie Solis Etalon<\/li>\n<li>Ouverture de sortie : 20mm<\/li>\n<li>Filtre en bloc de 20 mm<\/li>\n<li>Miroir \u00e0 90\u00b0 (1,25&Prime;) pour le z\u00e9nith solaire<\/li>\n<li>Viseur solaire int\u00e9gr\u00e9<\/li>\n<li>Focalisateur Crayford 2&Prime; \u00e0 double vitesse<\/li>\n<li>Colliers de serrage, poign\u00e9e int\u00e9gr\u00e9e et rail de prisme de 45 mm avec filetage photo 1\/4<\/li>\n<li>Mise au point arri\u00e8re : 20mm<\/li>\n<li>Utilisable avec une cam\u00e9ra CCD via un adaptateur 1,25&Prime; avec backfocus 60mm<\/li>\n<li>Taille de l&rsquo;image du soleil : 7,6mm<\/li>\n<li>Certification de s\u00e9curit\u00e9 : ISO12312-2:2015<\/li>\n<li>Longueur de l&rsquo;OTA : 760mm<\/li>\n<li>Poids de l&rsquo;OTA : 6kg<\/li>\n<li>Mallette incluse<\/li>\n<\/ul>\n<p><strong>Contenu de la livraison :<\/strong><\/p>\n<ul>\n<li>HELIOSTAR-100H\u03b1 Tube t\u00e9lescopique<\/li>\n<li>Miroir \u00e0 z\u00e9nith solaire 1,25<\/li>\n<li>Viseur solaire int\u00e9gr\u00e9<\/li>\n<li>Oculaire 22mm<\/li>\n<li>Colliers de serrage<\/li>\n<li>Rail en queue d&rsquo;aronde 45mm<\/li>\n<li>Mallette de transport<\/li>\n<\/ul>\n","protected":false},"excerpt":{"rendered":"<p>Merci de votre visite sur teleskopshop.ch<\/p>\n<p>Nous avons le plaisir de vous proposer le produit Skywatcher Heliostar-100Ha 100mm f\/8 H-Alpha T\u00e9lescope solaire aux conditions suivantes.<\/p>\n","protected":false},"featured_media":63608,"comment_status":"closed","ping_status":"closed","template":"","meta":{"_acf_changed":false},"product_brand":[675],"product_cat":[1432,1339,1276,1648],"product_tag":[],"class_list":{"0":"post-63612","1":"product","2":"type-product","3":"status-publish","4":"has-post-thumbnail","6":"product_brand-skywatcher","7":"product_cat-observation-solaire","8":"product_cat-optique","9":"product_cat-produits-generaux","10":"product_cat-telescopes-solaires","12":"first","13":"instock","14":"sale","15":"taxable","16":"shipping-taxable","17":"purchasable","18":"product-type-simple"},"acf":[],"_links":{"self":[{"href":"https:\/\/www.teleskopshop.ch\/fr\/wp-json\/wp\/v2\/product\/63612","targetHints":{"allow":["GET"]}}],"collection":[{"href":"https:\/\/www.teleskopshop.ch\/fr\/wp-json\/wp\/v2\/product"}],"about":[{"href":"https:\/\/www.teleskopshop.ch\/fr\/wp-json\/wp\/v2\/types\/product"}],"replies":[{"embeddable":true,"href":"https:\/\/www.teleskopshop.ch\/fr\/wp-json\/wp\/v2\/comments?post=63612"}],"wp:featuredmedia":[{"embeddable":true,"href":"https:\/\/www.teleskopshop.ch\/fr\/wp-json\/wp\/v2\/media\/63608"}],"wp:attachment":[{"href":"https:\/\/www.teleskopshop.ch\/fr\/wp-json\/wp\/v2\/media?parent=63612"}],"wp:term":[{"taxonomy":"product_brand","embeddable":true,"href":"https:\/\/www.teleskopshop.ch\/fr\/wp-json\/wp\/v2\/product_brand?post=63612"},{"taxonomy":"product_cat","embeddable":true,"href":"https:\/\/www.teleskopshop.ch\/fr\/wp-json\/wp\/v2\/product_cat?post=63612"},{"taxonomy":"product_tag","embeddable":true,"href":"https:\/\/www.teleskopshop.ch\/fr\/wp-json\/wp\/v2\/product_tag?post=63612"}],"curies":[{"name":"wp","href":"https:\/\/api.w.org\/{rel}","templated":true}]}}