{"id":63538,"date":"2025-05-07T16:23:03","date_gmt":"2025-05-07T14:23:03","guid":{"rendered":"https:\/\/www.teleskopshop.ch\/shop\/non class\u00e9\/skywatcher-esprit-150-ed-professional\/"},"modified":"2025-05-07T16:23:03","modified_gmt":"2025-05-07T14:23:03","slug":"skywatcher-esprit-150-ed-professional","status":"publish","type":"product","link":"https:\/\/www.teleskopshop.ch\/fr\/shop\/optique\/skywatcher-esprit-150-ed-professional\/","title":{"rendered":"Skywatcher Esprit 150 ED Professional"},"content":{"rendered":"<h2>SKYWATCHER F\/7 SUPER APO TRIPLET R\u00c9FRACTEUR T\u00c9LESCOPE<\/h2>\n<p><strong>L&rsquo;optique t\u00e9lescopique :<\/strong><\/p>\n<p>Nous sommes fiers de vous pr\u00e9senter le nouveau t\u00e9lescope r\u00e9fracteur Skywatcher Professional Esprit 3-Element ED Apochromatique 150mm. Il s&rsquo;agit de t\u00e9lescopes \u00e0 lentilles de la plus haute qualit\u00e9 avec des performances optiques \u00e9quivalentes \u00e0 celles des principaux instruments comparables des fabricants haut de gamme connus et r\u00e9put\u00e9s. <\/p>\n<p>Les t\u00e9lescopes Esprit Super Apo Triplet ont \u00e9t\u00e9 con\u00e7us pour les astrophotographes les plus exigeants, mais ils sont \u00e9galement parfaits pour l&rsquo;observation visuelle. Le syst\u00e8me optique haut de gamme et superbement corrig\u00e9 produit des images tr\u00e8s contrast\u00e9es, pleines de d\u00e9tails et sans aberration chromatique perceptible, m\u00eame lors de l&rsquo;observation des objets les plus brillants. Le focalisateur 3&Prime; LPF permet une charge \u00e9lev\u00e9e de 5 kg sans d\u00e9calage lors de la mise au point. La r\u00e9duction de 11:1 permet une mise au point pr\u00e9cise, m\u00eame sur les objets critiques.   <\/p>\n<p><strong>Contenu de la livraison :<\/strong><\/p>\n<ul>\n<li>T\u00e9lescope 150mm Triplet Super ED Apo<\/li>\n<li>Focalisateur de puissance lin\u00e9aire 3&Prime; avec r\u00e9duction 11:1 avec adaptateur 2&Prime; et 1,25<\/li>\n<li>Miroir z\u00e9nithal de 2 pouces<\/li>\n<li>Oculaire : 28mm 2&Prime; LET<\/li>\n<li>Viseur 9&#215;50 90\u00b0 avec image droite et lat\u00e9rale<\/li>\n<li>Colliers de serrage<\/li>\n<li>Rail de montage<\/li>\n<li>150mm 3-\u00e9l\u00e9ments Super ED Apo avec 1 Ohara-FPL-53 et 2 lentilles en verre de Schott<\/li>\n<li>Valises de transport<\/li>\n<\/ul>\n<p>&nbsp;<\/p>\n<div class=\"row-fluid\">\n<div class=\"col-sm-10 partialHeader\">G\u00c9N\u00c9RAL<\/div>\n<div class=\"col-sm-24\">\n<div class=\"row attributrow\">\n<div class=\"col-sm-10\">Poids d&rsquo;exp\u00e9dition<\/div>\n<div class=\"col-sm-14\">35.7kg<\/div>\n<\/div>\n<\/div>\n<div class=\"col-sm-24\">\n<div class=\"row attributrow\">\n<div class=\"col-sm-10\">Taille d&rsquo;exp\u00e9dition<\/div>\n<div class=\"col-sm-14\">130x56x55cm<\/div>\n<\/div>\n<\/div>\n<\/div>\n<div class=\"row-fluid\">\n<div class=\"col-sm-10 partialHeader\">OPTIQUE<\/div>\n<div class=\"col-sm-24\">\n<div class=\"row attributrow\">\n<div class=\"col-sm-10\">Type de construction<\/div>\n<div class=\"col-sm-14\">r\u00e9fracteur apochromatique triplet ED<\/div>\n<\/div>\n<\/div>\n<div class=\"col-sm-24\">\n<div class=\"row attributrow\">\n<div class=\"col-sm-10\">Longueur focale (mm)<\/div>\n<div class=\"col-sm-14\">1050<\/div>\n<\/div>\n<\/div>\n<div class=\"col-sm-24\">\n<div class=\"row attributrow\">\n<div class=\"col-sm-10\">Ouverture (mm)<\/div>\n<div class=\"col-sm-14\">150<\/div>\n<\/div>\n<\/div>\n<div class=\"col-sm-24\">\n<div class=\"row attributrow\">\n<div class=\"col-sm-10\">Rapport d&rsquo;ouverture<\/div>\n<div class=\"col-sm-14\">f:7<\/div>\n<\/div>\n<\/div>\n<div class=\"col-sm-24\">\n<div class=\"row attributrow\">\n<div class=\"col-sm-10\">Porte-oculaire<\/div>\n<div class=\"col-sm-14\">Focalisateur lin\u00e9aire 3&Prime; avec rapport de r\u00e9duction 11:1<\/div>\n<\/div>\n<\/div>\n<div class=\"col-sm-24\">\n<div class=\"row attributrow\">\n<div class=\"col-sm-10\">Poids du tube (kg)<\/div>\n<div class=\"col-sm-14\">14.7<\/div>\n<\/div>\n<\/div>\n<\/div>\n","protected":false},"excerpt":{"rendered":"<p>Merci de votre visite sur Teleskopshop.ch<\/p>\n<p>Nous sommes heureux de vous offrir la <strong>Skywatcher Esprit 150 ED Professional <\/strong>dans les conditions suivantes.<\/p>\n","protected":false},"featured_media":63521,"comment_status":"closed","ping_status":"closed","template":"","meta":{"_acf_changed":false},"product_brand":[675],"product_cat":[1339,1618,1612,1567,1609],"product_tag":[],"class_list":{"0":"post-63538","1":"product","2":"type-product","3":"status-publish","4":"has-post-thumbnail","6":"product_brand-skywatcher","7":"product_cat-optique","8":"product_cat-apochromats-ed","9":"product_cat-refracteurs","10":"product_cat-telescopes-fr","11":"product_cat-tubes-optiques-ota","13":"first","14":"instock","15":"sale","16":"taxable","17":"shipping-taxable","18":"purchasable","19":"product-type-simple"},"acf":[],"_links":{"self":[{"href":"https:\/\/www.teleskopshop.ch\/fr\/wp-json\/wp\/v2\/product\/63538","targetHints":{"allow":["GET"]}}],"collection":[{"href":"https:\/\/www.teleskopshop.ch\/fr\/wp-json\/wp\/v2\/product"}],"about":[{"href":"https:\/\/www.teleskopshop.ch\/fr\/wp-json\/wp\/v2\/types\/product"}],"replies":[{"embeddable":true,"href":"https:\/\/www.teleskopshop.ch\/fr\/wp-json\/wp\/v2\/comments?post=63538"}],"wp:featuredmedia":[{"embeddable":true,"href":"https:\/\/www.teleskopshop.ch\/fr\/wp-json\/wp\/v2\/media\/63521"}],"wp:attachment":[{"href":"https:\/\/www.teleskopshop.ch\/fr\/wp-json\/wp\/v2\/media?parent=63538"}],"wp:term":[{"taxonomy":"product_brand","embeddable":true,"href":"https:\/\/www.teleskopshop.ch\/fr\/wp-json\/wp\/v2\/product_brand?post=63538"},{"taxonomy":"product_cat","embeddable":true,"href":"https:\/\/www.teleskopshop.ch\/fr\/wp-json\/wp\/v2\/product_cat?post=63538"},{"taxonomy":"product_tag","embeddable":true,"href":"https:\/\/www.teleskopshop.ch\/fr\/wp-json\/wp\/v2\/product_tag?post=63538"}],"curies":[{"name":"wp","href":"https:\/\/api.w.org\/{rel}","templated":true}]}}