{"id":63535,"date":"2025-05-07T16:13:12","date_gmt":"2025-05-07T14:13:12","guid":{"rendered":"https:\/\/www.teleskopshop.ch\/shop\/non class\u00e9\/zwo-mini-guide-scope\/"},"modified":"2025-05-07T16:13:12","modified_gmt":"2025-05-07T14:13:12","slug":"zwo-mini-guide-scope","status":"publish","type":"product","link":"https:\/\/www.teleskopshop.ch\/fr\/shop\/optique\/extensions-optiques\/composants-dalignement\/aides-a-la-poursuite\/zwo-mini-guide-scope\/","title":{"rendered":"ZWO Mini Guide Scope"},"content":{"rendered":"<h3><b>ZWO Mini Guide Scope &#8211; Compact. L\u00e9g\u00e8ret\u00e9 et pr\u00e9cision. Pr\u00e9cis.  <\/b><\/h3>\n<p class=\"p3\">Le site <span class=\"s2\"><b>ZWO Mini Guide Scope<\/b><\/span> est le compl\u00e9ment id\u00e9al de votre \u00e9quipement d&rsquo;astrophotographie &#8211; sp\u00e9cialement con\u00e7u pour des configurations l\u00e9g\u00e8res, sans compromis sur les performances.<\/p>\n<p class=\"p4\"><b>Optimis\u00e9 pour les cam\u00e9ras \u00e0 vis\u00e9e directe<\/b><b><\/b><\/p>\n<p class=\"p3\">Parfaitement adapt\u00e9 aux cam\u00e9ras \u00e0 mini-guidage ZWO populaires (par ex. ASI120MM Mini ou ASI174MM Mini), ce t\u00e9lescope \u00e0 guidage offre une qualit\u00e9 optique brillante avec un ratio <span class=\"s2\"><b>rapport d&rsquo;ouverture de f\/4,6<\/b><\/span> et une <span class=\"s2\"><b>longueur focale de 120 mm<\/b><\/span>.<\/p>\n<p class=\"p4\"><b>L\u00e9ger et stable<\/b><b><\/b><\/p>\n<p class=\"p3\">Avec seulement environ <span class=\"s2\"><b>250 g de poids<\/b><\/span> le Mini Guide Scope ZWO est id\u00e9al pour les configurations mobiles ou les petites montures &#8211; id\u00e9al pour les voyages ou les syst\u00e8mes GoTo compacts.<\/p>\n<p class=\"p4\"><b>Ajustement et montage faciles<\/b><b><\/b><\/p>\n<p class=\"p3\">Gr\u00e2ce \u00e0 l&rsquo;anneau de retenue robuste avec <span class=\"s2\"><b>vis d&rsquo;ajustement r\u00e9glables<\/b><\/span> permet d&rsquo;aligner pr\u00e9cis\u00e9ment le guidescope sur le tube principal. Le site <span class=\"s2\"><b>Le support d&rsquo;oculaire standard de 1,25 pouce<\/b><\/span> et le <span class=\"s2\"><b>Raccord du viseur<\/b><\/span> assurent une compatibilit\u00e9 maximale. <\/p>\n<p class=\"p4\"><b>Contenu de la livraison<\/b><b><\/b><\/p>\n<ul>\n<li>\n<p class=\"p1\">ZWO Mini Guide Scope (ouverture 30 mm, distance focale 120 mm)<\/p>\n<\/li>\n<li>\n<p class=\"p1\">Support avec connecteur de sabot de recherche<\/p>\n<\/li>\n<li>\n<p class=\"p1\">Cache-poussi\u00e8re<\/p>\n<\/li>\n<\/ul>\n<p>&nbsp;<\/p>\n","protected":false},"excerpt":{"rendered":"<p>Merci de votre visite sur Teleskopshop.ch<\/p>\n<p>Nous avons le plaisir de vous proposer le <strong>ZWO Mini Guide Score <\/strong>dans les conditions suivantes.<\/p>\n","protected":false},"featured_media":63512,"comment_status":"closed","ping_status":"closed","template":"","meta":{"_acf_changed":false},"product_brand":[1788],"product_cat":[1791,1654,1465,1711,1444,1522,1339],"product_tag":[],"class_list":{"0":"post-63535","1":"product","2":"type-product","3":"status-publish","4":"has-post-thumbnail","6":"product_brand-zwo-asi","7":"product_cat-commande-astro","8":"product_cat-astronomie-accessoires-fr","9":"product_cat-aides-a-la-poursuite","10":"product_cat-astrophotographie","11":"product_cat-composants-dalignement","12":"product_cat-extensions-optiques","13":"product_cat-optique","15":"first","16":"instock","17":"taxable","18":"shipping-taxable","19":"purchasable","20":"product-type-simple"},"acf":[],"_links":{"self":[{"href":"https:\/\/www.teleskopshop.ch\/fr\/wp-json\/wp\/v2\/product\/63535","targetHints":{"allow":["GET"]}}],"collection":[{"href":"https:\/\/www.teleskopshop.ch\/fr\/wp-json\/wp\/v2\/product"}],"about":[{"href":"https:\/\/www.teleskopshop.ch\/fr\/wp-json\/wp\/v2\/types\/product"}],"replies":[{"embeddable":true,"href":"https:\/\/www.teleskopshop.ch\/fr\/wp-json\/wp\/v2\/comments?post=63535"}],"wp:featuredmedia":[{"embeddable":true,"href":"https:\/\/www.teleskopshop.ch\/fr\/wp-json\/wp\/v2\/media\/63512"}],"wp:attachment":[{"href":"https:\/\/www.teleskopshop.ch\/fr\/wp-json\/wp\/v2\/media?parent=63535"}],"wp:term":[{"taxonomy":"product_brand","embeddable":true,"href":"https:\/\/www.teleskopshop.ch\/fr\/wp-json\/wp\/v2\/product_brand?post=63535"},{"taxonomy":"product_cat","embeddable":true,"href":"https:\/\/www.teleskopshop.ch\/fr\/wp-json\/wp\/v2\/product_cat?post=63535"},{"taxonomy":"product_tag","embeddable":true,"href":"https:\/\/www.teleskopshop.ch\/fr\/wp-json\/wp\/v2\/product_tag?post=63535"}],"curies":[{"name":"wp","href":"https:\/\/api.w.org\/{rel}","templated":true}]}}