{"id":63532,"date":"2025-05-07T16:03:10","date_gmt":"2025-05-07T14:03:10","guid":{"rendered":"https:\/\/www.teleskopshop.ch\/shop\/non class\u00e9\/zwo-asi-120mm-mini\/"},"modified":"2025-05-07T16:03:10","modified_gmt":"2025-05-07T14:03:10","slug":"zwo-asi-120mm-mini","status":"publish","type":"product","link":"https:\/\/www.teleskopshop.ch\/fr\/shop\/astrophotographie\/appareil-photo\/zwo-asi-120mm-mini\/","title":{"rendered":"ZWO ASI 120MM Mini"},"content":{"rendered":"<h3><b>ZWO ASI 120MM Mini &#8211; Votre cam\u00e9ra de guidage parfaite pour l&rsquo;astrophotographie !<\/b><\/h3>\n<p>&nbsp;<\/p>\n<p class=\"p3\">D\u00e9couvrez le contr\u00f4le pr\u00e9cis dont vous avez besoin pour des astrophotographies d&rsquo;une grande nettet\u00e9 ! Le site <span class=\"s2\"><b>ZWO ASI 120MM Mini<\/b><\/span> est l&rsquo;une des cam\u00e9ras de guidage les plus populaires pour les astrophotographes d\u00e9butants et confirm\u00e9s &#8211; petite, l\u00e9g\u00e8re et puissante. <\/p>\n<p class=\"p4\"><span class=\"s3\"> <\/span><b>Excellente sensibilit\u00e9<\/b><b><\/b><\/p>\n<p class=\"p3\">Avec le capteur haute sensibilit\u00e9 <span class=\"s2\"><b>AR0130CS CMOS, le capteur<\/b><\/span> la cam\u00e9ra capture de mani\u00e8re fiable les \u00e9toiles filantes les plus faibles, m\u00eame dans de mauvaises conditions.<\/p>\n<p class=\"p4\"><b>Id\u00e9al pour l&rsquo;autoguidage<\/b><b><\/b><\/p>\n<p class=\"p3\">Gr\u00e2ce \u00e0 sa forme optimis\u00e9e au format mini, elle s&rsquo;int\u00e8gre parfaitement dans les guides hors axe ou les guidescopes. L&rsquo;interface USB 2.0 assure un transfert rapide et stable des donn\u00e9es. <\/p>\n<p class=\"p4\"><b>Plus que du guiding<\/b><b><\/b><\/p>\n<p class=\"p3\">Vous voulez aussi photographier les plan\u00e8tes ou la lune ? Pas de probl\u00e8me &#8211; l&rsquo;ASI 120MM Mini est parfaitement adapt\u00e9e \u00e0 la prise de vue en haute r\u00e9solution d&rsquo;objets lumineux. <\/p>\n<ul>\n<li>Cam\u00e9ra pour le guiding<\/li>\n<li>Capteur 1\/3<\/li>\n<li>ADC 12 bits<\/li>\n<li>35 images par seconde<\/li>\n<\/ul>\n<p class=\"p4\"><b>Contenu de la livraison<\/b><b><\/b><\/p>\n<p class=\"p1\">\n<ul>\n<li>\n<p class=\"p1\">ZWO ASI 120MM Mini<\/p>\n<\/li>\n<li>\n<p class=\"p1\">C\u00e2ble USB<\/p>\n<\/li>\n<li>\n<p class=\"p1\">C\u00e2ble de guidage ST4<\/p>\n<\/li>\n<li>\n<p class=\"p1\">Adaptateur de 1,25<\/p>\n<\/li>\n<li>\n<p class=\"p1\">Bo\u00eete de rangement pratique<\/p>\n<\/li>\n<\/ul>\n<p>&nbsp;<\/p>\n<p class=\"p3\"><span class=\"s2\"><b>Parfaitement compatible<\/b><\/span> avec des logiciels tels que PHD2, ASCOM, SharpCap et bien d&rsquo;autres.<\/p>\n","protected":false},"excerpt":{"rendered":"<p>Merci de votre visite sur Teleskopshop.ch<\/p>\n<p>Nous sommes heureux de vous offrir la <strong>ZWO ASI 120MM Mini <\/strong>\u00e0 ces conditions.<\/p>\n","protected":false},"featured_media":63503,"comment_status":"closed","ping_status":"closed","template":"","meta":{"_acf_changed":false},"product_brand":[1788],"product_cat":[1654,1714,1711],"product_tag":[],"class_list":{"0":"post-63532","1":"product","2":"type-product","3":"status-publish","4":"has-post-thumbnail","6":"product_brand-zwo-asi","7":"product_cat-astronomie-accessoires-fr","8":"product_cat-appareil-photo","9":"product_cat-astrophotographie","11":"first","12":"instock","13":"taxable","14":"shipping-taxable","15":"purchasable","16":"product-type-simple"},"acf":[],"_links":{"self":[{"href":"https:\/\/www.teleskopshop.ch\/fr\/wp-json\/wp\/v2\/product\/63532","targetHints":{"allow":["GET"]}}],"collection":[{"href":"https:\/\/www.teleskopshop.ch\/fr\/wp-json\/wp\/v2\/product"}],"about":[{"href":"https:\/\/www.teleskopshop.ch\/fr\/wp-json\/wp\/v2\/types\/product"}],"replies":[{"embeddable":true,"href":"https:\/\/www.teleskopshop.ch\/fr\/wp-json\/wp\/v2\/comments?post=63532"}],"wp:featuredmedia":[{"embeddable":true,"href":"https:\/\/www.teleskopshop.ch\/fr\/wp-json\/wp\/v2\/media\/63503"}],"wp:attachment":[{"href":"https:\/\/www.teleskopshop.ch\/fr\/wp-json\/wp\/v2\/media?parent=63532"}],"wp:term":[{"taxonomy":"product_brand","embeddable":true,"href":"https:\/\/www.teleskopshop.ch\/fr\/wp-json\/wp\/v2\/product_brand?post=63532"},{"taxonomy":"product_cat","embeddable":true,"href":"https:\/\/www.teleskopshop.ch\/fr\/wp-json\/wp\/v2\/product_cat?post=63532"},{"taxonomy":"product_tag","embeddable":true,"href":"https:\/\/www.teleskopshop.ch\/fr\/wp-json\/wp\/v2\/product_tag?post=63532"}],"curies":[{"name":"wp","href":"https:\/\/api.w.org\/{rel}","templated":true}]}}