{"id":63495,"date":"2025-05-05T11:21:07","date_gmt":"2025-05-05T09:21:07","guid":{"rendered":"https:\/\/www.teleskopshop.ch\/shop\/non class\u00e9\/monture-de-telescope-skywatcher-eq8-rh-pro-synscan\/"},"modified":"2025-05-05T11:21:07","modified_gmt":"2025-05-05T09:21:07","slug":"monture-de-telescope-skywatcher-eq8-rh-pro-synscan","status":"publish","type":"product","link":"https:\/\/www.teleskopshop.ch\/fr\/shop\/montures\/monture-de-telescope-skywatcher-eq8-rh-pro-synscan\/","title":{"rendered":"Monture de t\u00e9lescope Skywatcher EQ8-RH Pro Synscan"},"content":{"rendered":"<h2>SKYWATCHER MONTURE GOTO \u00c9QUATORIALE EXTRA HEAVY DUTY AVEC CODEUR RENISHAW HAUTE R\u00c9SOLUTION<\/h2>\n<p>La nouvelle monture Sky-Watcher EQ8-RH Pro est une formidable \u00e9volution de la tr\u00e8s populaire monture EQ8 Pro. L&rsquo;EQ8-RH est une monture d&rsquo;observatoire \u00e9quatoriale extra-lourde, avec une capacit\u00e9 de charge allant jusqu&rsquo;\u00e0 50 kg. Elle est tr\u00e8s silencieuse et est \u00e9quip\u00e9e du fameux SynScan GoTo avec bo\u00eetier de commande manuelle V.5. La monture peut ainsi rechercher et suivre automatiquement plus de 42 900 objets c\u00e9lestes \u00e0 partir de la vaste base de donn\u00e9es informatique.    <\/p>\n<p>Un tr\u00e9pied \u00e0 colonne lourd est disponible en option pour la monture EQ8-RH. Deux contrepoids de 10 kg chacun et le bo\u00eetier de commande manuelle V.5 sont inclus. La monture peut \u00e9galement \u00eatre utilis\u00e9e sans fil avec un dongle WiFi disponible en option et l&rsquo;application SynScan Pro.   <\/p>\n<p>L&rsquo;EQ8-RH est identique \u00e0 l&rsquo;EQ8-R, mais il est \u00e9quip\u00e9 d&rsquo;un encodeur Renishaw haut de gamme sur l&rsquo;axe de rectitude, qui permet de faire de l&rsquo;astrophotographie sans autoguidage, pour un suivi tr\u00e8s pr\u00e9cis.<\/p>\n<p><strong>La nouvelle EQ8-RH a \u00e9t\u00e9 am\u00e9lior\u00e9e sur de nombreux points :<\/strong><\/p>\n<ul>\n<li>Gestion interne des c\u00e2bles pour \u00e9viter le chaos habituel des c\u00e2bles<\/li>\n<li>Connectivit\u00e9 am\u00e9lior\u00e9e (USB, sorties 12Volt)<\/li>\n<li>Positionnement optimis\u00e9 des moteurs d&rsquo;entra\u00eenement pour un meilleur \u00e9quilibre<\/li>\n<li>Am\u00e9lioration des accouplements sur les essieux pour une meilleure force de r\u00e9tention<\/li>\n<li>Vis de serrage am\u00e9lior\u00e9es sur la pince \u00e0 prisme pour un meilleur confort et une plus grande force de serrage<\/li>\n<li>Transmission par courroie dans l&rsquo;axe de d\u00e9clinaison pour un fonctionnement plus silencieux<\/li>\n<li>Le codeur Renishaw haute r\u00e9solution sur l&rsquo;axe de rectitude permet l&rsquo;astrophotographie sans autoguidage<\/li>\n<\/ul>\n<p>&nbsp;<\/p>\n<p><strong>**La nouvelle monture n&rsquo;est plus \u00e9quip\u00e9e d&rsquo;encodeurs Freedom-Find**.<\/strong><\/p>\n<p>&nbsp;<\/p>\n<p><strong>Contenu de la livraison :<\/strong><\/p>\n<ul>\n<li>Monture EQ8-RH Pro<\/li>\n<li>Bo\u00eetier de commande manuelle SynScan V.5\/c\u00e2ble <\/li>\n<li>2 contrepoids de 10 kg<\/li>\n<\/ul>\n<p>!L&rsquo;alimentation et les piles ne sont pas fournies !<\/p>\n<div class=\"row-fluid\">\n<div class=\"col-sm-10 partialHeader\">G\u00c9N\u00c9RAL<\/div>\n<div class=\"col-sm-24\">\n<div class=\"row attributrow\">\n<div class=\"col-sm-10\">Poids d&rsquo;exp\u00e9dition<\/div>\n<div class=\"col-sm-14\">73kg<\/div>\n<\/div>\n<\/div>\n<div class=\"col-sm-24\">\n<div class=\"row attributrow\">\n<div class=\"col-sm-10\">Taille d&rsquo;exp\u00e9dition<\/div>\n<div class=\"col-sm-14\">66x72x56cm \/ 2pcs 25x13x26cm<\/div>\n<\/div>\n<\/div>\n<\/div>\n<div class=\"row-fluid\">\n<div class=\"col-sm-10 partialHeader\">MONTAGE<\/div>\n<div class=\"col-sm-24\">\n<div class=\"row attributrow\">\n<div class=\"col-sm-10\">Type<\/div>\n<div class=\"col-sm-14\">Monture \u00e9quatoriale motoris\u00e9e avec encodeur Renishaw<\/div>\n<\/div>\n<\/div>\n<div class=\"col-sm-24\">\n<div class=\"row attributrow\">\n<div class=\"col-sm-10\">GoTo<\/div>\n<div class=\"col-sm-14\">oui<\/div>\n<\/div>\n<\/div>\n<div class=\"col-sm-24\">\n<div class=\"row attributrow\">\n<div class=\"col-sm-10\">Max. Charge utile visuelle (kg) <\/div>\n<div class=\"col-sm-14\">50<\/div>\n<\/div>\n<\/div>\n<div class=\"col-sm-24\">\n<div class=\"row attributrow\">\n<div class=\"col-sm-10\">Poids total de la monture (kg)<\/div>\n<div class=\"col-sm-14\">48.4<\/div>\n<\/div>\n<\/div>\n<\/div>\n","protected":false},"excerpt":{"rendered":"<p>Merci de votre visite sur Teleskopshop.ch<\/p>\n<p>Nous sommes heureux de vous offrir la <strong>monture de t\u00e9lescope Skywatcher EQ8-RH Pro Synscan<\/strong> aux conditions suivantes.<\/p>\n","protected":false},"featured_media":63478,"comment_status":"closed","ping_status":"closed","template":"","meta":{"_acf_changed":false},"product_brand":[675],"product_cat":[1279,1333,1288],"product_tag":[],"class_list":{"0":"post-63495","1":"product","2":"type-product","3":"status-publish","4":"has-post-thumbnail","6":"product_brand-skywatcher","7":"product_cat-montures","8":"product_cat-montures-equatoriales","9":"product_cat-montures-go-to","11":"first","12":"instock","13":"sale","14":"taxable","15":"shipping-taxable","16":"purchasable","17":"product-type-simple"},"acf":[],"_links":{"self":[{"href":"https:\/\/www.teleskopshop.ch\/fr\/wp-json\/wp\/v2\/product\/63495","targetHints":{"allow":["GET"]}}],"collection":[{"href":"https:\/\/www.teleskopshop.ch\/fr\/wp-json\/wp\/v2\/product"}],"about":[{"href":"https:\/\/www.teleskopshop.ch\/fr\/wp-json\/wp\/v2\/types\/product"}],"replies":[{"embeddable":true,"href":"https:\/\/www.teleskopshop.ch\/fr\/wp-json\/wp\/v2\/comments?post=63495"}],"wp:featuredmedia":[{"embeddable":true,"href":"https:\/\/www.teleskopshop.ch\/fr\/wp-json\/wp\/v2\/media\/63478"}],"wp:attachment":[{"href":"https:\/\/www.teleskopshop.ch\/fr\/wp-json\/wp\/v2\/media?parent=63495"}],"wp:term":[{"taxonomy":"product_brand","embeddable":true,"href":"https:\/\/www.teleskopshop.ch\/fr\/wp-json\/wp\/v2\/product_brand?post=63495"},{"taxonomy":"product_cat","embeddable":true,"href":"https:\/\/www.teleskopshop.ch\/fr\/wp-json\/wp\/v2\/product_cat?post=63495"},{"taxonomy":"product_tag","embeddable":true,"href":"https:\/\/www.teleskopshop.ch\/fr\/wp-json\/wp\/v2\/product_tag?post=63495"}],"curies":[{"name":"wp","href":"https:\/\/api.w.org\/{rel}","templated":true}]}}