{"id":63444,"date":"2025-04-17T10:19:56","date_gmt":"2025-04-17T08:19:56","guid":{"rendered":"https:\/\/www.teleskopshop.ch\/shop\/non class\u00e9\/zwo-asi-533-mc-pro\/"},"modified":"2025-04-17T10:19:56","modified_gmt":"2025-04-17T08:19:56","slug":"zwo-asi-533-mc-pro","status":"publish","type":"product","link":"https:\/\/www.teleskopshop.ch\/fr\/shop\/astrophotographie\/appareil-photo\/zwo-asi-533-mc-pro\/","title":{"rendered":"ZWO ASI 533 MC-Pro"},"content":{"rendered":"<p class=\"p1\">\n<h2><b>ZWO ASI 533MC-Pro &#8211; La cam\u00e9ra d&rsquo;astronomie couleur pour des images brillantes du ciel profond<\/b><\/h2>\n<p>&nbsp;<\/p>\n<p class=\"p3\">Faites l&rsquo;exp\u00e9rience de l&rsquo;astrophotographie \u00e0 un nouveau niveau : la <span class=\"s2\"><b>ZWO ASI 533MC-Pro<\/b><\/span> est une cam\u00e9ra couleur refroidie puissante, id\u00e9ale pour photographier le ciel profond avec une qualit\u00e9 \u00e9poustouflante. Gr\u00e2ce au capteur CMOS Sony IMX533 de pointe avec une plage dynamique \u00e9lev\u00e9e, un bruit extr\u00eamement faible et une excellente sensibilit\u00e9 \u00e0 la lumi\u00e8re, vous obtiendrez des images d&rsquo;une grande nettet\u00e9 et avec peu de bruit, m\u00eame dans des conditions difficiles. <\/p>\n<p class=\"p3\">Qu&rsquo;il s&rsquo;agisse de galaxies, de n\u00e9buleuses ou d&rsquo;amas d&rsquo;\u00e9toiles, le 533MC-Pro vous offre des images en couleur tr\u00e8s d\u00e9taill\u00e9es sans avoir \u00e0 les retoucher avec des filtres. Le format carr\u00e9 du capteur et l&rsquo;efficacit\u00e9 quantique \u00e9lev\u00e9e vous permettent de capturer plus de ciel &#8211; clair, riche en couleurs et impressionnant. <\/p>\n<p class=\"p4\"><b>Monter \u00e0 bord, d\u00e9coller, s&rsquo;\u00e9merveiller &#8211; avec l&rsquo;ASI 533MC-Pro.<\/b><\/p>\n<table style=\"height: 1127px;\" width=\"585\">\n<thead>\n<tr>\n<th>\n<p class=\"p1\"><b>Caract\u00e9ristique<\/b><\/p>\n<\/th>\n<th>\n<p class=\"p1\"><b>Description<\/b><\/p>\n<\/th>\n<\/tr>\n<\/thead>\n<tbody>\n<tr>\n<td>\n<p class=\"p1\"><b>Capteur<\/b><\/p>\n<\/td>\n<td>\n<p class=\"p1\">Sony IMX533 CMOS, 1&Prime;, r\u00e9tro-\u00e9clair\u00e9<\/p>\n<\/td>\n<\/tr>\n<tr>\n<td>\n<p class=\"p1\"><b>R\u00e9solution<\/b><\/p>\n<\/td>\n<td>\n<p class=\"p1\">3008 x 3008 pixels (9 MP)<\/p>\n<\/td>\n<\/tr>\n<tr>\n<td>\n<p class=\"p1\"><b>Taille des pixels<\/b><\/p>\n<\/td>\n<td>\n<p class=\"p1\">3,76 \u00b5m x 3,76 \u00b5m<\/p>\n<\/td>\n<\/tr>\n<tr>\n<td>\n<p class=\"p1\"><b>Surface du capteur<\/b><\/p>\n<\/td>\n<td>\n<p class=\"p1\">11,3 mm x 11,3 mm (carr\u00e9)<\/p>\n<\/td>\n<\/tr>\n<tr>\n<td>\n<p class=\"p1\"><b>Capteur de couleurs<\/b><\/p>\n<\/td>\n<td>\n<p class=\"p1\">Oui (One Shot Color &#8211; OSC)<\/p>\n<\/td>\n<\/tr>\n<tr>\n<td>\n<p class=\"p1\"><b>Refroidissement<\/b><\/p>\n<\/td>\n<td>\n<p class=\"p1\">R\u00e9frig\u00e9ration \u00e9lectronique en deux \u00e9tapes (jusqu&rsquo;\u00e0 -35 \u00b0C en dessous de l&rsquo;environnement)<\/p>\n<\/td>\n<\/tr>\n<tr>\n<td>\n<p class=\"p1\"><b>Profondeur de bit<\/b><\/p>\n<\/td>\n<td>\n<p class=\"p1\">ADC 14 bits<\/p>\n<\/td>\n<\/tr>\n<tr>\n<td>\n<p class=\"p1\"><b>Bruit de lecture<\/b><\/p>\n<\/td>\n<td>\n<p class=\"p1\">\u00e0 partir d&rsquo;environ 1,0 e- (avec un gain \u00e9lev\u00e9)<\/p>\n<\/td>\n<\/tr>\n<tr>\n<td>\n<p class=\"p1\"><b>Capacit\u00e9 du puits complet<\/b><\/p>\n<\/td>\n<td>\n<p class=\"p1\">environ 50.000 e-<\/p>\n<\/td>\n<\/tr>\n<tr>\n<td>\n<p class=\"p1\"><b>Type d&rsquo;obturateur<\/b><\/p>\n<\/td>\n<td>\n<p class=\"p1\">Obturateur roulant<\/p>\n<\/td>\n<\/tr>\n<tr>\n<td>\n<p class=\"p1\"><b>Amp-Glow<\/b><\/p>\n<\/td>\n<td>\n<p class=\"p1\">Pas d&rsquo;amp-glow disponible<\/p>\n<\/td>\n<\/tr>\n<tr>\n<td>\n<p class=\"p1\"><b>Connexion<\/b><\/p>\n<\/td>\n<td>\n<p class=\"p1\">USB 3.0 \/ ST4 (port autoguideur)<\/p>\n<\/td>\n<\/tr>\n<tr>\n<td>\n<p class=\"p1\"><b>Raccord t\u00e9lescopique<\/b><\/p>\n<\/td>\n<td>\n<p class=\"p1\">M42x0.75 Filetage (T2)<\/p>\n<\/td>\n<\/tr>\n<tr>\n<td>\n<p class=\"p1\"><b>Alimentation \u00e9lectrique Refroidissement<\/b><\/p>\n<\/td>\n<td>\n<p class=\"p1\">12 V CC (2 A recommand\u00e9s)<\/p>\n<\/td>\n<\/tr>\n<tr>\n<td>\n<p class=\"p1\"><b>Focus arri\u00e8re<\/b><\/p>\n<\/td>\n<td>\n<p class=\"p1\">6,5 mm<\/p>\n<\/td>\n<\/tr>\n<tr>\n<td>\n<p class=\"p1\"><b>Poids<\/b><\/p>\n<\/td>\n<td>\n<p class=\"p1\">environ 410 g<\/p>\n<\/td>\n<\/tr>\n<tr>\n<td>\n<p class=\"p1\"><b>Compatibilit\u00e9 des logiciels<\/b><\/p>\n<\/td>\n<td>\n<p class=\"p1\">ASI Studio, SharpCap, NINA, PHD2, etc.<\/p>\n<\/td>\n<\/tr>\n<tr>\n<td>\n<p class=\"p1\"><b>Syst\u00e8mes d&rsquo;exploitation<\/b><\/p>\n<\/td>\n<td>\n<p class=\"p1\">Windows, Mac OS, Linux<\/p>\n<\/td>\n<\/tr>\n<\/tbody>\n<\/table>\n<p>&nbsp;<\/p>\n","protected":false},"excerpt":{"rendered":"<p class=\"p1\">ZWO ASI 533MC-Pro avec capteur refroidi Sony IMX533 fournit des images du ciel profond \u00e0 faible bruit et de haute qualit\u00e9.<\/p>\n","protected":false},"featured_media":63419,"comment_status":"closed","ping_status":"closed","template":"","meta":{"_acf_changed":false},"product_brand":[1788],"product_cat":[1654,1714,1711,1336],"product_tag":[],"class_list":{"0":"post-63444","1":"product","2":"type-product","3":"status-publish","4":"has-post-thumbnail","6":"product_brand-zwo-asi","7":"product_cat-astronomie-accessoires-fr","8":"product_cat-appareil-photo","9":"product_cat-astrophotographie","10":"product_cat-nouvelles-et-promotions","12":"first","13":"instock","14":"taxable","15":"shipping-taxable","16":"purchasable","17":"product-type-simple"},"acf":[],"_links":{"self":[{"href":"https:\/\/www.teleskopshop.ch\/fr\/wp-json\/wp\/v2\/product\/63444","targetHints":{"allow":["GET"]}}],"collection":[{"href":"https:\/\/www.teleskopshop.ch\/fr\/wp-json\/wp\/v2\/product"}],"about":[{"href":"https:\/\/www.teleskopshop.ch\/fr\/wp-json\/wp\/v2\/types\/product"}],"replies":[{"embeddable":true,"href":"https:\/\/www.teleskopshop.ch\/fr\/wp-json\/wp\/v2\/comments?post=63444"}],"wp:featuredmedia":[{"embeddable":true,"href":"https:\/\/www.teleskopshop.ch\/fr\/wp-json\/wp\/v2\/media\/63419"}],"wp:attachment":[{"href":"https:\/\/www.teleskopshop.ch\/fr\/wp-json\/wp\/v2\/media?parent=63444"}],"wp:term":[{"taxonomy":"product_brand","embeddable":true,"href":"https:\/\/www.teleskopshop.ch\/fr\/wp-json\/wp\/v2\/product_brand?post=63444"},{"taxonomy":"product_cat","embeddable":true,"href":"https:\/\/www.teleskopshop.ch\/fr\/wp-json\/wp\/v2\/product_cat?post=63444"},{"taxonomy":"product_tag","embeddable":true,"href":"https:\/\/www.teleskopshop.ch\/fr\/wp-json\/wp\/v2\/product_tag?post=63444"}],"curies":[{"name":"wp","href":"https:\/\/api.w.org\/{rel}","templated":true}]}}