{"id":63443,"date":"2025-04-17T10:41:49","date_gmt":"2025-04-17T08:41:49","guid":{"rendered":"https:\/\/www.teleskopshop.ch\/shop\/non%20class\u00e9\/zwo-asi-533-mm-pro\/"},"modified":"2025-10-15T13:36:44","modified_gmt":"2025-10-15T11:36:44","slug":"zwo-asi-533-mm-pro","status":"publish","type":"product","link":"https:\/\/www.teleskopshop.ch\/fr\/shop\/astronomie-accessoires-fr\/zwo-asi-533-mm-pro\/","title":{"rendered":"ZWO ASI 533MM-Pro"},"content":{"rendered":"<h2><b>ZWO ASI 533MM-Pro &#8211; Pr\u00e9cision monochrome pour la photographie du ciel profond<\/b><\/h2>\n<p class=\"p3\">Le site <span class=\"s2\"><br \/>\n  <b>ZWO ASI 533MM-Pro<\/b><br \/>\n<\/span> est la variante monochrome de la c\u00e9l\u00e8bre s\u00e9rie 533 &#8211; parfaite pour ceux qui recherchent un contr\u00f4le maximal et les d\u00e9tails les plus fins en astrophotographie. Le <span class=\"s2\"><br \/>\n  <b>capteur monochrome Sony IMX533<\/b><br \/>\n<\/span> permet des prises de vue haute r\u00e9solution \u00e0 faible bruit et est id\u00e9al pour les objets du ciel profond tels que les galaxies, les n\u00e9buleuses et les amas d&rsquo;\u00e9toiles. <\/p>\n<p class=\"p3\">Gr\u00e2ce au <span class=\"s2\"><br \/>\n  <b>capteur carr\u00e9<\/b><br \/>\n<\/span> sans amp-glow, le <span class=\"s2\"><br \/>\n  <b>excellent refroidissement<\/b><br \/>\n<\/span> (jusqu&rsquo;\u00e0 -35 \u00b0C en dessous de l&rsquo;environnement) et une <span class=\"s2\"><br \/>\n  <b>une efficacit\u00e9 quantique \u00e9lev\u00e9e<\/b><br \/>\n<\/span> l&rsquo;ASI 533MM-Pro est faite pour les expositions longues avec des filtres (par exemple LRGB ou bande \u00e9troite).<\/p>\n<p class=\"p3\">Elle produit des images nettes et contrast\u00e9es d&rsquo;une profondeur impressionnante, avec un contr\u00f4le total sur chaque canal. Pour ceux qui ne se contentent pas de photographier, mais qui veulent ressentir la <span class=\"s2\"><br \/>\n  <b>sentir l&rsquo;astronomie<\/b><br \/>\n<\/span> souhaitent d\u00e9couvrir l&rsquo;astronomie. <\/p>\n<table>\n<thead>\n<tr>\n<th>\n<p class=\"p1\"><b>Caract\u00e9ristique<\/b><\/p>\n<\/th>\n<th>\n<p class=\"p1\"><b>Description<\/b><\/p>\n<\/th>\n<\/tr>\n<\/thead>\n<tbody>\n<tr>\n<td>\n<p class=\"p1\"><b>Capteur<\/b><\/p>\n<\/td>\n<td>\n<p class=\"p1\">Sony IMX533 (monochrome, r\u00e9tro\u00e9clair\u00e9, 1&Prime;)<\/p>\n<\/td>\n<\/tr>\n<tr>\n<td>\n<p class=\"p1\"><b>R\u00e9solution<\/b><\/p>\n<\/td>\n<td>\n<p class=\"p1\">3008 x 3008 pixels (9 MP)<\/p>\n<\/td>\n<\/tr>\n<tr>\n<td>\n<p class=\"p1\"><b>Taille des pixels<\/b><\/p>\n<\/td>\n<td>\n<p class=\"p1\">3,76 \u00b5m x 3,76 \u00b5m<\/p>\n<\/td>\n<\/tr>\n<tr>\n<td>\n<p class=\"p1\"><b>Surface du capteur<\/b><\/p>\n<\/td>\n<td>\n<p class=\"p1\">11,3 mm x 11,3 mm (carr\u00e9)<\/p>\n<\/td>\n<\/tr>\n<tr>\n<td>\n<p class=\"p1\"><b>Capteur de couleurs<\/b><\/p>\n<\/td>\n<td>\n<p class=\"p1\">Non (monochrome &#8211; id\u00e9al pour la photographie avec filtre)<\/p>\n<\/td>\n<\/tr>\n<tr>\n<td>\n<p class=\"p1\"><b>Refroidissement<\/b><\/p>\n<\/td>\n<td>\n<p class=\"p1\">R\u00e9frig\u00e9ration \u00e9lectronique en deux \u00e9tapes (jusqu&rsquo;\u00e0 -35 \u00b0C en dessous de l&rsquo;environnement)<\/p>\n<\/td>\n<\/tr>\n<tr>\n<td>\n<p class=\"p1\"><b>Profondeur de bit<\/b><\/p>\n<\/td>\n<td>\n<p class=\"p1\">ADC 14 bits<\/p>\n<\/td>\n<\/tr>\n<tr>\n<td>\n<p class=\"p1\"><b>Bruit de lecture<\/b><\/p>\n<\/td>\n<td>\n<p class=\"p1\">\u00e0 partir d&rsquo;environ 1,0 e-<\/p>\n<\/td>\n<\/tr>\n<tr>\n<td>\n<p class=\"p1\"><b>Capacit\u00e9 du puits complet<\/b><\/p>\n<\/td>\n<td>\n<p class=\"p1\">environ 50.000 e-<\/p>\n<\/td>\n<\/tr>\n<tr>\n<td>\n<p class=\"p1\"><b>Amp-Glow<\/b><\/p>\n<\/td>\n<td>\n<p class=\"p1\">Pas d&rsquo;amp-glow disponible<\/p>\n<\/td>\n<\/tr>\n<tr>\n<td>\n<p class=\"p1\"><b>Type d&rsquo;obturateur<\/b><\/p>\n<\/td>\n<td>\n<p class=\"p1\">Obturateur roulant<\/p>\n<\/td>\n<\/tr>\n<tr>\n<td>\n<p class=\"p1\"><b>Connexion<\/b><\/p>\n<\/td>\n<td>\n<p class=\"p1\">USB 3.0 \/ ST4 (port autoguideur)<\/p>\n<\/td>\n<\/tr>\n<tr>\n<td>\n<p class=\"p1\"><b>Raccord t\u00e9lescopique<\/b><\/p>\n<\/td>\n<td>\n<p class=\"p1\">M42x0.75 Filetage (T2)<\/p>\n<\/td>\n<\/tr>\n<tr>\n<td>\n<p class=\"p1\"><b>Alimentation \u00e9lectrique Refroidissement<\/b><\/p>\n<\/td>\n<td>\n<p class=\"p1\">12 V CC (2 A recommand\u00e9s)<\/p>\n<\/td>\n<\/tr>\n<tr>\n<td>\n<p class=\"p1\"><b>Focus arri\u00e8re<\/b><\/p>\n<\/td>\n<td>\n<p class=\"p1\">6,5 mm<\/p>\n<\/td>\n<\/tr>\n<tr>\n<td>\n<p class=\"p1\"><b>Poids<\/b><\/p>\n<\/td>\n<td>\n<p class=\"p1\">environ 410 g<\/p>\n<\/td>\n<\/tr>\n<tr>\n<td>\n<p class=\"p1\"><b>Compatibilit\u00e9 des logiciels<\/b><\/p>\n<\/td>\n<td>\n<p class=\"p1\">ASI Studio, NINA, SharpCap, PHD2, etc.<\/p>\n<\/td>\n<\/tr>\n<tr>\n<td>\n<p class=\"p1\"><b>Syst\u00e8mes d&rsquo;exploitation<\/b><\/p>\n<\/td>\n<td>\n<p class=\"p1\">Windows, Mac OS, Linux<\/p>\n<\/td>\n<\/tr>\n<\/tbody>\n<\/table>\n","protected":false},"excerpt":{"rendered":"<p>Merci de votre visite sur Teleskopshop.ch<\/p>\n<p>Nous sommes heureux de pouvoir vous offrir la cam\u00e9ra d&rsquo;astronomie <strong>ZWO ASI 533MM-Pro<\/strong>.<\/p>\n","protected":false},"featured_media":63436,"comment_status":"closed","ping_status":"closed","template":"","meta":{"_acf_changed":false},"product_brand":[1788],"product_cat":[1654,1714,1711,1336],"product_tag":[],"class_list":{"0":"post-63443","1":"product","2":"type-product","3":"status-publish","4":"has-post-thumbnail","6":"product_brand-zwo-asi","7":"product_cat-astronomie-accessoires-fr","8":"product_cat-appareil-photo","9":"product_cat-astrophotographie","10":"product_cat-nouvelles-et-promotions","12":"first","13":"instock","14":"taxable","15":"shipping-taxable","16":"purchasable","17":"product-type-simple"},"acf":[],"_links":{"self":[{"href":"https:\/\/www.teleskopshop.ch\/fr\/wp-json\/wp\/v2\/product\/63443","targetHints":{"allow":["GET"]}}],"collection":[{"href":"https:\/\/www.teleskopshop.ch\/fr\/wp-json\/wp\/v2\/product"}],"about":[{"href":"https:\/\/www.teleskopshop.ch\/fr\/wp-json\/wp\/v2\/types\/product"}],"replies":[{"embeddable":true,"href":"https:\/\/www.teleskopshop.ch\/fr\/wp-json\/wp\/v2\/comments?post=63443"}],"wp:featuredmedia":[{"embeddable":true,"href":"https:\/\/www.teleskopshop.ch\/fr\/wp-json\/wp\/v2\/media\/63436"}],"wp:attachment":[{"href":"https:\/\/www.teleskopshop.ch\/fr\/wp-json\/wp\/v2\/media?parent=63443"}],"wp:term":[{"taxonomy":"product_brand","embeddable":true,"href":"https:\/\/www.teleskopshop.ch\/fr\/wp-json\/wp\/v2\/product_brand?post=63443"},{"taxonomy":"product_cat","embeddable":true,"href":"https:\/\/www.teleskopshop.ch\/fr\/wp-json\/wp\/v2\/product_cat?post=63443"},{"taxonomy":"product_tag","embeddable":true,"href":"https:\/\/www.teleskopshop.ch\/fr\/wp-json\/wp\/v2\/product_tag?post=63443"}],"curies":[{"name":"wp","href":"https:\/\/api.w.org\/{rel}","templated":true}]}}