{"id":63366,"date":"2025-03-18T10:54:00","date_gmt":"2025-03-18T09:54:00","guid":{"rendered":"https:\/\/www.teleskopshop.ch\/shop\/non class\u00e9\/zwo-asi-2600mc-air\/"},"modified":"2025-03-18T10:54:00","modified_gmt":"2025-03-18T09:54:00","slug":"zwo-asi-2600mc-air","status":"publish","type":"product","link":"https:\/\/www.teleskopshop.ch\/fr\/shop\/astrophotographie\/appareil-photo\/zwo-asi-2600mc-air\/","title":{"rendered":"ZWO ASI 2600MC-Air"},"content":{"rendered":"<div>\n<div>Cam\u00e9ra d&rsquo;astronomie ZWO ASI 2600MC-Air<br \/>\navec puce APS-C<\/div>\n<div><img decoding=\"async\" src=\"https:\/\/login01.myfactory.cloud\/FotoZumstein\/CustomUpload\/374O357O340O370O356O369O350O335O359O366O371O366O341O360O370O360O366O365O345O372O364O370O371O356O360O365O320O326O\/154.jpg?dp=1&amp;DocumentID=1775265&amp;DocMail=-1\"><\/div>\n<div><\/div>\n<div><strong>Capteur principal<\/strong><\/div>\n<div>Le capteur principal IMX571 est au format APS-C et a 26MP. Sa taille est de 23,5 mm en largeur x 15,7 mm en hauteur et sa diagonale est de 28,3 mm. La petite taille de pixel de 3,76um x 3,76um abrite une profondeur d&rsquo;image impressionnante de 50ke. Avec la nouvelle technologie mat\u00e9rielle, elle est m\u00eame \u00e9tendue \u00e0 73ke.  <\/div>\n<div><\/div>\n<div><img decoding=\"async\" src=\"https:\/\/login01.myfactory.cloud\/FotoZumstein\/CustomUpload\/374O357O340O370O356O369O350O335O359O366O371O366O341O360O370O360O366O365O345O372O364O370O371O356O360O365O320O326O\/151.jpg?dp=1&amp;DocumentID=1775197&amp;DocMail=-1\"><\/div>\n<\/div>\n<div><\/div>\n<div><\/div>\n<div>\n<div><strong>Capteur guide<\/strong><\/div>\n<div>Le capteur SC2210 de la mini-cam\u00e9ra ASI220MM se caract\u00e9rise par une tr\u00e8s haute sensibilit\u00e9. La valeur de cr\u00eate QE atteint 92% \u00e0 500nm. Le bruit de lecture est de seulement 0,6e. En tant que nouvelle g\u00e9n\u00e9ration de capteur de guidage, il a obtenu de grands r\u00e9sultats en mati\u00e8re de guidage, ce qui a \u00e9t\u00e9 prouv\u00e9 par des centaines d&rsquo;astrophotographes.   <\/div>\n<div><\/div>\n<div><img decoding=\"async\" src=\"https:\/\/login01.myfactory.cloud\/FotoZumstein\/CustomUpload\/374O357O340O370O356O369O350O335O359O366O371O366O341O360O370O360O366O365O345O372O364O370O371O356O360O365O320O326O\/152.jpg?dp=1&amp;DocumentID=1775199&amp;DocMail=-1\"><\/div>\n<div><\/div>\n<div>\n<p>&nbsp;<\/p>\n<p><b>Aller plus loin avec le syst\u00e8me d\u00e9velopp\u00e9 en interne par ZWO<\/b><\/p>\n<p>Gr\u00e2ce aux technologies brevet\u00e9es de ZWO, notre syst\u00e8me garantit des performances astrophotographiques stables. Les mises \u00e0 jour continues des applications maintiennent votre appareil \u00e0 jour avec les derni\u00e8res fonctionnalit\u00e9s, am\u00e9liorent votre exp\u00e9rience utilisateur et \u00e9largissent vos possibilit\u00e9s. <\/p>\n<p><img decoding=\"async\" src=\"https:\/\/login01.myfactory.cloud\/FotoZumstein\/CustomUpload\/374O357O340O370O356O369O350O335O359O366O371O366O341O360O370O360O366O365O345O372O364O370O371O356O360O365O320O326O\/153.jpg?dp=1&amp;DocumentID=1775245&amp;DocMail=-1\"><\/p>\n<p>&nbsp;<\/p>\n<p><b>Contr\u00f4le total de l&rsquo;ensemble de votre gr\u00e9ement du bout des doigts<\/b><\/p>\n<p>Avec l&rsquo;application ASIAIR Smart, vous pouvez facilement contr\u00f4ler le suivi, l&rsquo;imagerie, la monture et le dispositif de mise au point \u00e9lectronique, le tout \u00e0 partir de votre smartphone. L&rsquo;application prend en charge plusieurs modes de prise de vue, ce qui permet aux d\u00e9butants d&rsquo;apprendre rapidement et de prendre des photos de qualit\u00e9 professionnelle. <\/p>\n<p><b>Post-traitement et partage instantan\u00e9s<\/b><\/p>\n<p>Live Stack est pris en charge pendant votre session d&rsquo;enregistrement. Vous pouvez \u00e9galement r\u00e9gler la luminosit\u00e9, le contraste et d&rsquo;autres param\u00e8tres sur l&rsquo;image finale. Vous pouvez imm\u00e9diatement partager vos chefs-d&rsquo;\u0153uvre sur les plateformes de m\u00e9dias sociaux et les communaut\u00e9s d&rsquo;astronomie pour mettre en valeur votre travail.  <\/p>\n<ul>\n<li>Capteur APS-C : 26 MP, ADC 16 bits, pas de recuit d&rsquo;amplification<\/li>\n<li>256 Go de m\u00e9moire eMMC<\/li>\n<li>2 Go de m\u00e9moire DDR<\/li>\n<li>Wi-Fi bi-bande 5G\/2.4G<\/li>\n<li>Interfaces multiples : USB 2.0, DC 12V 10A, Type-C<\/li>\n<li>Haute vitesse de transfert de donn\u00e9es : 138 Mo\/s en lecture, 112 Mo\/s en \u00e9criture<\/li>\n<li>Empilage intelligent en direct<\/li>\n<li>Module Bluetooth int\u00e9gr\u00e9 pour une connexion sans fil avec l&rsquo;AM3\/AM5<\/li>\n<\/ul>\n<\/div>\n<\/div>\n","protected":false},"excerpt":{"rendered":"<p>Cam\u00e9ra d&rsquo;astronomie ZWO ASI 2600MC-Air avec puce de guidage<\/p>\n","protected":false},"featured_media":63286,"comment_status":"closed","ping_status":"closed","template":"","meta":{"_acf_changed":false},"product_brand":[1788],"product_cat":[1654,1714,1711],"product_tag":[],"class_list":{"0":"post-63366","1":"product","2":"type-product","3":"status-publish","4":"has-post-thumbnail","6":"product_brand-zwo-asi","7":"product_cat-astronomie-accessoires-fr","8":"product_cat-appareil-photo","9":"product_cat-astrophotographie","11":"first","12":"instock","13":"taxable","14":"shipping-taxable","15":"purchasable","16":"product-type-simple"},"acf":[],"_links":{"self":[{"href":"https:\/\/www.teleskopshop.ch\/fr\/wp-json\/wp\/v2\/product\/63366","targetHints":{"allow":["GET"]}}],"collection":[{"href":"https:\/\/www.teleskopshop.ch\/fr\/wp-json\/wp\/v2\/product"}],"about":[{"href":"https:\/\/www.teleskopshop.ch\/fr\/wp-json\/wp\/v2\/types\/product"}],"replies":[{"embeddable":true,"href":"https:\/\/www.teleskopshop.ch\/fr\/wp-json\/wp\/v2\/comments?post=63366"}],"wp:featuredmedia":[{"embeddable":true,"href":"https:\/\/www.teleskopshop.ch\/fr\/wp-json\/wp\/v2\/media\/63286"}],"wp:attachment":[{"href":"https:\/\/www.teleskopshop.ch\/fr\/wp-json\/wp\/v2\/media?parent=63366"}],"wp:term":[{"taxonomy":"product_brand","embeddable":true,"href":"https:\/\/www.teleskopshop.ch\/fr\/wp-json\/wp\/v2\/product_brand?post=63366"},{"taxonomy":"product_cat","embeddable":true,"href":"https:\/\/www.teleskopshop.ch\/fr\/wp-json\/wp\/v2\/product_cat?post=63366"},{"taxonomy":"product_tag","embeddable":true,"href":"https:\/\/www.teleskopshop.ch\/fr\/wp-json\/wp\/v2\/product_tag?post=63366"}],"curies":[{"name":"wp","href":"https:\/\/api.w.org\/{rel}","templated":true}]}}