{"id":63362,"date":"2025-03-26T13:52:43","date_gmt":"2025-03-26T12:52:43","guid":{"rendered":"https:\/\/www.teleskopshop.ch\/shop\/non class\u00e9\/acuter-traverse-mount-tenue-de-style-de-vie\/"},"modified":"2025-03-26T13:52:43","modified_gmt":"2025-03-26T12:52:43","slug":"acuter-traverse-mount-tenue-de-style-de-vie","status":"publish","type":"product","link":"https:\/\/www.teleskopshop.ch\/fr\/shop\/montures\/montures-de-voyage\/acuter-traverse-mount-tenue-de-style-de-vie\/","title":{"rendered":"Acuter Traverse Mount (tenue de style de vie)"},"content":{"rendered":"<h2>Acuter Traverse Mount (tenue de style de vie)<\/h2>\n<h2>Monture astronomique GoTo WLAN\/Bluetooth contr\u00f4l\u00e9e par ordinateur avec tr\u00e9pied<\/h2>\n<p>L&rsquo;impressionnante monture innovante Acuter Traverse Lifestyle est \u00e0 la fois une monture GoTo azimutale facile \u00e0 transporter et contr\u00f4l\u00e9e par ordinateur pour l&rsquo;astronomie et une monture puissante pour la photographie en acc\u00e9l\u00e9r\u00e9 avec votre smartphone.<\/p>\n<p>Avec les interfaces Bluetooth et WLAN int\u00e9gr\u00e9es, il est con\u00e7u pour \u00eatre utilis\u00e9 sans r\u00e9seau WLAN disponible et peut \u00eatre contr\u00f4l\u00e9 sans fil depuis votre smartphone ou tablette avec l&rsquo;application Acuter Sky ou Acuter Landscape pour iOS ou Android.<\/p>\n<p>La monture Acuter Traverse avec l&rsquo;application Acuter Sky permet un contr\u00f4le GoTo enti\u00e8rement informatis\u00e9 des t\u00e9lescopes compacts pesant jusqu&rsquo;\u00e0 2,5 kg. Elle permet de se diriger automatiquement vers plus de 11 000 objets du ciel \u00e9toil\u00e9 contenus dans la vaste base de donn\u00e9es. Apr\u00e8s avoir saisi les coordonn\u00e9es de votre position dans l&rsquo;application, vous suivez une proc\u00e9dure d&rsquo;alignement simple et vous \u00eates pr\u00eat \u00e0 explorer l&rsquo;univers gr\u00e2ce au menu intuitif de l&rsquo;\u00e9cran tactile de l&rsquo;application.  <\/p>\n<p>L&rsquo;utilisation de la monture Acuter Traverse avec le kit de time-lapse et de paysage inclus vous permet de r\u00e9aliser des photos et des vid\u00e9os time-lapse cr\u00e9atives et inspirantes avec des perspectives et des panoramas inhabituels et int\u00e9ressants avec votre smartphone. L&rsquo;application permet un contr\u00f4le complet de la vitesse, de la dur\u00e9e d&rsquo;enregistrement, de l&rsquo;angle et de la direction du panoramique, ainsi que du nombre de panoramas. <\/p>\n<p><strong><em>*Attention : le tube t\u00e9lescopique, le smartphone et la banque d&rsquo;alimentation externe, qui apparaissent sur les photos, ne sont pas inclus. Ne convient pas pour une utilisation avec des appareils photo normaux.* <\/em><\/strong><\/p>\n<p><strong>Donn\u00e9es techniques :<\/strong><\/p>\n<ul>\n<li>Contr\u00f4le : Acuter Sky App (mode Astronomy Go-To) ou Acuter Landscape App (mode Time Lapse*). *Attention : le mode Time Lapse doit \u00eatre support\u00e9 par votre smartphone. <\/li>\n<li>Syst\u00e8mes d&rsquo;exploitation pris en charge : iOS (iPhone, iPad, iPod touch 12.0 ou ult\u00e9rieur) \/ MacOS (11.0 ou ult\u00e9rieur \/ Mac avec chipset Apple M1 ou ult\u00e9rieur) \/ : Android OS (6.0 ou ult\u00e9rieur)<\/li>\n<li>Base de donn\u00e9es d&rsquo;objets Acuter Sky Celestial : 11,000+ objets<\/li>\n<li>M\u00e9thode d&rsquo;alignement Go-To : alignement 1, 2 ou 3 \u00e9toiles<\/li>\n<li>Connexion : Via Bluetooth ou WLAN<\/li>\n<li>Port SNAP (non disponible en mode acc\u00e9l\u00e9r\u00e9)<\/li>\n<li>Moteur d&rsquo;entra\u00eenement : DC Servo Motor<\/li>\n<li>Alimentation en tension : DC 5V &#8211; 6.5V, 1A. (4 piles AA, non incluses, ou externe via le port USB-C) <\/li>\n<li>compartiment \u00e0 piles int\u00e9gr\u00e9<\/li>\n<li>Hauteur maximale (t\u00eate de montage incluse) : 1600mm (jambes du tr\u00e9pied \u00e9tendues au maximum)<\/li>\n<li>Hauteur minimale (t\u00eate de montage incluse) : 780mm (jambes du tr\u00e9pied ins\u00e9r\u00e9es)<\/li>\n<li>Traverse T\u00eate de montage : charge maximale de 2,5 kg, raccord de cam\u00e9ra 3\/8&Prime; &amp; pince \u00e0 queue d&rsquo;aronde 45 mm <\/li>\n<li>largeur autoris\u00e9e pour le smartphone : 55mm \u00e0 85mm<\/li>\n<li>Tr\u00e9pied Acuter T8 (pieds extensibles en aluminium \u00e0 3 sections)<\/li>\n<li>Poids de la t\u00eate de montage de la traverse : 0.82kg<\/li>\n<li>Poids du kit Time-Lapse : 0.92kg<\/li>\n<li>Poids du tr\u00e9pied : 1.3kg<\/li>\n<li>Comprend une poche pour t\u00e9l\u00e9phone portable \u00e0 accrocher \u00e0 la t\u00eate du tr\u00e9pied Crochet pour accueillir une banque d&rsquo;alimentation externe<\/li>\n<li>Sac de transport inclus<\/li>\n<\/ul>\n<p><strong>Contenu de la livraison :<\/strong><\/p>\n<ul>\n<li>Traverse Monture T\u00eate<\/li>\n<li>Kit d&rsquo;acc\u00e9l\u00e9ration<\/li>\n<li>Tr\u00e9pied<\/li>\n<li>\u00c9tui pour t\u00e9l\u00e9phone portable<\/li>\n<li>Sac de transport<\/li>\n<\/ul>\n<p>&nbsp;<\/p>\n<p>!L&rsquo;alimentation et les piles ne sont pas fournies !<\/p>\n<div class=\"row-fluid\">\n<div class=\"col-sm-10 partialHeader\">G\u00c9N\u00c9RAL<\/div>\n<div class=\"col-sm-24\">\n<div class=\"row attributrow\">\n<div class=\"col-sm-10\">Poids d&rsquo;exp\u00e9dition<\/div>\n<div class=\"col-sm-14\">5kg<\/div>\n<\/div>\n<\/div>\n<div class=\"col-sm-24\">\n<div class=\"row attributrow\">\n<div class=\"col-sm-10\">Taille d&rsquo;exp\u00e9dition<\/div>\n<div class=\"col-sm-14\">18x30x80cm<\/div>\n<\/div>\n<\/div>\n<\/div>\n<div class=\"row-fluid\">\n<div class=\"col-sm-10 partialHeader\">MONTAGE<\/div>\n<div class=\"col-sm-24\">\n<div class=\"row attributrow\">\n<div class=\"col-sm-10\">Type<\/div>\n<div class=\"col-sm-14\">Monture azimutale<\/div>\n<\/div>\n<\/div>\n<div class=\"col-sm-24\">\n<div class=\"row attributrow\">\n<div class=\"col-sm-10\">GoTo<\/div>\n<div class=\"col-sm-14\">oui<\/div>\n<\/div>\n<\/div>\n<div class=\"col-sm-24\">\n<div class=\"row attributrow\">\n<div class=\"col-sm-10\">Max. Charge utile visuelle (kg) <\/div>\n<div class=\"col-sm-14\">2.5<\/div>\n<\/div>\n<\/div>\n<div class=\"col-sm-24\">\n<div class=\"row attributrow\">\n<div class=\"col-sm-10\">Poids total de la monture (kg)<\/div>\n<div class=\"col-sm-14\">3<\/div>\n<\/div>\n<\/div>\n<\/div>\n","protected":false},"excerpt":{"rendered":"<p>Merci de votre visite sur Teleskopshop.ch<\/p>\n<p>Acuter Traverse Mount (Lifestyle Outfit) La monture id\u00e9ale pour votre smartphone. Pour la photographie d&rsquo;\u00e9toiles ou de paysages, c&rsquo;est la pi\u00e8ce id\u00e9ale ! <\/p>\n","protected":false},"featured_media":63349,"comment_status":"closed","ping_status":"closed","template":"","meta":{"_acf_changed":false},"product_brand":[678],"product_cat":[1279,1291],"product_tag":[],"class_list":{"0":"post-63362","1":"product","2":"type-product","3":"status-publish","4":"has-post-thumbnail","6":"product_brand-acuter","7":"product_cat-montures","8":"product_cat-montures-de-voyage","10":"first","11":"instock","12":"taxable","13":"shipping-taxable","14":"purchasable","15":"product-type-simple"},"acf":[],"_links":{"self":[{"href":"https:\/\/www.teleskopshop.ch\/fr\/wp-json\/wp\/v2\/product\/63362","targetHints":{"allow":["GET"]}}],"collection":[{"href":"https:\/\/www.teleskopshop.ch\/fr\/wp-json\/wp\/v2\/product"}],"about":[{"href":"https:\/\/www.teleskopshop.ch\/fr\/wp-json\/wp\/v2\/types\/product"}],"replies":[{"embeddable":true,"href":"https:\/\/www.teleskopshop.ch\/fr\/wp-json\/wp\/v2\/comments?post=63362"}],"wp:featuredmedia":[{"embeddable":true,"href":"https:\/\/www.teleskopshop.ch\/fr\/wp-json\/wp\/v2\/media\/63349"}],"wp:attachment":[{"href":"https:\/\/www.teleskopshop.ch\/fr\/wp-json\/wp\/v2\/media?parent=63362"}],"wp:term":[{"taxonomy":"product_brand","embeddable":true,"href":"https:\/\/www.teleskopshop.ch\/fr\/wp-json\/wp\/v2\/product_brand?post=63362"},{"taxonomy":"product_cat","embeddable":true,"href":"https:\/\/www.teleskopshop.ch\/fr\/wp-json\/wp\/v2\/product_cat?post=63362"},{"taxonomy":"product_tag","embeddable":true,"href":"https:\/\/www.teleskopshop.ch\/fr\/wp-json\/wp\/v2\/product_tag?post=63362"}],"curies":[{"name":"wp","href":"https:\/\/api.w.org\/{rel}","templated":true}]}}