{"id":63361,"date":"2025-03-18T11:21:44","date_gmt":"2025-03-18T10:21:44","guid":{"rendered":"https:\/\/www.teleskopshop.ch\/shop\/non class\u00e9\/zwo-asi-585mc-pro\/"},"modified":"2025-03-18T11:21:44","modified_gmt":"2025-03-18T10:21:44","slug":"zwo-asi-585mc-pro","status":"publish","type":"product","link":"https:\/\/www.teleskopshop.ch\/fr\/shop\/astrophotographie\/appareil-photo\/zwo-asi-585mc-pro\/","title":{"rendered":"ZWO ASI 585MC Pro"},"content":{"rendered":"<p>ZWO ASI 585MC Pro<\/p>\n<div>\n<div>L&rsquo;ASI585MC Pro est la nouvelle cam\u00e9ra ZWO pour le ciel profond, bas\u00e9e sur un capteur CMOS 4k SONY au format 1\/1,2\u2033 et 2,9\u03bcm de pixels. Elle a une super haute sensibilit\u00e9 et une grande r\u00e9solution de 3840*2160 (8,29MP au total). Elle se caract\u00e9rise \u00e9galement par des vitesses de transfert \u00e9lev\u00e9es &#8211; en mode haute vitesse, la cadence rapide peut atteindre 47 images par seconde en pleine r\u00e9solution !  <\/div>\n<div>En tant que cam\u00e9ra DSO d&rsquo;entr\u00e9e de gamme, elle pr\u00e9sente le grand avantage d&rsquo;\u00eatre tr\u00e8s rentable.<\/div>\n<div><\/div>\n<\/div>\n<div><img decoding=\"async\" src=\"https:\/\/login01.myfactory.cloud\/FotoZumstein\/CustomUpload\/374O357O340O370O356O369O350O335O359O366O371O366O341O360O370O360O366O365O345O372O364O370O371O356O360O365O320O326O\/41.jpg?dp=1&amp;DocumentID=1671024&amp;DocMail=-1\"><\/div>\n<div><\/div>\n<div><strong>Une cam\u00e9ra pour tout<\/strong><\/div>\n<div>Gr\u00e2ce \u00e0 la technologie STARVIS 2, l&rsquo;ASI585MC Pro offre des performances d&rsquo;imagerie encore meilleures que les autres cam\u00e9ras refroidies. Sa cadence d&rsquo;images \u00e9lev\u00e9e la rend adapt\u00e9e non seulement \u00e0 la photographie DSO, mais aussi \u00e0 la photographie solaire, lunaire et plan\u00e9taire. <\/div>\n<div><\/div>\n<div><img decoding=\"async\" src=\"https:\/\/login01.myfactory.cloud\/FotoZumstein\/CustomUpload\/374O357O340O370O356O369O350O335O359O366O371O366O341O360O370O360O366O365O345O372O364O370O371O356O360O365O320O326O\/44.jpg?dp=1&amp;DocumentID=1671025&amp;DocMail=-1\"><\/div>\n<div><\/div>\n<div><\/div>\n<div>\n<div><strong>Grande capacit\u00e9 de puits plein<\/strong><\/div>\n<div>La structure r\u00e9tro-\u00e9clair\u00e9e am\u00e9liore la capacit\u00e9 full-well de la cam\u00e9ra. M\u00eame avec des pixels de 2,9\u03bcm, l&rsquo;ASI585MC Pro a une capacit\u00e9 full-well de 40ke-, presque trois fois plus que le capteur IMX485 de derni\u00e8re g\u00e9n\u00e9ration. Une plus grande capacit\u00e9 Full-Well conf\u00e8re \u00e0 la cam\u00e9ra une plus grande efficacit\u00e9 de collecte de la lumi\u00e8re, peut emp\u00eacher efficacement la surexposition de la zone de haute lumi\u00e8re et am\u00e9liorer le rapport signal\/bruit.  <\/div>\n<div><\/div>\n<div><\/div>\n<div><strong>Z\u00e9ro Amp Glow<\/strong><\/div>\n<div>L&rsquo;ASI585MC Pro affiche des images sombres extr\u00eamement propres sans lueur d&rsquo;amplification ! Quelle que soit la dur\u00e9e d&rsquo;exposition et la valeur du gain, vous pouvez facilement obtenir des images astro propres et lisses ! <\/div>\n<div>Remarque : cette fonction est impl\u00e9ment\u00e9e directement au niveau mat\u00e9riel, elle ne n\u00e9cessite pas de contr\u00f4le logiciel.<\/div>\n<div><\/div>\n<div>\n<div><strong>Refroidissement TEC \u00e0 deux niveaux<\/strong><\/div>\n<div>Gr\u00e2ce au refroidissement TEC \u00e0 deux niveaux, l&rsquo;ASI585MC Pro peut abaisser la temp\u00e9rature du capteur CMOS \u00e0 plus de 35 degr\u00e9s Celsius en dessous de la temp\u00e9rature ambiante, ce qui peut r\u00e9duire consid\u00e9rablement la g\u00e9n\u00e9ration de courant d&rsquo;obscurit\u00e9 et le bruit du capteur, m\u00eame avec des temps d&rsquo;exposition plus longs.<\/div>\n<div><\/div>\n<div>*Le Delta T 35\u2103 a \u00e9t\u00e9 test\u00e9 \u00e0 une temp\u00e9rature ambiante de 30\u2103. Il peut baisser si le syst\u00e8me de refroidissement est utilis\u00e9 pendant une p\u00e9riode prolong\u00e9e. Lorsque la temp\u00e9rature ambiante diminue, le delta T diminue \u00e9galement.  <\/div>\n<div><\/div>\n<div>\n<div><strong>Faible bruit de lecture, plage dynamique \u00e9lev\u00e9e<\/strong><\/div>\n<div><\/div>\n<div>La cam\u00e9ra dispose d&rsquo;un mode HCG int\u00e9gr\u00e9 qui peut r\u00e9duire efficacement le bruit de lecture \u00e0 gain \u00e9lev\u00e9 et permet \u00e0 la cam\u00e9ra de conserver la m\u00eame plage dynamique \u00e9lev\u00e9e qu&rsquo;\u00e0 faible gain.<\/div>\n<div><\/div>\n<div>Lorsque le gain atteint 252, le mode HCG est automatiquement activ\u00e9 et la plage dynamique atteint une valeur proche de 11 bits. Dans ce cas, le bruit de lecture peut atteindre 0,7e. <\/div>\n<div><\/div>\n<div><img decoding=\"async\" src=\"https:\/\/login01.myfactory.cloud\/FotoZumstein\/CustomUpload\/374O357O340O370O356O369O350O335O359O366O371O366O341O360O370O360O366O365O345O372O364O370O371O356O360O365O320O326O\/42.jpg?dp=1&amp;DocumentID=1671026&amp;DocMail=-1\"><\/div>\n<\/div>\n<div>\n<ul>\n<li>Capteur couleur Sony IMX585<\/li>\n<li>8.29 MP<\/li>\n<li>Capteur 11.2&#215;6.3mm<\/li>\n<li>47 images par seconde<\/li>\n<li>Taille de pixel de 2.9um<\/li>\n<\/ul>\n<\/div>\n<\/div>\n<\/div>\n","protected":false},"excerpt":{"rendered":"<p class=\"p1\">La ZWO ASI585MC Pro est une cam\u00e9ra couleur refroidie avec capteur Sony IMX585, haute sensibilit\u00e9 et faible bruit. Elle est adapt\u00e9e \u00e0 la photographie du ciel profond et des plan\u00e8tes gr\u00e2ce \u00e0 l&rsquo;USB 3.0 et au refroidissement Peltier. <\/p>\n","protected":false},"featured_media":63291,"comment_status":"closed","ping_status":"closed","template":"","meta":{"_acf_changed":false},"product_brand":[1788],"product_cat":[1654,1714,1711],"product_tag":[],"class_list":{"0":"post-63361","1":"product","2":"type-product","3":"status-publish","4":"has-post-thumbnail","6":"product_brand-zwo-asi","7":"product_cat-astronomie-accessoires-fr","8":"product_cat-appareil-photo","9":"product_cat-astrophotographie","11":"first","12":"instock","13":"taxable","14":"shipping-taxable","15":"purchasable","16":"product-type-simple"},"acf":[],"_links":{"self":[{"href":"https:\/\/www.teleskopshop.ch\/fr\/wp-json\/wp\/v2\/product\/63361","targetHints":{"allow":["GET"]}}],"collection":[{"href":"https:\/\/www.teleskopshop.ch\/fr\/wp-json\/wp\/v2\/product"}],"about":[{"href":"https:\/\/www.teleskopshop.ch\/fr\/wp-json\/wp\/v2\/types\/product"}],"replies":[{"embeddable":true,"href":"https:\/\/www.teleskopshop.ch\/fr\/wp-json\/wp\/v2\/comments?post=63361"}],"wp:featuredmedia":[{"embeddable":true,"href":"https:\/\/www.teleskopshop.ch\/fr\/wp-json\/wp\/v2\/media\/63291"}],"wp:attachment":[{"href":"https:\/\/www.teleskopshop.ch\/fr\/wp-json\/wp\/v2\/media?parent=63361"}],"wp:term":[{"taxonomy":"product_brand","embeddable":true,"href":"https:\/\/www.teleskopshop.ch\/fr\/wp-json\/wp\/v2\/product_brand?post=63361"},{"taxonomy":"product_cat","embeddable":true,"href":"https:\/\/www.teleskopshop.ch\/fr\/wp-json\/wp\/v2\/product_cat?post=63361"},{"taxonomy":"product_tag","embeddable":true,"href":"https:\/\/www.teleskopshop.ch\/fr\/wp-json\/wp\/v2\/product_tag?post=63361"}],"curies":[{"name":"wp","href":"https:\/\/api.w.org\/{rel}","templated":true}]}}