{"id":63357,"date":"2025-03-18T09:21:52","date_gmt":"2025-03-18T08:21:52","guid":{"rendered":"https:\/\/www.teleskopshop.ch\/shop\/non class\u00e9\/zwo-asiair-plus-256g\/"},"modified":"2025-03-18T09:21:52","modified_gmt":"2025-03-18T08:21:52","slug":"zwo-asiair-plus-256g","status":"publish","type":"product","link":"https:\/\/www.teleskopshop.ch\/fr\/shop\/astronomie-accessoires-fr\/astrophotographie\/zwo-asiair-plus-256g\/","title":{"rendered":"ZWO ASIAIR Plus 256G"},"content":{"rendered":"<div><strong>D\u00e9couvrez l&rsquo;ASIAIR Plus : votre porte d&rsquo;entr\u00e9e vers l&rsquo;astrophotographie<\/strong><\/div>\n<div><\/div>\n<div>\u00cates-vous pr\u00eat \u00e0 faire passer votre passion pour l&rsquo;astrophotographie au niveau sup\u00e9rieur ? Alors l&rsquo;ASIAIR Plus est exactement ce qu&rsquo;il vous faut ! Ce contr\u00f4leur compact et puissant de ZWO est le compagnon id\u00e9al de vos aventures astronomiques. Jetons un coup d&rsquo;\u0153il ensemble aux caract\u00e9ristiques et avantages impressionnants que l&rsquo;ASIAIR Plus a \u00e0 offrir.   <\/div>\n<div><\/div>\n<div><strong>Design compact, performances exceptionnelles<\/strong><\/div>\n<div><\/div>\n<div>L&rsquo;ASIAIR Plus est un v\u00e9ritable concentr\u00e9 de puissance dans un bo\u00eetier compact. Avec sa petite taille et son bo\u00eetier en aluminium robuste, il se glisse parfaitement dans votre sac d&rsquo;\u00e9quipement et peut facilement vous accompagner dans toutes vos exp\u00e9ditions dans le ciel \u00e9toil\u00e9. Malgr\u00e9 sa compacit\u00e9, il regorge de technologies de pointe qui vous aideront \u00e0 prendre des photos \u00e9poustouflantes du ciel nocturne.  <\/div>\n<div><\/div>\n<div><strong>Utilisation facile via une application<\/strong><\/div>\n<div><\/div>\n<div>L&rsquo;utilisation de l&rsquo;ASIAIR Plus ne pourrait pas \u00eatre plus simple. L&rsquo;application ASIAIR, disponible pour iOS et Android, vous permet de contr\u00f4ler votre t\u00e9lescope et votre cam\u00e9ra sans fil. Configurez facilement vos prises de vue depuis votre smartphone ou votre tablette et surveillez leur progression en temps r\u00e9el. L&rsquo;interface intuitive de l&rsquo;application facilite l&rsquo;obtention rapide de r\u00e9sultats impressionnants, m\u00eame pour les d\u00e9butants.   <\/div>\n<div><\/div>\n<div><strong>Compatibilit\u00e9 polyvalente<\/strong><\/div>\n<div><\/div>\n<div>Quel que soit l&rsquo;\u00e9quipement que vous poss\u00e9dez d\u00e9j\u00e0, l&rsquo;ASIAIR Plus est probablement compatible avec lui. Il prend en charge une grande vari\u00e9t\u00e9 de cam\u00e9ras et de t\u00e9lescopes, ce qui vous permet d&rsquo;int\u00e9grer votre \u00e9quipement existant de mani\u00e8re transparente. Il offre \u00e9galement de nombreuses options de connectivit\u00e9, dont l&rsquo;USB 3.0, pour garantir un transfert de donn\u00e9es rapide et fiable.  <\/div>\n<div><\/div>\n<div><strong>Des fonctionnalit\u00e9s puissantes<\/strong><\/div>\n<div><\/div>\n<div>Avec l&rsquo;ASIAIR Plus, vous avez acc\u00e8s \u00e0 une multitude de fonctions puissantes qui vous aident \u00e0 tirer le meilleur parti de vos observations. Il s&rsquo;agit entre autres de <\/div>\n<div>&#8211; Autoguidage : Suivez automatiquement le mouvement des objets c\u00e9lestes et corrigez les moindres impr\u00e9cisions en temps r\u00e9el.<br \/>\n&#8211; Traitement d&rsquo;image : enregistrez et traitez vos images directement sur l&rsquo;appareil, sans logiciel suppl\u00e9mentaire.<br \/>\n&#8211; Live-Stacking : combinez plusieurs prises de vue en temps r\u00e9el pour faire ressortir les d\u00e9tails et les couleurs des objets faiblement lumineux.<br \/>\n&#8211; S\u00e9quencement : planifiez et automatisez vos sessions d&rsquo;enregistrement \u00e0 l&rsquo;avance afin de pouvoir vous concentrer pleinement sur l&rsquo;observation.<\/div>\n<div><\/div>\n<div><strong>Des performances fiables, m\u00eame dans des conditions difficiles<\/strong><\/div>\n<div><\/div>\n<div>L&rsquo;ASIAIR Plus a \u00e9t\u00e9 con\u00e7u pour fonctionner dans les conditions les plus difficiles. Sa construction robuste et son \u00e9lectronique fiable lui permettent de fonctionner parfaitement, m\u00eame \u00e0 basse temp\u00e9rature et dans des conditions d&rsquo;humidit\u00e9 \u00e9lev\u00e9es. Vous pouvez donc \u00eatre s\u00fbr que votre \u00e9quipement ne vous laissera jamais tomber, quelles que soient les conditions extr\u00eames.  <\/div>\n<div><\/div>\n<div><\/div>\n<div><strong>Votre compagnon id\u00e9al pour l&rsquo;astrophotographie<\/strong><\/div>\n<div>Avec l&rsquo;ASIAIR Plus de ZWO, vous disposez d&rsquo;un outil puissant, convivial et polyvalent qui vous aidera \u00e0 faire passer votre astrophotographie \u00e0 un niveau sup\u00e9rieur. Que vous soyez un astronome exp\u00e9riment\u00e9 ou un d\u00e9butant curieux, l&rsquo;ASIAIR Plus vous offre tout ce dont vous avez besoin pour capturer le ciel nocturne dans toute sa splendeur. Pr\u00eat pour votre prochaine exp\u00e9dition dans le ciel \u00e9toil\u00e9 ? Alors attrapez votre ASIAIR Plus et commencez d\u00e8s aujourd&rsquo;hui !   <\/div>\n","protected":false},"excerpt":{"rendered":"<p>Contr\u00f4leur ZWO ASIAIR Plus 256G pour l&rsquo;astrophotographie. Parfait pour les d\u00e9butants et les professionnels. <\/p>\n","protected":false},"featured_media":63256,"comment_status":"closed","ping_status":"closed","template":"","meta":{"_acf_changed":false},"product_brand":[1788],"product_cat":[1654,1711,1791,1721],"product_tag":[],"class_list":{"0":"post-63357","1":"product","2":"type-product","3":"status-publish","4":"has-post-thumbnail","6":"product_brand-zwo-asi","7":"product_cat-astronomie-accessoires-fr","8":"product_cat-astrophotographie","9":"product_cat-commande-astro","10":"product_cat-computer-hardware-pour-telescopes-fr","12":"first","13":"instock","14":"taxable","15":"shipping-taxable","16":"purchasable","17":"product-type-simple"},"acf":[],"_links":{"self":[{"href":"https:\/\/www.teleskopshop.ch\/fr\/wp-json\/wp\/v2\/product\/63357","targetHints":{"allow":["GET"]}}],"collection":[{"href":"https:\/\/www.teleskopshop.ch\/fr\/wp-json\/wp\/v2\/product"}],"about":[{"href":"https:\/\/www.teleskopshop.ch\/fr\/wp-json\/wp\/v2\/types\/product"}],"replies":[{"embeddable":true,"href":"https:\/\/www.teleskopshop.ch\/fr\/wp-json\/wp\/v2\/comments?post=63357"}],"wp:featuredmedia":[{"embeddable":true,"href":"https:\/\/www.teleskopshop.ch\/fr\/wp-json\/wp\/v2\/media\/63256"}],"wp:attachment":[{"href":"https:\/\/www.teleskopshop.ch\/fr\/wp-json\/wp\/v2\/media?parent=63357"}],"wp:term":[{"taxonomy":"product_brand","embeddable":true,"href":"https:\/\/www.teleskopshop.ch\/fr\/wp-json\/wp\/v2\/product_brand?post=63357"},{"taxonomy":"product_cat","embeddable":true,"href":"https:\/\/www.teleskopshop.ch\/fr\/wp-json\/wp\/v2\/product_cat?post=63357"},{"taxonomy":"product_tag","embeddable":true,"href":"https:\/\/www.teleskopshop.ch\/fr\/wp-json\/wp\/v2\/product_tag?post=63357"}],"curies":[{"name":"wp","href":"https:\/\/api.w.org\/{rel}","templated":true}]}}